{"id":188,"date":"2017-05-03T17:23:11","date_gmt":"2017-05-03T17:23:11","guid":{"rendered":"http:\/\/plantasdobrasil.com.br\/curso-de-dendrologia\/?page_id=188"},"modified":"2017-07-11T00:13:39","modified_gmt":"2017-07-11T00:13:39","slug":"nome-comum","status":"publish","type":"page","link":"https:\/\/plantasdobrasil.com.br\/curso-de-dendrologia\/introducao-a-dendrologia\/nomes-das-arvores\/nome-comum\/","title":{"rendered":"Nome Comum"},"content":{"rendered":"<p>Os nomes populares, tamb\u00e9m ditos comuns, vernaculares ou vulgares, s\u00e3o os nomes que as pessoas deram para as plantas e que foram passando de gera\u00e7\u00e3o para gera\u00e7\u00e3o atrav\u00e9s da cultura popular, como um tipo de &#8220;batismo&#8221;.<\/p>\n<p>De maneira geral s\u00e3o muito vari\u00e1veis, definindo poucas vezes com precis\u00e3o uma esp\u00e9cie bot\u00e2nica.<\/p>\n<p><!--more--><\/p>\n<p>O nome popular em geral est\u00e1 limitado a um determinado idioma \u2013 o nome popular de uma planta em portugu\u00eas dificilmente seria o mesmo em ingl\u00eas, por exemplo. Al\u00e9m disso, dentro de um pa\u00eds t\u00e3o grande e com tanta diversidade cultural como \u00e9 o nosso, os nomes populares de uma mesma esp\u00e9cie variam de regi\u00e3o para regi\u00e3o.<\/p>\n<p>Assim, para a mesma esp\u00e9cie podem existir dezenas de nomes comuns. Por exemplo, para a esp\u00e9cie <a href=\"http:\/\/plantasdobrasil.com.br\/curso-de-dendrologia\/parapiptadenia-rigida\/\"><em>Parapiptadenia rigida<\/em><\/a>, conhecida genericamente como angico, Rizzini (1971) apresenta dez nomes comuns, Reitz et al. (1978) dezenove nomes, Inoue et al. (1984), sete nomes e Carvalho (1994) nada menos do que 35 nomes. Por outro lado, um mesmo nome comum pode ser usado para designar mais de uma esp\u00e9cie.<\/p>\n<p>O mesmo nome angico \u00e9 usado para designar diversas esp\u00e9cies de diferentes g\u00eaneros como <em><a href=\"http:\/\/plantasdobrasil.com.br\/curso-de-dendrologia\/tag\/anadenanthera\/\">Anadenanthera<\/a>, <a href=\"http:\/\/plantasdobrasil.com.br\/curso-de-dendrologia\/tag\/parapiptadenia\/\">Parapiptadenia<\/a><\/em> e <a href=\"http:\/\/plantasdobrasil.com.br\/curso-de-dendrologia\/tag\/piptadenia\/\"><em>Piptadenia<\/em><\/a>. O nome cambar\u00e1 pode ser <em>Lantana camara<\/em> (Verbenaceae), <a href=\"http:\/\/plantasdobrasil.com.br\/curso-de-dendrologia\/moquiniastrum-polymorphum\/\"><em>Moquiniastrum polymorphum<\/em><\/a> (Asteraceae) ou <em><a href=\"http:\/\/plantasdobrasil.com.br\/curso-de-dendrologia\/vochysia-divergens\/\">Vochysia divergens<\/a><\/em> (Vochysiaceae) \u2013 nesse caso, um mesmo nome est\u00e1 sendo aplicado n\u00e3o s\u00f3 a plantas de esp\u00e9cies diferentes, mas a plantas de fam\u00edlias bot\u00e2nicas diferentes.<\/p>\n<p>Algumas vezes o mesmo nome popular \u00e9 atribu\u00eddo a diversas esp\u00e9cies semelhantes, tendo nesse caso a abrang\u00eancia de um g\u00eanero ou fam\u00edlia bot\u00e2nica.<\/p>\n<p>O termo &#8220;canela, por exemplo, \u00e9 empregado para designar mais de uma centena de esp\u00e9cies da fam\u00edlia <a href=\"http:\/\/plantasdobrasil.com.br\/curso-de-dendrologia\/tag\/lauraceae\/\">Lauraceae<\/a>. O nome &#8220;eucalipto&#8221; \u00e9 atribu\u00eddo no Brasil para a maioria das esp\u00e9cies do g\u00eanero <em>Eucalyptus<\/em>.<\/p>\n<p>O nome &#8220;sucar\u00e1&#8221;, de prov\u00e1vel origem ind\u00edgena, \u00e9 utilizado para designar popularmente in\u00fameras esp\u00e9cies, de pelo menos tr\u00eas fam\u00edlias bot\u00e2nicas diferentes.<\/p>\n<ul>\n<li><a href=\"http:\/\/plantasdobrasil.com.br\/curso-de-dendrologia\/dasyphyllum-brasiliense\/\"><em> Dasyphyllum brasiliense<\/em><\/a> (Asteraceae)<\/li>\n<li><em><a href=\"http:\/\/plantasdobrasil.com.br\/curso-de-dendrologia\/dasyphyllum-spinescens\/\">Dasyphyllum spinescens<\/a><\/em> (Asteraceae)<\/li>\n<li><em>Gleditsia amorphoides<\/em> (Fabaceae)<\/li>\n<li><em><a href=\"http:\/\/plantasdobrasil.com.br\/curso-de-dendrologia\/xylosma-tweediana\/\"> Xylosma tweediana<\/a><\/em> (Salicaceae)<\/li>\n<li><em><a href=\"http:\/\/plantasdobrasil.com.br\/curso-de-dendrologia\/xylosma-pseudosalzmanii\/\"> Xylosma pseudosalzmanii<\/a><\/em> (Salicaceae)<\/li>\n<li><a href=\"http:\/\/plantasdobrasil.com.br\/curso-de-dendrologia\/xylosma-ciliatifolia\/\"><em> Xylosma ciliatifolia<\/em><\/a> (Salicaceae)<\/li>\n<\/ul>\n<p>As &#8220;vassouras&#8221;, de maneira geral, englobam ervas, arbustos e \u00e1rvores pertencente a fam\u00edlia Asteraceae:<\/p>\n<ul>\n<li><em><a href=\"http:\/\/plantasdobrasil.com.br\/curso-de-dendrologia\/baccharis-semiserrata\/\">Baccharis semiserrata<\/a><\/em><\/li>\n<li><em><a href=\"http:\/\/plantasdobrasil.com.br\/curso-de-dendrologia\/baccharis-oreophila\/\"> Baccharis oreophila<\/a><\/em><\/li>\n<li><em><a href=\"http:\/\/Grazielia serrata\"> Grazielia serrata <\/a><\/em><\/li>\n<li><a href=\"http:\/\/plantasdobrasil.com.br\/curso-de-dendrologia\/piptocarpha-regnellii\/\"><em>Piptocarpha regnellii<\/em> <\/a><\/li>\n<li><a href=\"http:\/\/plantasdobrasil.com.br\/curso-de-dendrologia\/vernonanthura-discolor\/\"><em>Vernonanthura discolor<\/em><\/a><\/li>\n<li><a href=\"http:\/\/plantasdobrasil.com.br\/curso-de-dendrologia\/vernonanthura-divaricata\/\"><em>Vernonanthura divaricata<\/em><\/a><\/li>\n<\/ul>\n<p>As &#8220;congonhas&#8221;, dentre as esp\u00e9cies arb\u00f3reas nativas no Sul do pa\u00eds, representam esp\u00e9cies de duas fam\u00edlias bot\u00e2nicas:<\/p>\n<ul>\n<li><em><a href=\"http:\/\/plantasdobrasil.com.br\/curso-de-dendrologia\/citronella-paniculata\/\">Citronella paniculata<\/a><\/em> (Cardiopteridaceae)<strong><br \/>\n<\/strong><\/li>\n<li><em><a href=\"http:\/\/plantasdobrasil.com.br\/curso-de-dendrologia\/citronella-gongonha\/\"> Citronella gongonha\u00a0<\/a><\/em>(Cardiopteridaceae)<\/li>\n<li><em><a href=\"http:\/\/plantasdobrasil.com.br\/curso-de-dendrologia\/citronella-engleriana\/\"> Citronella engleriana<\/a><\/em> (Cardiopteridaceae)<\/li>\n<li><em><a href=\"http:\/\/plantasdobrasil.com.br\/curso-de-dendrologia\/ilex-paraguariensis\/\"> Ilex paraguariensis<\/a><\/em> (Aquifoliaceae)<\/li>\n<li><a href=\"http:\/\/plantasdobrasil.com.br\/curso-de-dendrologia\/ilex-brevicuspis\/\"><em> Ilex brevicuspis<\/em><\/a> (Aquifoliaceae)<\/li>\n<li><a href=\"http:\/\/plantasdobrasil.com.br\/curso-de-dendrologia\/ilex-theezans\/\"> Ilex theezans<\/a> (Aquifoliaceae)<\/li>\n<\/ul>\n<p>Os &#8220;sarandis&#8221;, um grupo de esp\u00e9cie de ocorr\u00eancia junto aos cursos d&#8217;\u00e1gua (esp\u00e9cies rip\u00e1rias), inserem-se em diferentes fam\u00edlias bot\u00e2nicas, dentre as quais incluem-se:<\/p>\n<ul>\n<li><em><a href=\"http:\/\/plantasdobrasil.com.br\/curso-de-dendrologia\/calliandra-tweediei\/\"> Calliandra tweediei<\/a><\/em> (Fabaceae)<\/li>\n<li><em><a href=\"http:\/\/plantasdobrasil.com.br\/curso-de-dendrologia\/calliandra-brevipes\/\"> Calliandra brevipes<\/a><\/em> (Fabaceae)<\/li>\n<li><em><a href=\"http:\/\/plantasdobrasil.com.br\/curso-de-dendrologia\/gymnanthes-schottiana\/\">Gymnanthes schottiana<\/a><\/em> (Euphorbiaceae)<\/li>\n<li><em><a href=\"http:\/\/plantasdobrasil.com.br\/curso-de-dendrologia\/pouteria-salicifolia\/\">Pouteria salicifolia<\/a><\/em> (Sapotaceae)<\/li>\n<\/ul>\n<p>&nbsp;<\/p>\n<p>Tal profus\u00e3o de nomes comuns certamente poder\u00e1 suscitar incorre\u00e7\u00f5es na exata identifica\u00e7\u00e3o taxon\u00f4mica das esp\u00e9cies. Desta forma, sempre que poss\u00edvel, deve-se optar pela nomenclatura cient\u00edfica da esp\u00e9cie, que confere maior estabilidade e precis\u00e3o no interc\u00e2mbio de informa\u00e7\u00f5es sobre plantas entre pessoas do mundo inteiro.<\/p>\n","protected":false},"excerpt":{"rendered":"<p>Os nomes populares, tamb\u00e9m ditos comuns, vernaculares ou vulgares, s\u00e3o os nomes que as pessoas deram para as plantas e que foram passando de gera\u00e7\u00e3o para gera\u00e7\u00e3o atrav\u00e9s da cultura popular, como um tipo de &#8220;batismo&#8221;. De maneira geral s\u00e3o muito vari\u00e1veis, definindo poucas vezes com precis\u00e3o uma esp\u00e9cie bot\u00e2nica.<\/p>\n","protected":false},"author":2,"featured_media":0,"parent":177,"menu_order":76,"comment_status":"open","ping_status":"open","template":"","meta":{"content-type":"","_exactmetrics_skip_tracking":false,"_exactmetrics_sitenote_active":false,"_exactmetrics_sitenote_note":"","_exactmetrics_sitenote_category":0,"_joinchat":[],"footnotes":""},"class_list":["post-188","page","type-page","status-publish","hentry"],"_links":{"self":[{"href":"https:\/\/plantasdobrasil.com.br\/curso-de-dendrologia\/wp-json\/wp\/v2\/pages\/188","targetHints":{"allow":["GET"]}}],"collection":[{"href":"https:\/\/plantasdobrasil.com.br\/curso-de-dendrologia\/wp-json\/wp\/v2\/pages"}],"about":[{"href":"https:\/\/plantasdobrasil.com.br\/curso-de-dendrologia\/wp-json\/wp\/v2\/types\/page"}],"author":[{"embeddable":true,"href":"https:\/\/plantasdobrasil.com.br\/curso-de-dendrologia\/wp-json\/wp\/v2\/users\/2"}],"replies":[{"embeddable":true,"href":"https:\/\/plantasdobrasil.com.br\/curso-de-dendrologia\/wp-json\/wp\/v2\/comments?post=188"}],"version-history":[{"count":9,"href":"https:\/\/plantasdobrasil.com.br\/curso-de-dendrologia\/wp-json\/wp\/v2\/pages\/188\/revisions"}],"predecessor-version":[{"id":6123,"href":"https:\/\/plantasdobrasil.com.br\/curso-de-dendrologia\/wp-json\/wp\/v2\/pages\/188\/revisions\/6123"}],"up":[{"embeddable":true,"href":"https:\/\/plantasdobrasil.com.br\/curso-de-dendrologia\/wp-json\/wp\/v2\/pages\/177"}],"wp:attachment":[{"href":"https:\/\/plantasdobrasil.com.br\/curso-de-dendrologia\/wp-json\/wp\/v2\/media?parent=188"}],"curies":[{"name":"wp","href":"https:\/\/api.w.org\/{rel}","templated":true}]}}