{"id":199,"date":"2017-05-03T17:28:11","date_gmt":"2017-05-03T17:28:11","guid":{"rendered":"http:\/\/plantasdobrasil.com.br\/curso-de-dendrologia\/?page_id=199"},"modified":"2018-01-07T04:03:25","modified_gmt":"2018-01-07T04:03:25","slug":"terminologia-dendrologica","status":"publish","type":"page","link":"https:\/\/plantasdobrasil.com.br\/curso-de-dendrologia\/terminologia-dendrologica\/","title":{"rendered":"Terminologia Dendrol\u00f3gica"},"content":{"rendered":"<p>Nomear as partes de uma \u00e1rvore ou qualquer planta sempre foi necessidade uma necessidade humana, principalmente devido nossa indispensabilidade de di\u00e1logo sobre suas estruturas e seus usos para os diversos fins, como para rem\u00e9dio, constru\u00e7\u00f5es, energia, alimento, etc.<\/p>\n<p>O estabelecimento de uma terminologia visa assegurar uma maior precis\u00e3o dos termos utilizados, visando unicamente facilitar o reconhecimento di\u00e1rio das esp\u00e9cies arb\u00f3reas em campo e demais estudos dendrol\u00f3gicos, a partir de uma padroniza\u00e7\u00e3o de conceitos.<\/p>\n<p>A terminologia dendrol\u00f3gica diferencia-se da morfologia vegetal aplicada na bot\u00e2nica tradicional, justamente porque valoriza \u00e0 casca, \u00e0s folhas e outros aspectos gerais da \u00e1rvore, reduzindo assim o destaque dado \u00e0s flores e frutos em obras desta natureza.<\/p>\n<p>&nbsp;<\/p>\n<ul>\n<li id=\"menu-item-5500\" class=\"menu-item menu-item-type-post_type menu-item-object-page current-menu-item page_item page-item-5498 current_page_item menu-item-5500\"><a href=\"http:\/\/plantasdobrasil.com.br\/curso-de-dendrologia\/terminologia-dendrologica\/arvore\/\">\u00c1rvore<\/a><\/li>\n<li id=\"menu-item-247\" class=\"menu-item menu-item-type-post_type menu-item-object-page menu-item-has-children menu-item-247\"><a href=\"http:\/\/plantasdobrasil.com.br\/curso-de-dendrologia\/terminologia-dendrologica\/folha\/\">Folha<\/a><\/li>\n<li class=\"menu-item menu-item-type-post_type menu-item-object-page menu-item-has-children menu-item-247\"><a href=\"http:\/\/plantasdobrasil.com.br\/curso-de-dendrologia\/terminologia-dendrologica\/tronco\/\">Tronco<\/a><\/li>\n<li class=\"menu-item menu-item-type-post_type menu-item-object-page menu-item-has-children menu-item-247\"><a href=\"http:\/\/plantasdobrasil.com.br\/curso-de-dendrologia\/terminologia-dendrologica\/casca\/\">Casca<\/a><\/li>\n<li class=\"menu-item menu-item-type-post_type menu-item-object-page menu-item-has-children menu-item-247\"><a href=\"http:\/\/plantasdobrasil.com.br\/curso-de-dendrologia\/terminologia-dendrologica\/ramificacao\/\">Ramifica\u00e7\u00e3o<\/a><\/li>\n<li id=\"menu-item-295\" class=\"menu-item menu-item-type-post_type menu-item-object-page menu-item-295\"><a href=\"http:\/\/plantasdobrasil.com.br\/curso-de-dendrologia\/terminologia-dendrologica\/copa\/\">Copa<\/a><\/li>\n<li id=\"menu-item-294\" class=\"menu-item menu-item-type-post_type menu-item-object-page menu-item-294\"><a href=\"http:\/\/plantasdobrasil.com.br\/curso-de-dendrologia\/terminologia-dendrologica\/flor\/\">Flor<\/a><\/li>\n<li id=\"menu-item-293\" class=\"menu-item menu-item-type-post_type menu-item-object-page menu-item-293\"><a href=\"http:\/\/plantasdobrasil.com.br\/curso-de-dendrologia\/terminologia-dendrologica\/fruto\/\">Fruto<\/a><\/li>\n<\/ul>\n","protected":false},"excerpt":{"rendered":"<p>Nomear as partes de uma \u00e1rvore ou qualquer planta sempre foi necessidade uma necessidade humana, principalmente devido nossa indispensabilidade de di\u00e1logo sobre suas estruturas e seus usos para os diversos fins, como para rem\u00e9dio, constru\u00e7\u00f5es, energia, alimento, etc. O estabelecimento de uma terminologia visa assegurar uma maior precis\u00e3o dos termos utilizados, visando unicamente facilitar o [&hellip;]<\/p>\n","protected":false},"author":2,"featured_media":0,"parent":0,"menu_order":95,"comment_status":"open","ping_status":"open","template":"","meta":{"content-type":"","_exactmetrics_skip_tracking":false,"_exactmetrics_sitenote_active":false,"_exactmetrics_sitenote_note":"","_exactmetrics_sitenote_category":0,"_joinchat":[],"footnotes":""},"class_list":["post-199","page","type-page","status-publish","hentry"],"_links":{"self":[{"href":"https:\/\/plantasdobrasil.com.br\/curso-de-dendrologia\/wp-json\/wp\/v2\/pages\/199","targetHints":{"allow":["GET"]}}],"collection":[{"href":"https:\/\/plantasdobrasil.com.br\/curso-de-dendrologia\/wp-json\/wp\/v2\/pages"}],"about":[{"href":"https:\/\/plantasdobrasil.com.br\/curso-de-dendrologia\/wp-json\/wp\/v2\/types\/page"}],"author":[{"embeddable":true,"href":"https:\/\/plantasdobrasil.com.br\/curso-de-dendrologia\/wp-json\/wp\/v2\/users\/2"}],"replies":[{"embeddable":true,"href":"https:\/\/plantasdobrasil.com.br\/curso-de-dendrologia\/wp-json\/wp\/v2\/comments?post=199"}],"version-history":[{"count":11,"href":"https:\/\/plantasdobrasil.com.br\/curso-de-dendrologia\/wp-json\/wp\/v2\/pages\/199\/revisions"}],"predecessor-version":[{"id":6624,"href":"https:\/\/plantasdobrasil.com.br\/curso-de-dendrologia\/wp-json\/wp\/v2\/pages\/199\/revisions\/6624"}],"wp:attachment":[{"href":"https:\/\/plantasdobrasil.com.br\/curso-de-dendrologia\/wp-json\/wp\/v2\/media?parent=199"}],"curies":[{"name":"wp","href":"https:\/\/api.w.org\/{rel}","templated":true}]}}