{"id":265,"date":"2017-05-03T17:47:52","date_gmt":"2017-05-03T17:47:52","guid":{"rendered":"http:\/\/plantasdobrasil.com.br\/curso-de-dendrologia\/?page_id=265"},"modified":"2017-06-03T00:19:32","modified_gmt":"2017-06-03T00:19:32","slug":"tronco","status":"publish","type":"page","link":"https:\/\/plantasdobrasil.com.br\/curso-de-dendrologia\/terminologia-dendrologica\/tronco\/","title":{"rendered":"Tronco"},"content":{"rendered":"<p>O tronco, fuste ou caule das \u00e1rvores, \u00e9 a parte desprovida de ramos e delimitada entre o solo e as ramifica\u00e7\u00f5es principais, suportando a copa. O tronco apresenta variados aspectos morfol\u00f3gico importantes para a identifica\u00e7\u00e3o. Podemos observar varia\u00e7\u00e3o na forma, sec\u00e7\u00e3o transversal e base. Abaixo segue os principais padr\u00f5es observados:<\/p>\n<h2><a href=\"http:\/\/plantasdobrasil.com.br\/curso-de-dendrologia\/terminologia-dendrologica\/tronco\/forma-do-tronco\/\">Forma do Tronco<\/a><\/h2>\n<h2><a href=\"http:\/\/plantasdobrasil.com.br\/curso-de-dendrologia\/terminologia-dendrologica\/tronco\/tipos-de-tronco\/\">Tipos de Tronco<\/a><\/h2>\n<h2><a href=\"http:\/\/plantasdobrasil.com.br\/curso-de-dendrologia\/terminologia-dendrologica\/tronco\/base-do-tronco\/\">Base do Tronco<\/a><\/h2>\n","protected":false},"excerpt":{"rendered":"<p>O tronco, fuste ou caule das \u00e1rvores, \u00e9 a parte desprovida de ramos e delimitada entre o solo e as ramifica\u00e7\u00f5es principais, suportando a copa. O tronco apresenta variados aspectos morfol\u00f3gico importantes para a identifica\u00e7\u00e3o. Podemos observar varia\u00e7\u00e3o na forma, sec\u00e7\u00e3o transversal e base. Abaixo segue os principais padr\u00f5es observados: Forma do Tronco Tipos de [&hellip;]<\/p>\n","protected":false},"author":2,"featured_media":0,"parent":199,"menu_order":101,"comment_status":"open","ping_status":"open","template":"","meta":{"content-type":"","_exactmetrics_skip_tracking":false,"_exactmetrics_sitenote_active":false,"_exactmetrics_sitenote_note":"","_exactmetrics_sitenote_category":0,"_joinchat":[],"footnotes":""},"class_list":["post-265","page","type-page","status-publish","hentry"],"_links":{"self":[{"href":"https:\/\/plantasdobrasil.com.br\/curso-de-dendrologia\/wp-json\/wp\/v2\/pages\/265","targetHints":{"allow":["GET"]}}],"collection":[{"href":"https:\/\/plantasdobrasil.com.br\/curso-de-dendrologia\/wp-json\/wp\/v2\/pages"}],"about":[{"href":"https:\/\/plantasdobrasil.com.br\/curso-de-dendrologia\/wp-json\/wp\/v2\/types\/page"}],"author":[{"embeddable":true,"href":"https:\/\/plantasdobrasil.com.br\/curso-de-dendrologia\/wp-json\/wp\/v2\/users\/2"}],"replies":[{"embeddable":true,"href":"https:\/\/plantasdobrasil.com.br\/curso-de-dendrologia\/wp-json\/wp\/v2\/comments?post=265"}],"version-history":[{"count":19,"href":"https:\/\/plantasdobrasil.com.br\/curso-de-dendrologia\/wp-json\/wp\/v2\/pages\/265\/revisions"}],"predecessor-version":[{"id":5487,"href":"https:\/\/plantasdobrasil.com.br\/curso-de-dendrologia\/wp-json\/wp\/v2\/pages\/265\/revisions\/5487"}],"up":[{"embeddable":true,"href":"https:\/\/plantasdobrasil.com.br\/curso-de-dendrologia\/wp-json\/wp\/v2\/pages\/199"}],"wp:attachment":[{"href":"https:\/\/plantasdobrasil.com.br\/curso-de-dendrologia\/wp-json\/wp\/v2\/media?parent=265"}],"curies":[{"name":"wp","href":"https:\/\/api.w.org\/{rel}","templated":true}]}}