{"id":289,"date":"2017-05-03T17:55:07","date_gmt":"2017-05-03T17:55:07","guid":{"rendered":"http:\/\/plantasdobrasil.com.br\/curso-de-dendrologia\/?page_id=289"},"modified":"2018-04-05T22:42:10","modified_gmt":"2018-04-05T22:42:10","slug":"fruto","status":"publish","type":"page","link":"https:\/\/plantasdobrasil.com.br\/curso-de-dendrologia\/terminologia-dendrologica\/fruto\/","title":{"rendered":"Fruto"},"content":{"rendered":"<p>Em termos bot\u00e2nicos, o fruto \u00e9 o ov\u00e1rio maduro da flor das angiospermas. Ap\u00f3s o processo de fecunda\u00e7\u00e3o, o ov\u00e1rio da flor desenvolve-se e forma o fruto, e os \u00f3vulos, as sementes. Os frutos t\u00eam como fun\u00e7\u00e3o proteger as sementes e auxiliar na dispers\u00e3o.<\/p>\n<p><!--more--><\/p>\n<p>O termo fruta n\u00e3o tem um significado bot\u00e2nico e \u00e9 popularmente designado \u00e0s partes comest\u00edveis, geralmente suculentas e adocicadas, mas que nem sempre se desenvolveram do ov\u00e1rio. Assim, podemos dizer que nem toda fruta \u00e9 um fruto.<\/p>\n<p>De maneira geral, os frutos podem ser classificados em dois tipos b\u00e1sicos: carnosos e secos. Os carnosos s\u00e3o aqueles que apresentam geralmente o pericarpo (parede do ov\u00e1rio maduro) suculento e espesso, e os secos, aqueles que apresentam pericarpo pouco desenvolvido e com pouca \u00e1gua.<\/p>\n<p>Todo fruto apresenta uma estrutura b\u00e1sica:<\/p>\n<ul>\n<li><strong>Epicarpo:<\/strong> \u00e9 de fato a por\u00e7\u00e3o mais externa do fruto, oriunda da epiderme da folha carpelar. Normalmente \u00e9 uma camada membran\u00e1cea e muito fibrosa.<\/li>\n<li><strong>Mesocarpo:<\/strong> \u00e9 a por\u00e7\u00e3o intermedi\u00e1ria (entre o epicarpo e o endocarpo). \u00c0s vezes armazena alguma subst\u00e2ncia de reserva. Oriunda dos par\u00eanquimas da folha carpelar.<\/li>\n<li><strong>Endocarpo:<\/strong> \u00e9 a por\u00e7\u00e3o (camada) mais interna, geralmente mais r\u00edgida, envolve a semente. Oriunda da epiderme interna do ov\u00e1rio.<\/li>\n<\/ul>\n<p>Cabe ressaltar que essas tr\u00eas estruturas b\u00e1sicas, tanto o epicarpo, como o mesocarpo e o endocarpo, constituem o <span data-dobid=\"hdw\">pericarpo, que nada mais \u00e9 que a parede de um ov\u00e1rio maduro.<\/span><\/p>\n<p>&nbsp;<\/p>\n<div id=\"attachment_104001\" class=\"wp-caption alignnone\">\n<p><img loading=\"lazy\" decoding=\"async\" class=\"size-full wp-image-104001\" src=\"https:\/\/www.infoescola.com\/wp-content\/uploads\/2009\/09\/partes-fruto.jpg\" sizes=\"auto, (max-width: 500px) 100vw, 500px\" srcset=\"https:\/\/www.infoescola.com\/wp-content\/uploads\/2009\/09\/partes-fruto.jpg 500w, https:\/\/www.infoescola.com\/wp-content\/uploads\/2009\/09\/partes-fruto-200x162.jpg 200w, https:\/\/www.infoescola.com\/wp-content\/uploads\/2009\/09\/partes-fruto-450x364.jpg 450w, https:\/\/www.infoescola.com\/wp-content\/uploads\/2009\/09\/partes-fruto-123x100.jpg 123w\" alt=\"Partes do fruto. Foto: nednapa \/ Shutterstock.com [adaptado]\" width=\"500\" height=\"405\" \/><\/p>\n<p class=\"wp-caption-text\">Partes do fruto. Foto: nednapa \/ Shutterstock.com [adaptado]<\/p>\n<\/div>\n<p>&nbsp;<\/p>\n<p>Veremos a seguir que, de dependendo do n\u00famero de carpelos componentes, os frutos podem ser diferenciados em simples e compostos (m\u00faltiplos ou agregados).<\/p>\n<p>&nbsp;<\/p>\n<h4><strong>Frutos Simples<\/strong><\/h4>\n<p>Resultam do desenvolvimento de um \u00fanico ov\u00e1rio. S\u00e3o formados por um \u00fanico carpelo ou carpelos fusionados de uma mesma flor. Dependendo da quantidade de sementes, formato, consist\u00eancia e deisc\u00eancia, os frutos simples podem ser classificados em:<\/p>\n<p>&nbsp;<\/p>\n<p><strong>Baga:<\/strong> fruto carnoso e indeiscente, derivado de um ov\u00e1rio s\u00fapero, que geralmente cont\u00e9m mais de uma semente.<\/p>\n<p><strong>Pomo:<\/strong> fruto carnoso, indeiscente, derivado de um ov\u00e1rio \u00ednfero e com endocarpo de consist\u00eancia cartilaginosa.<\/p>\n<p><strong>Hesper\u00eddio (ou citrocarpo):<\/strong> baga caracter\u00edstica do g\u00eanero <em>Citrus<\/em>, com mesocarpo esponjoso e o endocarpo de tricomas suculentos.<\/p>\n<p><strong>Drupa:<\/strong> fruto unicarpelar, com uma s\u00f3 semente e endocarpo muito endurecido.<\/p>\n<p><strong>Legume:<\/strong> <span class=\"st\"> fruto das leguminosas e que, caracteristicamente, se abre em duas fendas.<\/span><\/p>\n<p><strong>Crasp\u00e9dio:<\/strong> legume que se <span class=\"st\">fragmenta transversalmente em segmentos, onde ap\u00f3s a queda, resta uma arma\u00e7\u00e3o formada pela nervura e sutura do carpelo presa ao ped\u00fanculo.<\/span><\/p>\n<p><strong>Lomento:<\/strong> semelhante ao crasp\u00e9dio, do qual difere por n\u00e3o restar uma arma\u00e7\u00e3o <span class=\"st\">presa ao ped\u00fanculo ap\u00f3s a queda.<\/span><\/p>\n<p><strong>Fol\u00edculo:<\/strong> fruto simples, seco e unicarpelar, cuja deisc\u00eancia se d\u00e1 pela linha de sutura, podendo conter uma ou mais sementes<\/p>\n<p><strong>Siliqua:<\/strong> quando o fruto abre-se dos dois lados, mas as sementes permanecem conectadas a uma por\u00e7\u00e3o central.<\/p>\n<p><strong>Pix\u00eddio:<\/strong> <span class=\"st\">fruto seco e deiscente, onde a parte superior se destaca do restante do fruto na matura\u00e7\u00e3o, como uma tampa.<\/span><\/p>\n<p><strong>C\u00e1psula:<\/strong> fruto seco e deiscente, compostos por mais de um carpelo e geralmente v\u00e1rias sementes.<\/p>\n<p><strong>S\u00e2mara:<\/strong> fruto simples, seco e indeiscente, com uma ou mais proje\u00e7\u00f5es aladas do pericarpo.<\/p>\n<p><strong>Aqu\u00eanio:<\/strong> fruto seco, indeiscente e que apresenta uma \u00fanica semente, que permanece ligada ao pericarpo em apenas um ponto.<\/p>\n<p><strong>Cipsela:<\/strong> fruto t\u00edpico das Asteraceae e semelhante ao aqu\u00eanio, mas com a presen\u00e7a de papus (modifica\u00e7\u00e3o do c\u00e1lice).<\/p>\n<p><strong>Noz: <\/strong><span class=\"st\">fruto seco com apenas uma semente (<wbr \/>raramente duas), no qual a parede do ov\u00e1rio ou parte dela torna-se muito dura na maturidade.<\/span><\/p>\n<div id='gallery-1' class='gallery galleryid-289 gallery-columns-4 gallery-size-thumbnail'><dl class='gallery-item'>\n\t\t\t<dt class='gallery-icon portrait'>\n\t\t\t\t<a href='https:\/\/plantasdobrasil.com.br\/curso-de-dendrologia\/terminologia-dendrologica\/fruto\/cariniana-estrellensis-ebook\/'><img loading=\"lazy\" decoding=\"async\" width=\"150\" height=\"150\" src=\"https:\/\/plantasdobrasil.com.br\/curso-de-dendrologia\/wp-content\/uploads\/2018\/02\/Cariniana-estrellensis-ebook-150x150.jpg\" class=\"attachment-thumbnail size-thumbnail\" alt=\"\" aria-describedby=\"gallery-1-7348\" srcset=\"https:\/\/plantasdobrasil.com.br\/curso-de-dendrologia\/wp-content\/uploads\/2018\/02\/Cariniana-estrellensis-ebook-150x150.jpg 150w, https:\/\/plantasdobrasil.com.br\/curso-de-dendrologia\/wp-content\/uploads\/2018\/02\/Cariniana-estrellensis-ebook-300x300.jpg 300w, https:\/\/plantasdobrasil.com.br\/curso-de-dendrologia\/wp-content\/uploads\/2018\/02\/Cariniana-estrellensis-ebook-100x100.jpg 100w\" sizes=\"auto, (max-width: 150px) 100vw, 150px\" \/><\/a>\n\t\t\t<\/dt>\n\t\t\t\t<dd class='wp-caption-text gallery-caption' id='gallery-1-7348'>\n\t\t\t\tPix\u00eddio (Cariniana estrellensis)\n\t\t\t\t<\/dd><\/dl><dl class='gallery-item'>\n\t\t\t<dt class='gallery-icon portrait'>\n\t\t\t\t<a href='https:\/\/plantasdobrasil.com.br\/curso-de-dendrologia\/terminologia-dendrologica\/fruto\/carya-illinoensis-ebook\/'><img loading=\"lazy\" decoding=\"async\" width=\"150\" height=\"150\" src=\"https:\/\/plantasdobrasil.com.br\/curso-de-dendrologia\/wp-content\/uploads\/2018\/02\/Carya-illinoensis-ebook-150x150.jpg\" class=\"attachment-thumbnail size-thumbnail\" alt=\"\" aria-describedby=\"gallery-1-7349\" srcset=\"https:\/\/plantasdobrasil.com.br\/curso-de-dendrologia\/wp-content\/uploads\/2018\/02\/Carya-illinoensis-ebook-150x150.jpg 150w, https:\/\/plantasdobrasil.com.br\/curso-de-dendrologia\/wp-content\/uploads\/2018\/02\/Carya-illinoensis-ebook-300x300.jpg 300w, https:\/\/plantasdobrasil.com.br\/curso-de-dendrologia\/wp-content\/uploads\/2018\/02\/Carya-illinoensis-ebook-100x100.jpg 100w\" sizes=\"auto, (max-width: 150px) 100vw, 150px\" \/><\/a>\n\t\t\t<\/dt>\n\t\t\t\t<dd class='wp-caption-text gallery-caption' id='gallery-1-7349'>\n\t\t\t\tNoz (Carya illinoensis)\n\t\t\t\t<\/dd><\/dl><dl class='gallery-item'>\n\t\t\t<dt class='gallery-icon portrait'>\n\t\t\t\t<a href='https:\/\/plantasdobrasil.com.br\/curso-de-dendrologia\/terminologia-dendrologica\/fruto\/cedrela-fissilis-ebook-2\/'><img loading=\"lazy\" decoding=\"async\" width=\"150\" height=\"150\" src=\"https:\/\/plantasdobrasil.com.br\/curso-de-dendrologia\/wp-content\/uploads\/2018\/02\/Cedrela-fissilis-ebook-150x150.jpg\" class=\"attachment-thumbnail size-thumbnail\" alt=\"\" aria-describedby=\"gallery-1-7350\" srcset=\"https:\/\/plantasdobrasil.com.br\/curso-de-dendrologia\/wp-content\/uploads\/2018\/02\/Cedrela-fissilis-ebook-150x150.jpg 150w, https:\/\/plantasdobrasil.com.br\/curso-de-dendrologia\/wp-content\/uploads\/2018\/02\/Cedrela-fissilis-ebook-300x300.jpg 300w, https:\/\/plantasdobrasil.com.br\/curso-de-dendrologia\/wp-content\/uploads\/2018\/02\/Cedrela-fissilis-ebook-100x100.jpg 100w\" sizes=\"auto, (max-width: 150px) 100vw, 150px\" \/><\/a>\n\t\t\t<\/dt>\n\t\t\t\t<dd class='wp-caption-text gallery-caption' id='gallery-1-7350'>\n\t\t\t\tC\u00e1psula (Cedrela fissilis)\n\t\t\t\t<\/dd><\/dl><dl class='gallery-item'>\n\t\t\t<dt class='gallery-icon portrait'>\n\t\t\t\t<a href='https:\/\/plantasdobrasil.com.br\/curso-de-dendrologia\/terminologia-dendrologica\/fruto\/citrus-sp-ebook\/'><img loading=\"lazy\" decoding=\"async\" width=\"150\" height=\"150\" src=\"https:\/\/plantasdobrasil.com.br\/curso-de-dendrologia\/wp-content\/uploads\/2018\/02\/Citrus-sp-ebook-150x150.jpg\" class=\"attachment-thumbnail size-thumbnail\" alt=\"\" aria-describedby=\"gallery-1-7351\" srcset=\"https:\/\/plantasdobrasil.com.br\/curso-de-dendrologia\/wp-content\/uploads\/2018\/02\/Citrus-sp-ebook-150x150.jpg 150w, https:\/\/plantasdobrasil.com.br\/curso-de-dendrologia\/wp-content\/uploads\/2018\/02\/Citrus-sp-ebook-300x300.jpg 300w, https:\/\/plantasdobrasil.com.br\/curso-de-dendrologia\/wp-content\/uploads\/2018\/02\/Citrus-sp-ebook-100x100.jpg 100w\" sizes=\"auto, (max-width: 150px) 100vw, 150px\" \/><\/a>\n\t\t\t<\/dt>\n\t\t\t\t<dd class='wp-caption-text gallery-caption' id='gallery-1-7351'>\n\t\t\t\tHesper\u00eddio ou citrocarpo (Citrus spp.)\n\t\t\t\t<\/dd><\/dl><br style=\"clear: both\" \/><dl class='gallery-item'>\n\t\t\t<dt class='gallery-icon portrait'>\n\t\t\t\t<a href='https:\/\/plantasdobrasil.com.br\/curso-de-dendrologia\/terminologia-dendrologica\/fruto\/desmodium-ebook-lomento\/'><img loading=\"lazy\" decoding=\"async\" width=\"150\" height=\"150\" src=\"https:\/\/plantasdobrasil.com.br\/curso-de-dendrologia\/wp-content\/uploads\/2018\/02\/Desmodium-ebook-lomento-150x150.jpg\" class=\"attachment-thumbnail size-thumbnail\" alt=\"\" aria-describedby=\"gallery-1-7352\" srcset=\"https:\/\/plantasdobrasil.com.br\/curso-de-dendrologia\/wp-content\/uploads\/2018\/02\/Desmodium-ebook-lomento-150x150.jpg 150w, https:\/\/plantasdobrasil.com.br\/curso-de-dendrologia\/wp-content\/uploads\/2018\/02\/Desmodium-ebook-lomento-300x300.jpg 300w, https:\/\/plantasdobrasil.com.br\/curso-de-dendrologia\/wp-content\/uploads\/2018\/02\/Desmodium-ebook-lomento-100x100.jpg 100w\" sizes=\"auto, (max-width: 150px) 100vw, 150px\" \/><\/a>\n\t\t\t<\/dt>\n\t\t\t\t<dd class='wp-caption-text gallery-caption' id='gallery-1-7352'>\n\t\t\t\tLomento (Desmodium sp.)\n\t\t\t\t<\/dd><\/dl><dl class='gallery-item'>\n\t\t\t<dt class='gallery-icon portrait'>\n\t\t\t\t<a href='https:\/\/plantasdobrasil.com.br\/curso-de-dendrologia\/terminologia-dendrologica\/fruto\/eriobotrya-japonica-ebook\/'><img loading=\"lazy\" decoding=\"async\" width=\"150\" height=\"150\" src=\"https:\/\/plantasdobrasil.com.br\/curso-de-dendrologia\/wp-content\/uploads\/2018\/02\/Eriobotrya-japonica-ebook-150x150.jpg\" class=\"attachment-thumbnail size-thumbnail\" alt=\"\" aria-describedby=\"gallery-1-7353\" srcset=\"https:\/\/plantasdobrasil.com.br\/curso-de-dendrologia\/wp-content\/uploads\/2018\/02\/Eriobotrya-japonica-ebook-150x150.jpg 150w, https:\/\/plantasdobrasil.com.br\/curso-de-dendrologia\/wp-content\/uploads\/2018\/02\/Eriobotrya-japonica-ebook-300x300.jpg 300w, https:\/\/plantasdobrasil.com.br\/curso-de-dendrologia\/wp-content\/uploads\/2018\/02\/Eriobotrya-japonica-ebook-100x100.jpg 100w\" sizes=\"auto, (max-width: 150px) 100vw, 150px\" \/><\/a>\n\t\t\t<\/dt>\n\t\t\t\t<dd class='wp-caption-text gallery-caption' id='gallery-1-7353'>\n\t\t\t\tPomo (Eriobotrya japonica)\n\t\t\t\t<\/dd><\/dl><dl class='gallery-item'>\n\t\t\t<dt class='gallery-icon portrait'>\n\t\t\t\t<a href='https:\/\/plantasdobrasil.com.br\/curso-de-dendrologia\/terminologia-dendrologica\/fruto\/geoffroea-spinosa-ebook\/'><img loading=\"lazy\" decoding=\"async\" width=\"150\" height=\"150\" src=\"https:\/\/plantasdobrasil.com.br\/curso-de-dendrologia\/wp-content\/uploads\/2018\/02\/Geoffroea-spinosa-ebook-150x150.jpg\" class=\"attachment-thumbnail size-thumbnail\" alt=\"\" aria-describedby=\"gallery-1-7354\" srcset=\"https:\/\/plantasdobrasil.com.br\/curso-de-dendrologia\/wp-content\/uploads\/2018\/02\/Geoffroea-spinosa-ebook-150x150.jpg 150w, https:\/\/plantasdobrasil.com.br\/curso-de-dendrologia\/wp-content\/uploads\/2018\/02\/Geoffroea-spinosa-ebook-300x300.jpg 300w, https:\/\/plantasdobrasil.com.br\/curso-de-dendrologia\/wp-content\/uploads\/2018\/02\/Geoffroea-spinosa-ebook-100x100.jpg 100w\" sizes=\"auto, (max-width: 150px) 100vw, 150px\" \/><\/a>\n\t\t\t<\/dt>\n\t\t\t\t<dd class='wp-caption-text gallery-caption' id='gallery-1-7354'>\n\t\t\t\tDrupa (Geoffroea spinosa)\n\t\t\t\t<\/dd><\/dl><dl class='gallery-item'>\n\t\t\t<dt class='gallery-icon portrait'>\n\t\t\t\t<a href='https:\/\/plantasdobrasil.com.br\/curso-de-dendrologia\/terminologia-dendrologica\/fruto\/helianthus-annuus-ebook\/'><img loading=\"lazy\" decoding=\"async\" width=\"150\" height=\"150\" src=\"https:\/\/plantasdobrasil.com.br\/curso-de-dendrologia\/wp-content\/uploads\/2018\/02\/Helianthus-annuus-ebook-150x150.jpg\" class=\"attachment-thumbnail size-thumbnail\" alt=\"\" aria-describedby=\"gallery-1-7356\" srcset=\"https:\/\/plantasdobrasil.com.br\/curso-de-dendrologia\/wp-content\/uploads\/2018\/02\/Helianthus-annuus-ebook-150x150.jpg 150w, https:\/\/plantasdobrasil.com.br\/curso-de-dendrologia\/wp-content\/uploads\/2018\/02\/Helianthus-annuus-ebook-300x300.jpg 300w, https:\/\/plantasdobrasil.com.br\/curso-de-dendrologia\/wp-content\/uploads\/2018\/02\/Helianthus-annuus-ebook-100x100.jpg 100w\" sizes=\"auto, (max-width: 150px) 100vw, 150px\" \/><\/a>\n\t\t\t<\/dt>\n\t\t\t\t<dd class='wp-caption-text gallery-caption' id='gallery-1-7356'>\n\t\t\t\tAqu\u00eanio (Helianthus annuus)\n\t\t\t\t<\/dd><\/dl><br style=\"clear: both\" \/><dl class='gallery-item'>\n\t\t\t<dt class='gallery-icon portrait'>\n\t\t\t\t<a href='https:\/\/plantasdobrasil.com.br\/curso-de-dendrologia\/terminologia-dendrologica\/fruto\/mimosa-caesalpiniifolia-ebook\/'><img loading=\"lazy\" decoding=\"async\" width=\"150\" height=\"150\" src=\"https:\/\/plantasdobrasil.com.br\/curso-de-dendrologia\/wp-content\/uploads\/2018\/02\/Mimosa-caesalpiniifolia-ebook-150x150.jpg\" class=\"attachment-thumbnail size-thumbnail\" alt=\"\" aria-describedby=\"gallery-1-7357\" srcset=\"https:\/\/plantasdobrasil.com.br\/curso-de-dendrologia\/wp-content\/uploads\/2018\/02\/Mimosa-caesalpiniifolia-ebook-150x150.jpg 150w, https:\/\/plantasdobrasil.com.br\/curso-de-dendrologia\/wp-content\/uploads\/2018\/02\/Mimosa-caesalpiniifolia-ebook-300x300.jpg 300w, https:\/\/plantasdobrasil.com.br\/curso-de-dendrologia\/wp-content\/uploads\/2018\/02\/Mimosa-caesalpiniifolia-ebook-100x100.jpg 100w\" sizes=\"auto, (max-width: 150px) 100vw, 150px\" \/><\/a>\n\t\t\t<\/dt>\n\t\t\t\t<dd class='wp-caption-text gallery-caption' id='gallery-1-7357'>\n\t\t\t\tCrasp\u00e9dio (Mimosa caesalpiniifolia)\n\t\t\t\t<\/dd><\/dl><dl class='gallery-item'>\n\t\t\t<dt class='gallery-icon portrait'>\n\t\t\t\t<a href='https:\/\/plantasdobrasil.com.br\/curso-de-dendrologia\/terminologia-dendrologica\/fruto\/pityrocarpa-moniliformis-ebook-2\/'><img loading=\"lazy\" decoding=\"async\" width=\"150\" height=\"150\" src=\"https:\/\/plantasdobrasil.com.br\/curso-de-dendrologia\/wp-content\/uploads\/2018\/02\/Pityrocarpa-moniliformis-ebook-1-150x150.jpg\" class=\"attachment-thumbnail size-thumbnail\" alt=\"\" aria-describedby=\"gallery-1-7358\" srcset=\"https:\/\/plantasdobrasil.com.br\/curso-de-dendrologia\/wp-content\/uploads\/2018\/02\/Pityrocarpa-moniliformis-ebook-1-150x150.jpg 150w, https:\/\/plantasdobrasil.com.br\/curso-de-dendrologia\/wp-content\/uploads\/2018\/02\/Pityrocarpa-moniliformis-ebook-1-300x300.jpg 300w, https:\/\/plantasdobrasil.com.br\/curso-de-dendrologia\/wp-content\/uploads\/2018\/02\/Pityrocarpa-moniliformis-ebook-1-100x100.jpg 100w\" sizes=\"auto, (max-width: 150px) 100vw, 150px\" \/><\/a>\n\t\t\t<\/dt>\n\t\t\t\t<dd class='wp-caption-text gallery-caption' id='gallery-1-7358'>\n\t\t\t\tLegume (Pityrocarpa moniliformis)\n\t\t\t\t<\/dd><\/dl><dl class='gallery-item'>\n\t\t\t<dt class='gallery-icon portrait'>\n\t\t\t\t<a href='https:\/\/plantasdobrasil.com.br\/curso-de-dendrologia\/terminologia-dendrologica\/fruto\/platypodium-elegans-ebook\/'><img loading=\"lazy\" decoding=\"async\" width=\"150\" height=\"150\" src=\"https:\/\/plantasdobrasil.com.br\/curso-de-dendrologia\/wp-content\/uploads\/2018\/02\/Platypodium-elegans-ebook-150x150.jpg\" class=\"attachment-thumbnail size-thumbnail\" alt=\"\" aria-describedby=\"gallery-1-7359\" srcset=\"https:\/\/plantasdobrasil.com.br\/curso-de-dendrologia\/wp-content\/uploads\/2018\/02\/Platypodium-elegans-ebook-150x150.jpg 150w, https:\/\/plantasdobrasil.com.br\/curso-de-dendrologia\/wp-content\/uploads\/2018\/02\/Platypodium-elegans-ebook-300x300.jpg 300w, https:\/\/plantasdobrasil.com.br\/curso-de-dendrologia\/wp-content\/uploads\/2018\/02\/Platypodium-elegans-ebook-100x100.jpg 100w\" sizes=\"auto, (max-width: 150px) 100vw, 150px\" \/><\/a>\n\t\t\t<\/dt>\n\t\t\t\t<dd class='wp-caption-text gallery-caption' id='gallery-1-7359'>\n\t\t\t\tS\u00e2mara (Platypodium elegans)\n\t\t\t\t<\/dd><\/dl><dl class='gallery-item'>\n\t\t\t<dt class='gallery-icon portrait'>\n\t\t\t\t<a href='https:\/\/plantasdobrasil.com.br\/curso-de-dendrologia\/terminologia-dendrologica\/fruto\/raulinoreitzia-leptophlebia-ebook\/'><img loading=\"lazy\" decoding=\"async\" width=\"150\" height=\"150\" src=\"https:\/\/plantasdobrasil.com.br\/curso-de-dendrologia\/wp-content\/uploads\/2018\/02\/Raulinoreitzia-leptophlebia-ebook-150x150.jpg\" class=\"attachment-thumbnail size-thumbnail\" alt=\"\" aria-describedby=\"gallery-1-7360\" srcset=\"https:\/\/plantasdobrasil.com.br\/curso-de-dendrologia\/wp-content\/uploads\/2018\/02\/Raulinoreitzia-leptophlebia-ebook-150x150.jpg 150w, https:\/\/plantasdobrasil.com.br\/curso-de-dendrologia\/wp-content\/uploads\/2018\/02\/Raulinoreitzia-leptophlebia-ebook-300x300.jpg 300w, https:\/\/plantasdobrasil.com.br\/curso-de-dendrologia\/wp-content\/uploads\/2018\/02\/Raulinoreitzia-leptophlebia-ebook-100x100.jpg 100w\" sizes=\"auto, (max-width: 150px) 100vw, 150px\" \/><\/a>\n\t\t\t<\/dt>\n\t\t\t\t<dd class='wp-caption-text gallery-caption' id='gallery-1-7360'>\n\t\t\t\tCipsela (Raulinoreitzia leptophlebia)\n\t\t\t\t<\/dd><\/dl><br style=\"clear: both\" \/><dl class='gallery-item'>\n\t\t\t<dt class='gallery-icon portrait'>\n\t\t\t\t<a href='https:\/\/plantasdobrasil.com.br\/curso-de-dendrologia\/terminologia-dendrologica\/fruto\/solanum-lycocarpum-ebook-2\/'><img loading=\"lazy\" decoding=\"async\" width=\"150\" height=\"150\" src=\"https:\/\/plantasdobrasil.com.br\/curso-de-dendrologia\/wp-content\/uploads\/2018\/02\/Solanum-lycocarpum-ebook-1-150x150.jpg\" class=\"attachment-thumbnail size-thumbnail\" alt=\"\" aria-describedby=\"gallery-1-7361\" srcset=\"https:\/\/plantasdobrasil.com.br\/curso-de-dendrologia\/wp-content\/uploads\/2018\/02\/Solanum-lycocarpum-ebook-1-150x150.jpg 150w, https:\/\/plantasdobrasil.com.br\/curso-de-dendrologia\/wp-content\/uploads\/2018\/02\/Solanum-lycocarpum-ebook-1-300x300.jpg 300w, https:\/\/plantasdobrasil.com.br\/curso-de-dendrologia\/wp-content\/uploads\/2018\/02\/Solanum-lycocarpum-ebook-1-100x100.jpg 100w\" sizes=\"auto, (max-width: 150px) 100vw, 150px\" \/><\/a>\n\t\t\t<\/dt>\n\t\t\t\t<dd class='wp-caption-text gallery-caption' id='gallery-1-7361'>\n\t\t\t\tBaga (Solanum lycocarpum)\n\t\t\t\t<\/dd><\/dl><dl class='gallery-item'>\n\t\t\t<dt class='gallery-icon portrait'>\n\t\t\t\t<a href='https:\/\/plantasdobrasil.com.br\/curso-de-dendrologia\/terminologia-dendrologica\/fruto\/aspidosperma-australe-ebook\/'><img loading=\"lazy\" decoding=\"async\" width=\"150\" height=\"150\" src=\"https:\/\/plantasdobrasil.com.br\/curso-de-dendrologia\/wp-content\/uploads\/2018\/02\/Aspidosperma-australe-ebook-150x150.jpg\" class=\"attachment-thumbnail size-thumbnail\" alt=\"\" aria-describedby=\"gallery-1-7362\" srcset=\"https:\/\/plantasdobrasil.com.br\/curso-de-dendrologia\/wp-content\/uploads\/2018\/02\/Aspidosperma-australe-ebook-150x150.jpg 150w, https:\/\/plantasdobrasil.com.br\/curso-de-dendrologia\/wp-content\/uploads\/2018\/02\/Aspidosperma-australe-ebook-300x300.jpg 300w, https:\/\/plantasdobrasil.com.br\/curso-de-dendrologia\/wp-content\/uploads\/2018\/02\/Aspidosperma-australe-ebook-100x100.jpg 100w\" sizes=\"auto, (max-width: 150px) 100vw, 150px\" \/><\/a>\n\t\t\t<\/dt>\n\t\t\t\t<dd class='wp-caption-text gallery-caption' id='gallery-1-7362'>\n\t\t\t\tFol\u00edculo (Aspidosperma australe)\n\t\t\t\t<\/dd><\/dl><dl class='gallery-item'>\n\t\t\t<dt class='gallery-icon portrait'>\n\t\t\t\t<a href='https:\/\/plantasdobrasil.com.br\/curso-de-dendrologia\/terminologia-dendrologica\/fruto\/handroanthus-chrysotrichus-ebook-2\/'><img loading=\"lazy\" decoding=\"async\" width=\"150\" height=\"150\" src=\"https:\/\/plantasdobrasil.com.br\/curso-de-dendrologia\/wp-content\/uploads\/2018\/02\/Handroanthus-chrysotrichus-ebook-1-150x150.jpg\" class=\"attachment-thumbnail size-thumbnail\" alt=\"\" aria-describedby=\"gallery-1-7355\" srcset=\"https:\/\/plantasdobrasil.com.br\/curso-de-dendrologia\/wp-content\/uploads\/2018\/02\/Handroanthus-chrysotrichus-ebook-1-150x150.jpg 150w, https:\/\/plantasdobrasil.com.br\/curso-de-dendrologia\/wp-content\/uploads\/2018\/02\/Handroanthus-chrysotrichus-ebook-1-300x300.jpg 300w, https:\/\/plantasdobrasil.com.br\/curso-de-dendrologia\/wp-content\/uploads\/2018\/02\/Handroanthus-chrysotrichus-ebook-1-100x100.jpg 100w\" sizes=\"auto, (max-width: 150px) 100vw, 150px\" \/><\/a>\n\t\t\t<\/dt>\n\t\t\t\t<dd class='wp-caption-text gallery-caption' id='gallery-1-7355'>\n\t\t\t\tSiliqua (Handroanthus chrysotrichus)\n\t\t\t\t<\/dd><\/dl>\n\t\t\t<br style='clear: both' \/>\n\t\t<\/div>\n\n<p>&nbsp;<\/p>\n<h4><strong>Frutos Compostos<\/strong><\/h4>\n<p>Os frutos compostos derivam do desenvolvimento de mais de um ov\u00e1rio. S\u00e3o divididos em agregados e m\u00faltiplos. Os frutos agregados s\u00e3o formados pelo desenvolvimento de v\u00e1rios carpelos de uma mesma flor, como por exemplo, os da magn\u00f3lia (<em>Magnolia grandiflora<\/em>). J\u00e1 os frutos m\u00faltiplos, s\u00e3o aqueles formados pelos gineceus de v\u00e1rias flores (infloresc\u00eancia), como na amora-preta (<em>Morus nigra<\/em>) e nas figueiras (<em>Ficus spp.<\/em>).<\/p>\n<p>As principais formas de frutos compostos s\u00e3o:<\/p>\n<p><strong>Sic\u00f4nio:<\/strong> possui recept\u00e1culo carnudo em forma de urna, com numerosos frutos aderidos na parede internas (<em>Ficus spp.<\/em>).<\/p>\n<p><strong>Amora:<\/strong> resultante do desenvolvimento do ov\u00e1rio de diversas flores reunidas sobre um recept\u00e1culo comum (<em>Morus spp.<\/em>).<\/p>\n<p><strong>Sorose:<\/strong> quando as<span class=\"st\"> flores se inserem em um eixo comum que tamb\u00e9m se desenvolve (<em>Ananas spp<\/em>).<\/span><\/p>\n<p><strong>Estr\u00f3bilo (ou cone): <\/strong>infrutesc\u00eancia composta de frutos separados por br\u00e1cteas lenhosas, como na casuarina (<em>Casuarina spp.<\/em>).<\/p>\n","protected":false},"excerpt":{"rendered":"<p>Em termos bot\u00e2nicos, o fruto \u00e9 o ov\u00e1rio maduro da flor das angiospermas. Ap\u00f3s o processo de fecunda\u00e7\u00e3o, o ov\u00e1rio da flor desenvolve-se e forma o fruto, e os \u00f3vulos, as sementes. Os frutos t\u00eam como fun\u00e7\u00e3o proteger as sementes e auxiliar na dispers\u00e3o.<\/p>\n","protected":false},"author":2,"featured_media":0,"parent":199,"menu_order":62,"comment_status":"open","ping_status":"open","template":"","meta":{"content-type":"","_exactmetrics_skip_tracking":false,"_exactmetrics_sitenote_active":false,"_exactmetrics_sitenote_note":"","_exactmetrics_sitenote_category":0,"_joinchat":[],"footnotes":""},"class_list":["post-289","page","type-page","status-publish","hentry"],"_links":{"self":[{"href":"https:\/\/plantasdobrasil.com.br\/curso-de-dendrologia\/wp-json\/wp\/v2\/pages\/289","targetHints":{"allow":["GET"]}}],"collection":[{"href":"https:\/\/plantasdobrasil.com.br\/curso-de-dendrologia\/wp-json\/wp\/v2\/pages"}],"about":[{"href":"https:\/\/plantasdobrasil.com.br\/curso-de-dendrologia\/wp-json\/wp\/v2\/types\/page"}],"author":[{"embeddable":true,"href":"https:\/\/plantasdobrasil.com.br\/curso-de-dendrologia\/wp-json\/wp\/v2\/users\/2"}],"replies":[{"embeddable":true,"href":"https:\/\/plantasdobrasil.com.br\/curso-de-dendrologia\/wp-json\/wp\/v2\/comments?post=289"}],"version-history":[{"count":20,"href":"https:\/\/plantasdobrasil.com.br\/curso-de-dendrologia\/wp-json\/wp\/v2\/pages\/289\/revisions"}],"predecessor-version":[{"id":7600,"href":"https:\/\/plantasdobrasil.com.br\/curso-de-dendrologia\/wp-json\/wp\/v2\/pages\/289\/revisions\/7600"}],"up":[{"embeddable":true,"href":"https:\/\/plantasdobrasil.com.br\/curso-de-dendrologia\/wp-json\/wp\/v2\/pages\/199"}],"wp:attachment":[{"href":"https:\/\/plantasdobrasil.com.br\/curso-de-dendrologia\/wp-json\/wp\/v2\/media?parent=289"}],"curies":[{"name":"wp","href":"https:\/\/api.w.org\/{rel}","templated":true}]}}