{"id":3579,"date":"2017-05-14T22:39:04","date_gmt":"2017-05-14T22:39:04","guid":{"rendered":"http:\/\/plantasdobrasil.com.br\/curso-de-dendrologia\/?page_id=3579"},"modified":"2018-01-30T02:22:41","modified_gmt":"2018-01-30T02:22:41","slug":"mata-atlantica","status":"publish","type":"page","link":"https:\/\/plantasdobrasil.com.br\/curso-de-dendrologia\/dominios-fitogeograficos\/mata-atlantica\/","title":{"rendered":"Mata Atl\u00e2ntica"},"content":{"rendered":"<p>A Mata Atl\u00e2ntica e seus ecossistemas associados envolvem uma \u00e1rea de 1,1 milh\u00e3o de km<sup>2<\/sup> (13% do territ\u00f3rio brasileiro). Contudo, em virtude de s\u00e9culos de destrui\u00e7\u00e3o ambiental, a \u00e1rea florestal da Mata Atl\u00e2ntica foi reduzida a apenas cerca de 218 mil km<sup>2<\/sup>, altamente fragmentados. N\u00e3o obstante, a Mata Atl\u00e2ntica ainda abriga parcela significativa da diversidade biol\u00f3gica do Brasil.<\/p>\n<p>&nbsp;<\/p>\n<p>Esse dom\u00ednio fotogeogr\u00e1fico \u00e9 composto por diversas forma\u00e7\u00f5es florestais, como floresta ombr\u00f3fila (densa, mista e aberta), floresta estacional semidecidual e estacional decidual, manguezais, restingas e campos de altitude associados e brejos interioranos no Nordeste. As florestas com Arauc\u00e1ria (ombr\u00f3fila mista) ocorrem nos planaltos da regi\u00e3o Sul situados a oeste da Serra do Mar. H\u00e1 um grande n\u00famero de esp\u00e9cies amea\u00e7adas de extin\u00e7\u00e3o nesse bioma.<\/p>\n<div id=\"attachment_7155\" style=\"width: 1295px\" class=\"wp-caption aligncenter\"><img loading=\"lazy\" decoding=\"async\" aria-describedby=\"caption-attachment-7155\" class=\"size-full wp-image-7155\" src=\"http:\/\/plantasdobrasil.com.br\/curso-de-dendrologia\/wp-content\/uploads\/2018\/01\/dominios_da_mata_atlantica.png\" alt=\"\" width=\"1285\" height=\"1505\" srcset=\"https:\/\/plantasdobrasil.com.br\/curso-de-dendrologia\/wp-content\/uploads\/2018\/01\/dominios_da_mata_atlantica.png 1285w, https:\/\/plantasdobrasil.com.br\/curso-de-dendrologia\/wp-content\/uploads\/2018\/01\/dominios_da_mata_atlantica-600x703.png 600w, https:\/\/plantasdobrasil.com.br\/curso-de-dendrologia\/wp-content\/uploads\/2018\/01\/dominios_da_mata_atlantica-768x899.png 768w\" sizes=\"auto, (max-width: 1285px) 100vw, 1285px\" \/><p id=\"caption-attachment-7155\" class=\"wp-caption-text\">Figura 1 \u2013 Mapa dos tipos de Vegeta\u00e7\u00e3o do Dom\u00ednio Mata Atl\u00e2ntica<\/p><\/div>\n","protected":false},"excerpt":{"rendered":"<p>A Mata Atl\u00e2ntica e seus ecossistemas associados envolvem uma \u00e1rea de 1,1 milh\u00e3o de km2 (13% do territ\u00f3rio brasileiro). Contudo, em virtude de s\u00e9culos de destrui\u00e7\u00e3o ambiental, a \u00e1rea florestal da Mata Atl\u00e2ntica foi reduzida a apenas cerca de 218 mil km2, altamente fragmentados. N\u00e3o obstante, a Mata Atl\u00e2ntica ainda abriga parcela significativa da diversidade [&hellip;]<\/p>\n","protected":false},"author":1,"featured_media":0,"parent":3570,"menu_order":74,"comment_status":"open","ping_status":"open","template":"","meta":{"content-type":"","_exactmetrics_skip_tracking":false,"_exactmetrics_sitenote_active":false,"_exactmetrics_sitenote_note":"","_exactmetrics_sitenote_category":0,"_joinchat":[],"footnotes":""},"class_list":["post-3579","page","type-page","status-publish","hentry"],"_links":{"self":[{"href":"https:\/\/plantasdobrasil.com.br\/curso-de-dendrologia\/wp-json\/wp\/v2\/pages\/3579","targetHints":{"allow":["GET"]}}],"collection":[{"href":"https:\/\/plantasdobrasil.com.br\/curso-de-dendrologia\/wp-json\/wp\/v2\/pages"}],"about":[{"href":"https:\/\/plantasdobrasil.com.br\/curso-de-dendrologia\/wp-json\/wp\/v2\/types\/page"}],"author":[{"embeddable":true,"href":"https:\/\/plantasdobrasil.com.br\/curso-de-dendrologia\/wp-json\/wp\/v2\/users\/1"}],"replies":[{"embeddable":true,"href":"https:\/\/plantasdobrasil.com.br\/curso-de-dendrologia\/wp-json\/wp\/v2\/comments?post=3579"}],"version-history":[{"count":5,"href":"https:\/\/plantasdobrasil.com.br\/curso-de-dendrologia\/wp-json\/wp\/v2\/pages\/3579\/revisions"}],"predecessor-version":[{"id":7172,"href":"https:\/\/plantasdobrasil.com.br\/curso-de-dendrologia\/wp-json\/wp\/v2\/pages\/3579\/revisions\/7172"}],"up":[{"embeddable":true,"href":"https:\/\/plantasdobrasil.com.br\/curso-de-dendrologia\/wp-json\/wp\/v2\/pages\/3570"}],"wp:attachment":[{"href":"https:\/\/plantasdobrasil.com.br\/curso-de-dendrologia\/wp-json\/wp\/v2\/media?parent=3579"}],"curies":[{"name":"wp","href":"https:\/\/api.w.org\/{rel}","templated":true}]}}