{"id":3729,"date":"2017-05-14T23:24:17","date_gmt":"2017-05-14T23:24:17","guid":{"rendered":"http:\/\/plantasdobrasil.com.br\/curso-de-dendrologia\/?page_id=3729"},"modified":"2025-01-09T18:42:03","modified_gmt":"2025-01-09T21:42:03","slug":"tipos-de-vegetacao","status":"publish","type":"page","link":"https:\/\/plantasdobrasil.com.br\/curso-de-dendrologia\/tipos-de-vegetacao\/","title":{"rendered":"Tipos de Vegeta\u00e7\u00e3o"},"content":{"rendered":"<p>De acordo com o IBGE (2004), s\u00e3o reconhecidos os seguintes tipos de vegeta\u00e7\u00e3o no Brasil:<\/p>\n<p><!--more--><\/p>\n<p style=\"text-align: center;\"><img loading=\"lazy\" decoding=\"async\" class=\"size-full wp-image-6771 aligncenter\" src=\"https:\/\/plantasdobrasil.com.br\/curso-de-dendrologia\/wp-content\/uploads\/2018\/01\/Tipos-de-Vegeta\u00e7\u00e3o.jpg\" alt=\"\" width=\"825\" height=\"834\" srcset=\"https:\/\/plantasdobrasil.com.br\/curso-de-dendrologia\/wp-content\/uploads\/2018\/01\/Tipos-de-Vegeta\u00e7\u00e3o.jpg 825w, https:\/\/plantasdobrasil.com.br\/curso-de-dendrologia\/wp-content\/uploads\/2018\/01\/Tipos-de-Vegeta\u00e7\u00e3o-100x100.jpg 100w, https:\/\/plantasdobrasil.com.br\/curso-de-dendrologia\/wp-content\/uploads\/2018\/01\/Tipos-de-Vegeta\u00e7\u00e3o-600x607.jpg 600w, https:\/\/plantasdobrasil.com.br\/curso-de-dendrologia\/wp-content\/uploads\/2018\/01\/Tipos-de-Vegeta\u00e7\u00e3o-768x776.jpg 768w\" sizes=\"auto, (max-width: 825px) 100vw, 825px\" \/><\/p>\n<p>&nbsp;<\/p>\n<p>Saiba mais sobre cada um dos tipos:<\/p>\n<ul>\n<li>\n<h4><a href=\"https:\/\/plantasdobrasil.com.br\/curso-de-dendrologia\/tipos-de-vegetacao\/floresta-ombrofila-densa\/\">Floresta Ombr\u00f3fila Densa<\/a><\/h4>\n<\/li>\n<li>\n<h4><a href=\"https:\/\/plantasdobrasil.com.br\/curso-de-dendrologia\/tipos-de-vegetacao\/floresta-ombrofila-aberta\/\">Floresta Ombr\u00f3fila Aberta<\/a><\/h4>\n<\/li>\n<li>\n<h4><a href=\"https:\/\/plantasdobrasil.com.br\/curso-de-dendrologia\/tipos-de-vegetacao\/floresta-ombrofila-mista\/\">Floresta Ombr\u00f3fila Mista<\/a><\/h4>\n<\/li>\n<li>\n<h4><a href=\"https:\/\/plantasdobrasil.com.br\/curso-de-dendrologia\/tipos-de-vegetacao\/floresta-estacional-semidecidual\/\">Floresta Estacional Semidecidual<\/a><\/h4>\n<\/li>\n<li>\n<h4><a href=\"https:\/\/plantasdobrasil.com.br\/curso-de-dendrologia\/tipos-de-vegetacao\/floresta-estacional-decidual\/\">Floresta Estacional Decidual<\/a><\/h4>\n<\/li>\n<li>\n<h4><a href=\"https:\/\/plantasdobrasil.com.br\/curso-de-dendrologia\/tipos-de-vegetacao\/campinarana\/\">Campinarana<\/a><\/h4>\n<\/li>\n<li>\n<h4><a href=\"https:\/\/plantasdobrasil.com.br\/curso-de-dendrologia\/tipos-de-vegetacao\/savana\/\">Savana<\/a><\/h4>\n<\/li>\n<li>\n<h4><a href=\"https:\/\/plantasdobrasil.com.br\/curso-de-dendrologia\/tipos-de-vegetacao\/savana-estepica\/\">Savana Est\u00e9pica<\/a><\/h4>\n<\/li>\n<li>\n<h4><a href=\"https:\/\/plantasdobrasil.com.br\/curso-de-dendrologia\/tipos-de-vegetacao\/estepe\/\">Estepe<\/a><\/h4>\n<\/li>\n<li>\n<h4><a href=\"https:\/\/plantasdobrasil.com.br\/curso-de-dendrologia\/tipos-de-vegetacao\/areas-de-formacoes-pioneiras\/\">\u00c1reas de Forma\u00e7\u00f5es Pioneiras<\/a><\/h4>\n<\/li>\n<li>\n<h4><a href=\"https:\/\/plantasdobrasil.com.br\/curso-de-dendrologia\/tipos-de-vegetacao\/area-de-tensao-ecologica\/\">\u00c1rea de Tens\u00e3o Ecol\u00f3gica<\/a><\/h4>\n<\/li>\n<li>\n<h4><a href=\"https:\/\/plantasdobrasil.com.br\/curso-de-dendrologia\/tipos-de-vegetacao\/refugio-ecologico\/\">Ref\u00fagio Ecol\u00f3gico<\/a><\/h4>\n<\/li>\n<\/ul>\n<p>&nbsp;<\/p>\n<h3 style=\"text-align: center;\">Mapa de Vegeta\u00e7\u00e3o do Brasil (IBGE, 2004)<\/h3>\n<p style=\"text-align: center;\"><span style=\"color: #ff0000;\"><em>Passe o mouse para ampliar<\/em><\/span><\/p>\n<p><img loading=\"lazy\" decoding=\"async\" class=\"wp-image-6877 zoooom aligncenter\" src=\"https:\/\/plantasdobrasil.com.br\/curso-de-dendrologia\/wp-content\/uploads\/2018\/01\/mapa-brasil-vegetacao-ibge-2004-2000x1543.png\" alt=\"\" width=\"715\" height=\"552\" srcset=\"https:\/\/plantasdobrasil.com.br\/curso-de-dendrologia\/wp-content\/uploads\/2018\/01\/mapa-brasil-vegetacao-ibge-2004-2000x1543.png 2000w, https:\/\/plantasdobrasil.com.br\/curso-de-dendrologia\/wp-content\/uploads\/2018\/01\/mapa-brasil-vegetacao-ibge-2004-600x463.png 600w, https:\/\/plantasdobrasil.com.br\/curso-de-dendrologia\/wp-content\/uploads\/2018\/01\/mapa-brasil-vegetacao-ibge-2004-768x593.png 768w\" sizes=\"auto, (max-width: 715px) 100vw, 715px\" \/><\/p>\n<p>&nbsp;<\/p>\n<p>Para baixar este mapa em alta resolu\u00e7\u00e3o, acesse o <a href=\"https:\/\/plantasdobrasil.com.br\/curso-de-dendrologia\/gerenciador-de-downloads\/\"><strong>GERENCIADOR DE DOWNLOADS<\/strong><\/a>.<\/p>\n<p>&nbsp;<\/p>\n<hr \/>\n<p>&nbsp;<\/p>\n<p>Cabe ressaltar que as listas de esp\u00e9cies, dispon\u00edveis aqui no curso, s\u00e3o organizadas de acordo com os tipos de vegeta\u00e7\u00e3o adotados na Flora do Brasil 2020. <a href=\"https:\/\/plantasdobrasil.com.br\/curso-de-dendrologia\/tipos-de-vegetacao\/tipos-de-vegetacao-flora-do-brasil\/\"><strong>CLIQUE AQUI<\/strong><\/a> e saiba mais sobre todos os tipos.<\/p>\n","protected":false},"excerpt":{"rendered":"<p>Tipos de Vegeta\u00e7\u00e3o<\/p>\n","protected":false},"author":1,"featured_media":0,"parent":0,"menu_order":99,"comment_status":"open","ping_status":"open","template":"","meta":{"content-type":"","_exactmetrics_skip_tracking":false,"_exactmetrics_sitenote_active":false,"_exactmetrics_sitenote_note":"","_exactmetrics_sitenote_category":0,"_joinchat":[],"footnotes":""},"class_list":["post-3729","page","type-page","status-publish","hentry"],"_links":{"self":[{"href":"https:\/\/plantasdobrasil.com.br\/curso-de-dendrologia\/wp-json\/wp\/v2\/pages\/3729","targetHints":{"allow":["GET"]}}],"collection":[{"href":"https:\/\/plantasdobrasil.com.br\/curso-de-dendrologia\/wp-json\/wp\/v2\/pages"}],"about":[{"href":"https:\/\/plantasdobrasil.com.br\/curso-de-dendrologia\/wp-json\/wp\/v2\/types\/page"}],"author":[{"embeddable":true,"href":"https:\/\/plantasdobrasil.com.br\/curso-de-dendrologia\/wp-json\/wp\/v2\/users\/1"}],"replies":[{"embeddable":true,"href":"https:\/\/plantasdobrasil.com.br\/curso-de-dendrologia\/wp-json\/wp\/v2\/comments?post=3729"}],"version-history":[{"count":39,"href":"https:\/\/plantasdobrasil.com.br\/curso-de-dendrologia\/wp-json\/wp\/v2\/pages\/3729\/revisions"}],"predecessor-version":[{"id":10529,"href":"https:\/\/plantasdobrasil.com.br\/curso-de-dendrologia\/wp-json\/wp\/v2\/pages\/3729\/revisions\/10529"}],"wp:attachment":[{"href":"https:\/\/plantasdobrasil.com.br\/curso-de-dendrologia\/wp-json\/wp\/v2\/media?parent=3729"}],"curies":[{"name":"wp","href":"https:\/\/api.w.org\/{rel}","templated":true}]}}