{"id":5478,"date":"2017-06-02T19:03:43","date_gmt":"2017-06-02T19:03:43","guid":{"rendered":"http:\/\/plantasdobrasil.com.br\/curso-de-dendrologia\/?page_id=5478"},"modified":"2017-09-05T19:10:01","modified_gmt":"2017-09-05T19:10:01","slug":"forma-do-tronco","status":"publish","type":"page","link":"https:\/\/plantasdobrasil.com.br\/curso-de-dendrologia\/terminologia-dendrologica\/tronco\/forma-do-tronco\/","title":{"rendered":"Forma do Tronco"},"content":{"rendered":"<p>Quando analisado em seu comprimento ou quando observamos de uma determinada dist\u00e2ncia, quatro padr\u00f5es b\u00e1sicos podem ser observados: reto, tortuoso,\u00a0inclinado e retorcido.<\/p>\n<p>&nbsp;<\/p>\n<p><!--more--><\/p>\n<p><strong>Reto:<\/strong> quando o crescimento do tronco segue uma s\u00f3 dire\u00e7\u00e3o, praticamente perpendicular ao plano do solo.<\/p>\n<div id='gallery-1' class='gallery galleryid-5478 gallery-columns-4 gallery-size-thumbnail'><dl class='gallery-item'>\n\t\t\t<dt class='gallery-icon portrait'>\n\t\t\t\t<a href='https:\/\/plantasdobrasil.com.br\/curso-de-dendrologia\/terminologia-dendrologica\/tronco\/araucaria-angustifolia-4\/'><img loading=\"lazy\" decoding=\"async\" width=\"150\" height=\"150\" src=\"https:\/\/plantasdobrasil.com.br\/curso-de-dendrologia\/wp-content\/uploads\/2017\/05\/Araucaria-angustifolia-2-150x150.jpg\" class=\"attachment-thumbnail size-thumbnail\" alt=\"\" srcset=\"https:\/\/plantasdobrasil.com.br\/curso-de-dendrologia\/wp-content\/uploads\/2017\/05\/Araucaria-angustifolia-2-150x150.jpg 150w, https:\/\/plantasdobrasil.com.br\/curso-de-dendrologia\/wp-content\/uploads\/2017\/05\/Araucaria-angustifolia-2-300x300.jpg 300w, https:\/\/plantasdobrasil.com.br\/curso-de-dendrologia\/wp-content\/uploads\/2017\/05\/Araucaria-angustifolia-2-100x100.jpg 100w\" sizes=\"auto, (max-width: 150px) 100vw, 150px\" \/><\/a>\n\t\t\t<\/dt><\/dl><dl class='gallery-item'>\n\t\t\t<dt class='gallery-icon portrait'>\n\t\t\t\t<a href='https:\/\/plantasdobrasil.com.br\/curso-de-dendrologia\/terminologia-dendrologica\/tronco\/mauritia-flexuosa-3\/'><img loading=\"lazy\" decoding=\"async\" width=\"150\" height=\"150\" src=\"https:\/\/plantasdobrasil.com.br\/curso-de-dendrologia\/wp-content\/uploads\/2017\/05\/Mauritia-flexuosa-1-150x150.jpg\" class=\"attachment-thumbnail size-thumbnail\" alt=\"\" srcset=\"https:\/\/plantasdobrasil.com.br\/curso-de-dendrologia\/wp-content\/uploads\/2017\/05\/Mauritia-flexuosa-1-150x150.jpg 150w, https:\/\/plantasdobrasil.com.br\/curso-de-dendrologia\/wp-content\/uploads\/2017\/05\/Mauritia-flexuosa-1-300x300.jpg 300w, https:\/\/plantasdobrasil.com.br\/curso-de-dendrologia\/wp-content\/uploads\/2017\/05\/Mauritia-flexuosa-1-100x100.jpg 100w\" sizes=\"auto, (max-width: 150px) 100vw, 150px\" \/><\/a>\n\t\t\t<\/dt><\/dl><dl class='gallery-item'>\n\t\t\t<dt class='gallery-icon portrait'>\n\t\t\t\t<a href='https:\/\/plantasdobrasil.com.br\/curso-de-dendrologia\/terminologia-dendrologica\/tronco\/myrsine-coriacea-2\/'><img loading=\"lazy\" decoding=\"async\" width=\"150\" height=\"150\" src=\"https:\/\/plantasdobrasil.com.br\/curso-de-dendrologia\/wp-content\/uploads\/2017\/05\/Myrsine-coriacea-150x150.jpg\" class=\"attachment-thumbnail size-thumbnail\" alt=\"\" srcset=\"https:\/\/plantasdobrasil.com.br\/curso-de-dendrologia\/wp-content\/uploads\/2017\/05\/Myrsine-coriacea-150x150.jpg 150w, https:\/\/plantasdobrasil.com.br\/curso-de-dendrologia\/wp-content\/uploads\/2017\/05\/Myrsine-coriacea-300x300.jpg 300w, https:\/\/plantasdobrasil.com.br\/curso-de-dendrologia\/wp-content\/uploads\/2017\/05\/Myrsine-coriacea-100x100.jpg 100w\" sizes=\"auto, (max-width: 150px) 100vw, 150px\" \/><\/a>\n\t\t\t<\/dt><\/dl><dl class='gallery-item'>\n\t\t\t<dt class='gallery-icon portrait'>\n\t\t\t\t<a href='https:\/\/plantasdobrasil.com.br\/curso-de-dendrologia\/terminologia-dendrologica\/tronco\/schizolobium-parahyba-3\/'><img loading=\"lazy\" decoding=\"async\" width=\"150\" height=\"150\" src=\"https:\/\/plantasdobrasil.com.br\/curso-de-dendrologia\/wp-content\/uploads\/2017\/05\/Schizolobium-parahyba-1-150x150.jpg\" class=\"attachment-thumbnail size-thumbnail\" alt=\"\" srcset=\"https:\/\/plantasdobrasil.com.br\/curso-de-dendrologia\/wp-content\/uploads\/2017\/05\/Schizolobium-parahyba-1-150x150.jpg 150w, https:\/\/plantasdobrasil.com.br\/curso-de-dendrologia\/wp-content\/uploads\/2017\/05\/Schizolobium-parahyba-1-300x300.jpg 300w, https:\/\/plantasdobrasil.com.br\/curso-de-dendrologia\/wp-content\/uploads\/2017\/05\/Schizolobium-parahyba-1-100x100.jpg 100w\" sizes=\"auto, (max-width: 150px) 100vw, 150px\" \/><\/a>\n\t\t\t<\/dt><\/dl><br style=\"clear: both\" \/><dl class='gallery-item'>\n\t\t\t<dt class='gallery-icon portrait'>\n\t\t\t\t<a href='https:\/\/plantasdobrasil.com.br\/curso-de-dendrologia\/terminologia-dendrologica\/tronco\/syagrus-romanzoffiana-3\/'><img loading=\"lazy\" decoding=\"async\" width=\"150\" height=\"150\" src=\"https:\/\/plantasdobrasil.com.br\/curso-de-dendrologia\/wp-content\/uploads\/2017\/05\/Syagrus-romanzoffiana-1-150x150.jpg\" class=\"attachment-thumbnail size-thumbnail\" alt=\"\" srcset=\"https:\/\/plantasdobrasil.com.br\/curso-de-dendrologia\/wp-content\/uploads\/2017\/05\/Syagrus-romanzoffiana-1-150x150.jpg 150w, https:\/\/plantasdobrasil.com.br\/curso-de-dendrologia\/wp-content\/uploads\/2017\/05\/Syagrus-romanzoffiana-1-300x300.jpg 300w, https:\/\/plantasdobrasil.com.br\/curso-de-dendrologia\/wp-content\/uploads\/2017\/05\/Syagrus-romanzoffiana-1-100x100.jpg 100w\" sizes=\"auto, (max-width: 150px) 100vw, 150px\" \/><\/a>\n\t\t\t<\/dt><\/dl><dl class='gallery-item'>\n\t\t\t<dt class='gallery-icon portrait'>\n\t\t\t\t<a href='https:\/\/plantasdobrasil.com.br\/curso-de-dendrologia\/terminologia-dendrologica\/tronco\/terminalia-argentea-2\/'><img loading=\"lazy\" decoding=\"async\" width=\"150\" height=\"150\" src=\"https:\/\/plantasdobrasil.com.br\/curso-de-dendrologia\/wp-content\/uploads\/2017\/05\/Terminalia-argentea-150x150.jpg\" class=\"attachment-thumbnail size-thumbnail\" alt=\"\" srcset=\"https:\/\/plantasdobrasil.com.br\/curso-de-dendrologia\/wp-content\/uploads\/2017\/05\/Terminalia-argentea-150x150.jpg 150w, https:\/\/plantasdobrasil.com.br\/curso-de-dendrologia\/wp-content\/uploads\/2017\/05\/Terminalia-argentea-300x300.jpg 300w, https:\/\/plantasdobrasil.com.br\/curso-de-dendrologia\/wp-content\/uploads\/2017\/05\/Terminalia-argentea-100x100.jpg 100w\" sizes=\"auto, (max-width: 150px) 100vw, 150px\" \/><\/a>\n\t\t\t<\/dt><\/dl>\n\t\t\t<br style='clear: both' \/>\n\t\t<\/div>\n\n<p>Exs: <em><a href=\"http:\/\/plantasdobrasil.com.br\/curso-de-dendrologia\/araucaria-angustifolia\/\">Araucaria angustifolia<\/a>, <a href=\"http:\/\/plantasdobrasil.com.br\/curso-de-dendrologia\/mauritia-flexuosa\/\">Mauritia flexuosa<\/a>, <a href=\"http:\/\/plantasdobrasil.com.br\/curso-de-dendrologia\/myrsine-coriacea\/\">Myrsine coriacea<\/a>, <a href=\"http:\/\/plantasdobrasil.com.br\/curso-de-dendrologia\/schizolobium-parahyba\/\">Schizolobium parahyba<\/a>, <a href=\"http:\/\/plantasdobrasil.com.br\/curso-de-dendrologia\/syagrus-romanzoffiana\/\">Syagrus romanzoffiana<\/a><\/em>, <em><a href=\"http:\/\/plantasdobrasil.com.br\/curso-de-dendrologia\/terminalia-argentea\/\">Terminalia argentea<\/a><\/em><\/p>\n<p><strong>Tortuoso:<\/strong> que n\u00e3o segue reto, com curvas e sinuosidades ao longo de sua extens\u00e3o. \u00c9 uma caracter\u00edstica frequente em \u00e1rvores do Cerrado e em outras forma\u00e7\u00f5es de vegeta\u00e7\u00e3o florestal aberta. No cerrado as caracter\u00edsticas do solo e do clima, bem como a elevada frequ\u00eancia de inc\u00eandios, s\u00e3o citados como os fatores combinados que induzem a tortuosidade do tronco da maioria das esp\u00e9cies.<\/p>\n<div id='gallery-2' class='gallery galleryid-5478 gallery-columns-4 gallery-size-thumbnail'><dl class='gallery-item'>\n\t\t\t<dt class='gallery-icon portrait'>\n\t\t\t\t<a href='https:\/\/plantasdobrasil.com.br\/curso-de-dendrologia\/terminologia-dendrologica\/tronco\/caryocar-brasiliense-2\/'><img loading=\"lazy\" decoding=\"async\" width=\"150\" height=\"150\" src=\"https:\/\/plantasdobrasil.com.br\/curso-de-dendrologia\/wp-content\/uploads\/2017\/05\/Caryocar-brasiliense-150x150.jpg\" class=\"attachment-thumbnail size-thumbnail\" alt=\"\" srcset=\"https:\/\/plantasdobrasil.com.br\/curso-de-dendrologia\/wp-content\/uploads\/2017\/05\/Caryocar-brasiliense-150x150.jpg 150w, https:\/\/plantasdobrasil.com.br\/curso-de-dendrologia\/wp-content\/uploads\/2017\/05\/Caryocar-brasiliense-300x300.jpg 300w, https:\/\/plantasdobrasil.com.br\/curso-de-dendrologia\/wp-content\/uploads\/2017\/05\/Caryocar-brasiliense-100x100.jpg 100w\" sizes=\"auto, (max-width: 150px) 100vw, 150px\" \/><\/a>\n\t\t\t<\/dt><\/dl><dl class='gallery-item'>\n\t\t\t<dt class='gallery-icon portrait'>\n\t\t\t\t<a href='https:\/\/plantasdobrasil.com.br\/curso-de-dendrologia\/terminologia-dendrologica\/tronco\/caryocar-coriaceum-4\/'><img loading=\"lazy\" decoding=\"async\" width=\"150\" height=\"150\" src=\"https:\/\/plantasdobrasil.com.br\/curso-de-dendrologia\/wp-content\/uploads\/2017\/05\/Caryocar-coriaceum-2-150x150.jpg\" class=\"attachment-thumbnail size-thumbnail\" alt=\"\" srcset=\"https:\/\/plantasdobrasil.com.br\/curso-de-dendrologia\/wp-content\/uploads\/2017\/05\/Caryocar-coriaceum-2-150x150.jpg 150w, https:\/\/plantasdobrasil.com.br\/curso-de-dendrologia\/wp-content\/uploads\/2017\/05\/Caryocar-coriaceum-2-300x300.jpg 300w, https:\/\/plantasdobrasil.com.br\/curso-de-dendrologia\/wp-content\/uploads\/2017\/05\/Caryocar-coriaceum-2-100x100.jpg 100w\" sizes=\"auto, (max-width: 150px) 100vw, 150px\" \/><\/a>\n\t\t\t<\/dt><\/dl><dl class='gallery-item'>\n\t\t\t<dt class='gallery-icon portrait'>\n\t\t\t\t<a href='https:\/\/plantasdobrasil.com.br\/curso-de-dendrologia\/terminologia-dendrologica\/tronco\/cybistax-antisyphilitica-4\/'><img loading=\"lazy\" decoding=\"async\" width=\"150\" height=\"150\" src=\"https:\/\/plantasdobrasil.com.br\/curso-de-dendrologia\/wp-content\/uploads\/2017\/05\/Cybistax-antisyphilitica-2-150x150.jpg\" class=\"attachment-thumbnail size-thumbnail\" alt=\"\" srcset=\"https:\/\/plantasdobrasil.com.br\/curso-de-dendrologia\/wp-content\/uploads\/2017\/05\/Cybistax-antisyphilitica-2-150x150.jpg 150w, https:\/\/plantasdobrasil.com.br\/curso-de-dendrologia\/wp-content\/uploads\/2017\/05\/Cybistax-antisyphilitica-2-300x300.jpg 300w, https:\/\/plantasdobrasil.com.br\/curso-de-dendrologia\/wp-content\/uploads\/2017\/05\/Cybistax-antisyphilitica-2-100x100.jpg 100w\" sizes=\"auto, (max-width: 150px) 100vw, 150px\" \/><\/a>\n\t\t\t<\/dt><\/dl><dl class='gallery-item'>\n\t\t\t<dt class='gallery-icon portrait'>\n\t\t\t\t<a href='https:\/\/plantasdobrasil.com.br\/curso-de-dendrologia\/terminologia-dendrologica\/tronco\/kielmeyera-rubriflora-5\/'><img loading=\"lazy\" decoding=\"async\" width=\"150\" height=\"150\" src=\"https:\/\/plantasdobrasil.com.br\/curso-de-dendrologia\/wp-content\/uploads\/2017\/05\/Kielmeyera-rubriflora-3-150x150.jpg\" class=\"attachment-thumbnail size-thumbnail\" alt=\"\" srcset=\"https:\/\/plantasdobrasil.com.br\/curso-de-dendrologia\/wp-content\/uploads\/2017\/05\/Kielmeyera-rubriflora-3-150x150.jpg 150w, https:\/\/plantasdobrasil.com.br\/curso-de-dendrologia\/wp-content\/uploads\/2017\/05\/Kielmeyera-rubriflora-3-300x300.jpg 300w, https:\/\/plantasdobrasil.com.br\/curso-de-dendrologia\/wp-content\/uploads\/2017\/05\/Kielmeyera-rubriflora-3-100x100.jpg 100w\" sizes=\"auto, (max-width: 150px) 100vw, 150px\" \/><\/a>\n\t\t\t<\/dt><\/dl><br style=\"clear: both\" \/><dl class='gallery-item'>\n\t\t\t<dt class='gallery-icon portrait'>\n\t\t\t\t<a href='https:\/\/plantasdobrasil.com.br\/curso-de-dendrologia\/terminologia-dendrologica\/tronco\/qualea-multiflora-var-pubescens-2\/'><img loading=\"lazy\" decoding=\"async\" width=\"150\" height=\"150\" src=\"https:\/\/plantasdobrasil.com.br\/curso-de-dendrologia\/wp-content\/uploads\/2017\/05\/Qualea-multiflora-var.-pubescens-150x150.jpg\" class=\"attachment-thumbnail size-thumbnail\" alt=\"\" srcset=\"https:\/\/plantasdobrasil.com.br\/curso-de-dendrologia\/wp-content\/uploads\/2017\/05\/Qualea-multiflora-var.-pubescens-150x150.jpg 150w, https:\/\/plantasdobrasil.com.br\/curso-de-dendrologia\/wp-content\/uploads\/2017\/05\/Qualea-multiflora-var.-pubescens-300x300.jpg 300w, https:\/\/plantasdobrasil.com.br\/curso-de-dendrologia\/wp-content\/uploads\/2017\/05\/Qualea-multiflora-var.-pubescens-100x100.jpg 100w\" sizes=\"auto, (max-width: 150px) 100vw, 150px\" \/><\/a>\n\t\t\t<\/dt><\/dl><dl class='gallery-item'>\n\t\t\t<dt class='gallery-icon portrait'>\n\t\t\t\t<a href='https:\/\/plantasdobrasil.com.br\/curso-de-dendrologia\/terminologia-dendrologica\/tronco\/vachellia-caven-2\/'><img loading=\"lazy\" decoding=\"async\" width=\"150\" height=\"150\" src=\"https:\/\/plantasdobrasil.com.br\/curso-de-dendrologia\/wp-content\/uploads\/2017\/05\/Vachellia-caven-150x150.jpg\" class=\"attachment-thumbnail size-thumbnail\" alt=\"\" srcset=\"https:\/\/plantasdobrasil.com.br\/curso-de-dendrologia\/wp-content\/uploads\/2017\/05\/Vachellia-caven-150x150.jpg 150w, https:\/\/plantasdobrasil.com.br\/curso-de-dendrologia\/wp-content\/uploads\/2017\/05\/Vachellia-caven-300x300.jpg 300w, https:\/\/plantasdobrasil.com.br\/curso-de-dendrologia\/wp-content\/uploads\/2017\/05\/Vachellia-caven-100x100.jpg 100w\" sizes=\"auto, (max-width: 150px) 100vw, 150px\" \/><\/a>\n\t\t\t<\/dt><\/dl>\n\t\t\t<br style='clear: both' \/>\n\t\t<\/div>\n\n<p>Exs: <em><a href=\"http:\/\/plantasdobrasil.com.br\/curso-de-dendrologia\/caryocar-coriaceum\/\">Caryocar coriaceum<\/a>, <a href=\"http:\/\/plantasdobrasil.com.br\/curso-de-dendrologia\/caryocar-brasiliense\/\">Caryocar brasiliense<\/a>, <a href=\"http:\/\/plantasdobrasil.com.br\/curso-de-dendrologia\/cybistax-antisyphilitica\/\">Cybistax antisyphilitica<\/a>, <a href=\"http:\/\/plantasdobrasil.com.br\/curso-de-dendrologia\/kielmeyera-rubriflora\/\">Kielmeyera rubriflora<\/a>, <a href=\"http:\/\/plantasdobrasil.com.br\/curso-de-dendrologia\/qualea-multiflora-var-pubescens\/\">Qualea multiflora var. pubescens<\/a>, <a href=\"http:\/\/plantasdobrasil.com.br\/curso-de-dendrologia\/vachellia-caven\/\">Vachellia caven<\/a><\/em><\/p>\n<p><strong>Inclinado: <\/strong>quando o tronco, tortuoso ou n\u00e3o, cresce numa dire\u00e7\u00e3o obl\u00edqua em rela\u00e7\u00e3o ao plano do solo.<\/p>\n<div id='gallery-3' class='gallery galleryid-5478 gallery-columns-4 gallery-size-thumbnail'><dl class='gallery-item'>\n\t\t\t<dt class='gallery-icon portrait'>\n\t\t\t\t<a href='https:\/\/plantasdobrasil.com.br\/curso-de-dendrologia\/terminologia-dendrologica\/tronco\/casearia-obliqua-3\/'><img loading=\"lazy\" decoding=\"async\" width=\"150\" height=\"150\" src=\"https:\/\/plantasdobrasil.com.br\/curso-de-dendrologia\/wp-content\/uploads\/2017\/05\/Casearia-obliqua-1-150x150.jpg\" class=\"attachment-thumbnail size-thumbnail\" alt=\"\" srcset=\"https:\/\/plantasdobrasil.com.br\/curso-de-dendrologia\/wp-content\/uploads\/2017\/05\/Casearia-obliqua-1-150x150.jpg 150w, https:\/\/plantasdobrasil.com.br\/curso-de-dendrologia\/wp-content\/uploads\/2017\/05\/Casearia-obliqua-1-300x300.jpg 300w, https:\/\/plantasdobrasil.com.br\/curso-de-dendrologia\/wp-content\/uploads\/2017\/05\/Casearia-obliqua-1-100x100.jpg 100w\" sizes=\"auto, (max-width: 150px) 100vw, 150px\" \/><\/a>\n\t\t\t<\/dt><\/dl><dl class='gallery-item'>\n\t\t\t<dt class='gallery-icon portrait'>\n\t\t\t\t<a href='https:\/\/plantasdobrasil.com.br\/curso-de-dendrologia\/terminologia-dendrologica\/tronco\/moquiniastrum-polymorphum-2\/'><img loading=\"lazy\" decoding=\"async\" width=\"150\" height=\"150\" src=\"https:\/\/plantasdobrasil.com.br\/curso-de-dendrologia\/wp-content\/uploads\/2017\/05\/Moquiniastrum-polymorphum-150x150.jpg\" class=\"attachment-thumbnail size-thumbnail\" alt=\"\" srcset=\"https:\/\/plantasdobrasil.com.br\/curso-de-dendrologia\/wp-content\/uploads\/2017\/05\/Moquiniastrum-polymorphum-150x150.jpg 150w, https:\/\/plantasdobrasil.com.br\/curso-de-dendrologia\/wp-content\/uploads\/2017\/05\/Moquiniastrum-polymorphum-300x300.jpg 300w, https:\/\/plantasdobrasil.com.br\/curso-de-dendrologia\/wp-content\/uploads\/2017\/05\/Moquiniastrum-polymorphum-100x100.jpg 100w\" sizes=\"auto, (max-width: 150px) 100vw, 150px\" \/><\/a>\n\t\t\t<\/dt><\/dl><dl class='gallery-item'>\n\t\t\t<dt class='gallery-icon portrait'>\n\t\t\t\t<a href='https:\/\/plantasdobrasil.com.br\/curso-de-dendrologia\/terminologia-dendrologica\/tronco\/prunus-myrtifolia-3\/'><img loading=\"lazy\" decoding=\"async\" width=\"150\" height=\"150\" src=\"https:\/\/plantasdobrasil.com.br\/curso-de-dendrologia\/wp-content\/uploads\/2017\/05\/Prunus-myrtifolia-1-150x150.jpg\" class=\"attachment-thumbnail size-thumbnail\" alt=\"\" srcset=\"https:\/\/plantasdobrasil.com.br\/curso-de-dendrologia\/wp-content\/uploads\/2017\/05\/Prunus-myrtifolia-1-150x150.jpg 150w, https:\/\/plantasdobrasil.com.br\/curso-de-dendrologia\/wp-content\/uploads\/2017\/05\/Prunus-myrtifolia-1-300x300.jpg 300w, https:\/\/plantasdobrasil.com.br\/curso-de-dendrologia\/wp-content\/uploads\/2017\/05\/Prunus-myrtifolia-1-100x100.jpg 100w\" sizes=\"auto, (max-width: 150px) 100vw, 150px\" \/><\/a>\n\t\t\t<\/dt><\/dl><dl class='gallery-item'>\n\t\t\t<dt class='gallery-icon portrait'>\n\t\t\t\t<a href='https:\/\/plantasdobrasil.com.br\/curso-de-dendrologia\/terminologia-dendrologica\/tronco\/zanthoxylum-riedelianum-2\/'><img loading=\"lazy\" decoding=\"async\" width=\"150\" height=\"150\" src=\"https:\/\/plantasdobrasil.com.br\/curso-de-dendrologia\/wp-content\/uploads\/2017\/05\/Zanthoxylum-riedelianum-150x150.jpg\" class=\"attachment-thumbnail size-thumbnail\" alt=\"\" srcset=\"https:\/\/plantasdobrasil.com.br\/curso-de-dendrologia\/wp-content\/uploads\/2017\/05\/Zanthoxylum-riedelianum-150x150.jpg 150w, https:\/\/plantasdobrasil.com.br\/curso-de-dendrologia\/wp-content\/uploads\/2017\/05\/Zanthoxylum-riedelianum-300x300.jpg 300w, https:\/\/plantasdobrasil.com.br\/curso-de-dendrologia\/wp-content\/uploads\/2017\/05\/Zanthoxylum-riedelianum-100x100.jpg 100w\" sizes=\"auto, (max-width: 150px) 100vw, 150px\" \/><\/a>\n\t\t\t<\/dt><\/dl><br style=\"clear: both\" \/>\n\t\t<\/div>\n\n<p>Exs: <em><a href=\"http:\/\/plantasdobrasil.com.br\/curso-de-dendrologia\/casearia-obliqua\/\">Casearia obliqua<\/a>, <a href=\"http:\/\/plantasdobrasil.com.br\/curso-de-dendrologia\/moquiniastrum-polymorphum\/\">Moquiniastrum polymorphum<\/a>, <a href=\"http:\/\/plantasdobrasil.com.br\/curso-de-dendrologia\/prunus-myrtifolia\/\">Prunus myrtifolia<\/a>, <a href=\"http:\/\/plantasdobrasil.com.br\/curso-de-dendrologia\/zanthoxylum-riedelianum\/\">Zanthoxylum riedelianum<\/a><\/em><\/p>\n<p><strong>Torcido:<\/strong> tem por padr\u00e3o desenvolver-se helicoidalmente, com com apar\u00eancia que foi torcido.<\/p>\n<div id='gallery-4' class='gallery galleryid-5478 gallery-columns-3 gallery-size-thumbnail'><dl class='gallery-item'>\n\t\t\t<dt class='gallery-icon portrait'>\n\t\t\t\t<a href='https:\/\/plantasdobrasil.com.br\/curso-de-dendrologia\/terminologia-dendrologica\/tronco\/allophylus-edulis-3\/'><img loading=\"lazy\" decoding=\"async\" width=\"150\" height=\"150\" src=\"https:\/\/plantasdobrasil.com.br\/curso-de-dendrologia\/wp-content\/uploads\/2017\/05\/Allophylus-edulis-1-150x150.jpg\" class=\"attachment-thumbnail size-thumbnail\" alt=\"\" srcset=\"https:\/\/plantasdobrasil.com.br\/curso-de-dendrologia\/wp-content\/uploads\/2017\/05\/Allophylus-edulis-1-150x150.jpg 150w, https:\/\/plantasdobrasil.com.br\/curso-de-dendrologia\/wp-content\/uploads\/2017\/05\/Allophylus-edulis-1-300x300.jpg 300w, https:\/\/plantasdobrasil.com.br\/curso-de-dendrologia\/wp-content\/uploads\/2017\/05\/Allophylus-edulis-1-100x100.jpg 100w\" sizes=\"auto, (max-width: 150px) 100vw, 150px\" \/><\/a>\n\t\t\t<\/dt><\/dl><dl class='gallery-item'>\n\t\t\t<dt class='gallery-icon portrait'>\n\t\t\t\t<a href='https:\/\/plantasdobrasil.com.br\/curso-de-dendrologia\/terminologia-dendrologica\/tronco\/curitiba-prismatica-3\/'><img loading=\"lazy\" decoding=\"async\" width=\"150\" height=\"150\" src=\"https:\/\/plantasdobrasil.com.br\/curso-de-dendrologia\/wp-content\/uploads\/2017\/05\/Curitiba-prismatica-1-150x150.jpg\" class=\"attachment-thumbnail size-thumbnail\" alt=\"\" srcset=\"https:\/\/plantasdobrasil.com.br\/curso-de-dendrologia\/wp-content\/uploads\/2017\/05\/Curitiba-prismatica-1-150x150.jpg 150w, https:\/\/plantasdobrasil.com.br\/curso-de-dendrologia\/wp-content\/uploads\/2017\/05\/Curitiba-prismatica-1-300x300.jpg 300w, https:\/\/plantasdobrasil.com.br\/curso-de-dendrologia\/wp-content\/uploads\/2017\/05\/Curitiba-prismatica-1-100x100.jpg 100w\" sizes=\"auto, (max-width: 150px) 100vw, 150px\" \/><\/a>\n\t\t\t<\/dt><\/dl><dl class='gallery-item'>\n\t\t\t<dt class='gallery-icon portrait'>\n\t\t\t\t<a href='https:\/\/plantasdobrasil.com.br\/curso-de-dendrologia\/terminologia-dendrologica\/tronco\/mimosa-sobralii-3\/'><img loading=\"lazy\" decoding=\"async\" width=\"150\" height=\"150\" src=\"https:\/\/plantasdobrasil.com.br\/curso-de-dendrologia\/wp-content\/uploads\/2017\/05\/Mimosa-sobralii-1-150x150.jpg\" class=\"attachment-thumbnail size-thumbnail\" alt=\"\" srcset=\"https:\/\/plantasdobrasil.com.br\/curso-de-dendrologia\/wp-content\/uploads\/2017\/05\/Mimosa-sobralii-1-150x150.jpg 150w, https:\/\/plantasdobrasil.com.br\/curso-de-dendrologia\/wp-content\/uploads\/2017\/05\/Mimosa-sobralii-1-300x300.jpg 300w, https:\/\/plantasdobrasil.com.br\/curso-de-dendrologia\/wp-content\/uploads\/2017\/05\/Mimosa-sobralii-1-100x100.jpg 100w\" sizes=\"auto, (max-width: 150px) 100vw, 150px\" \/><\/a>\n\t\t\t<\/dt><\/dl><br style=\"clear: both\" \/>\n\t\t<\/div>\n\n<p>Exs: <em><a href=\"http:\/\/plantasdobrasil.com.br\/curso-de-dendrologia\/allophylus-edulis\/\">Allophylus edulis<\/a>, <\/em><em><a href=\"http:\/\/plantasdobrasil.com.br\/curso-de-dendrologia\/curitiba-prismatica\/\">Curitiba prismatica<\/a>, <a href=\"http:\/\/plantasdobrasil.com.br\/curso-de-dendrologia\/mimosa-sobralii\/\">Mimosa sobralii<\/a>, <\/em><\/p>\n","protected":false},"excerpt":{"rendered":"<p>Quando analisado em seu comprimento ou quando observamos de uma determinada dist\u00e2ncia, quatro padr\u00f5es b\u00e1sicos podem ser observados: reto, tortuoso,\u00a0inclinado e retorcido. &nbsp;<\/p>\n","protected":false},"author":1,"featured_media":0,"parent":265,"menu_order":61,"comment_status":"open","ping_status":"open","template":"","meta":{"content-type":"","_exactmetrics_skip_tracking":false,"_exactmetrics_sitenote_active":false,"_exactmetrics_sitenote_note":"","_exactmetrics_sitenote_category":0,"_joinchat":[],"footnotes":""},"class_list":["post-5478","page","type-page","status-publish","hentry"],"_links":{"self":[{"href":"https:\/\/plantasdobrasil.com.br\/curso-de-dendrologia\/wp-json\/wp\/v2\/pages\/5478","targetHints":{"allow":["GET"]}}],"collection":[{"href":"https:\/\/plantasdobrasil.com.br\/curso-de-dendrologia\/wp-json\/wp\/v2\/pages"}],"about":[{"href":"https:\/\/plantasdobrasil.com.br\/curso-de-dendrologia\/wp-json\/wp\/v2\/types\/page"}],"author":[{"embeddable":true,"href":"https:\/\/plantasdobrasil.com.br\/curso-de-dendrologia\/wp-json\/wp\/v2\/users\/1"}],"replies":[{"embeddable":true,"href":"https:\/\/plantasdobrasil.com.br\/curso-de-dendrologia\/wp-json\/wp\/v2\/comments?post=5478"}],"version-history":[{"count":5,"href":"https:\/\/plantasdobrasil.com.br\/curso-de-dendrologia\/wp-json\/wp\/v2\/pages\/5478\/revisions"}],"predecessor-version":[{"id":6416,"href":"https:\/\/plantasdobrasil.com.br\/curso-de-dendrologia\/wp-json\/wp\/v2\/pages\/5478\/revisions\/6416"}],"up":[{"embeddable":true,"href":"https:\/\/plantasdobrasil.com.br\/curso-de-dendrologia\/wp-json\/wp\/v2\/pages\/265"}],"wp:attachment":[{"href":"https:\/\/plantasdobrasil.com.br\/curso-de-dendrologia\/wp-json\/wp\/v2\/media?parent=5478"}],"curies":[{"name":"wp","href":"https:\/\/api.w.org\/{rel}","templated":true}]}}