{"id":5891,"date":"2017-06-14T01:38:42","date_gmt":"2017-06-14T01:38:42","guid":{"rendered":"http:\/\/plantasdobrasil.com.br\/curso-de-dendrologia\/?page_id=5891"},"modified":"2018-02-02T18:52:45","modified_gmt":"2018-02-02T18:52:45","slug":"glandulas","status":"publish","type":"page","link":"https:\/\/plantasdobrasil.com.br\/curso-de-dendrologia\/terminologia-dendrologica\/folha\/caracteres-eventuais\/glandulas\/","title":{"rendered":"Gl\u00e2ndulas"},"content":{"rendered":"<p>Gl\u00e2ndulas, de maneira geral, tem como fun\u00e7\u00e3o acumular e secretar, alguma subst\u00e2ncia com fun\u00e7\u00e3o pr\u00e9-determinada na planta. Cabe ressaltar que algumas esp\u00e9cies apresentam gl\u00e2ndulas secretoras internas, como \u00e9 o caso do <a href=\"http:\/\/plantasdobrasil.com.br\/curso-de-dendrologia\/prunus-myrtifolia\/\"><em>Prunus myrtifolia<\/em> <\/a>(pesegueiro-bravo). A fun\u00e7\u00e3o de algumas gl\u00e2ndulas ainda \u00e9 discutida, por\u00e9m acredita-se que essa estrutura tem principalmente a fun\u00e7\u00e3o de defesa.<\/p>\n<p>A presen\u00e7a, disposi\u00e7\u00e3o e formato de tais gl\u00e2ndulas, nos permite a diagnose de in\u00fameras esp\u00e9cies e distin\u00e7\u00e3o de grupos taxon\u00f4micos. De interesse dendrol\u00f3gico, s\u00e3o relevantes os seguintes tipos de gl\u00e2ndulas:<\/p>\n<p><!--more--><\/p>\n<p><strong>Nect\u00e1rios extraflorais:<\/strong> s\u00e3o gl\u00e2ndulas produtoras de secre\u00e7\u00e3o predominante a\u00e7ucarada. \u00c9 um par\u00eanquima especializado que produz ou armazena os solutos do n\u00e9ctar.<\/p>\n<div>Essas estruturas podem atrair diferentes grupos de animais que utilizam o n\u00e9ctar extrafloral como fonte de alimento. Al\u00e9m disso, \u00e9 comum a ocorr\u00eancia de gl\u00e2ndulas nectar\u00edferas em folhas, geralmente com uma fun\u00e7\u00e3o protetora. A secre\u00e7\u00e3o a\u00e7ucarada em algumas esp\u00e9cies, exposta e facilmente acess\u00edvel, atrai formigas, que em contrapartida defendem esta fonte de alimento contra predadores.<\/div>\n<div><\/div>\n<p>Os nect\u00e1rios geralmente surgem na parte inferior do limbo, no pec\u00edolo ou ao longo da r\u00e1quis, eventualmente na margem. Podem ser s\u00e9sseis ou elevados, arredondados ou alongados.<\/p>\n<p>Para exemplificar, na fam\u00edlia <a href=\"http:\/\/plantasdobrasil.com.br\/curso-de-dendrologia\/tag\/fabaceae-mimosoideae\/\">Fabaceae-Mimosoideae<\/a>, \u00e9 comum a presen\u00e7a de nect\u00e1rios extraflorais, na maioria das vezes dispostos no pec\u00edolo ou ao longo da r\u00e1quis; na fam\u00edlia <a href=\"http:\/\/plantasdobrasil.com.br\/curso-de-dendrologia\/tag\/euphorbiaceae\/\">Euphorbiaceae<\/a>, comumente ocorrem na base do limbo e na extremidade do pec\u00edolo; o g\u00eanero <a href=\"http:\/\/plantasdobrasil.com.br\/curso-de-dendrologia\/tag\/inga\/\"><em>Inga<\/em><\/a> apresenta nect\u00e1rios extraflorais arredondados na jun\u00e7\u00e3o dos fol\u00edolos opostos na r\u00e1quis; o angico-vermelho (<a href=\"http:\/\/plantasdobrasil.com.br\/curso-de-dendrologia\/parapiptadenia-rigida\/\"><em>Parapiptadenia rigida<\/em><\/a>) possui nect\u00e1rio alongado, pr\u00f3ximo da base do pec\u00edolo; o leiteito (<a href=\"http:\/\/plantasdobrasil.com.br\/curso-de-dendrologia\/sapium-glandulosum\/\"><em>Sapium glandulosum<\/em><\/a>) possui um <span class=\"st\">par de gl\u00e2ndulas no \u00e1pice do pec\u00edolo<\/span>; o pessegueiro-bravo (<a href=\"http:\/\/plantasdobrasil.com.br\/curso-de-dendrologia\/prunus-myrtifolia\/\"><em>Prunus myrtifolia<\/em><\/a>) apresenta duas gl\u00e2ndulas oleosas arredondadas e amareladas, dispostas na extremidade inferior do limbo, pr\u00f3ximo a inser\u00e7\u00e3o do pec\u00edolo; no dedalheiro (<a href=\"http:\/\/plantasdobrasil.com.br\/curso-de-dendrologia\/lafoensia-vandelliana\/\"><em>Lafoensia vandelliana<\/em><\/a>) surge solit\u00e1ria no \u00e1pice do limbo foliar; no pau-terra (<a href=\"http:\/\/plantasdobrasil.com.br\/curso-de-dendrologia\/qualea-grandiflora\/\"><em>Qualea grandiflora<\/em><\/a>) \u00e9 encontrada no caule pr\u00f3ximo a inser\u00e7\u00e3o do pec\u00edolo foliar; e, dentre outros exemplos, cabe ainda destacar o g\u00eanero <span class=\"st\"><em>Ouratea, <\/em>que apresenta gl\u00e2ndulas nas est\u00edpulas.<\/span><\/p>\n<div id='gallery-1' class='gallery galleryid-5891 gallery-columns-4 gallery-size-thumbnail'><dl class='gallery-item'>\n\t\t\t<dt class='gallery-icon portrait'>\n\t\t\t\t<a href='https:\/\/plantasdobrasil.com.br\/curso-de-dendrologia\/terminologia-dendrologica\/folha\/caracteres-eventuais\/glandulas\/actinostemon-concolor-ebook\/'><img loading=\"lazy\" decoding=\"async\" width=\"150\" height=\"150\" src=\"https:\/\/plantasdobrasil.com.br\/curso-de-dendrologia\/wp-content\/uploads\/2018\/02\/Actinostemon-concolor-ebook-150x150.jpg\" class=\"attachment-thumbnail size-thumbnail\" alt=\"\" aria-describedby=\"gallery-1-7283\" srcset=\"https:\/\/plantasdobrasil.com.br\/curso-de-dendrologia\/wp-content\/uploads\/2018\/02\/Actinostemon-concolor-ebook-150x150.jpg 150w, https:\/\/plantasdobrasil.com.br\/curso-de-dendrologia\/wp-content\/uploads\/2018\/02\/Actinostemon-concolor-ebook-300x300.jpg 300w, https:\/\/plantasdobrasil.com.br\/curso-de-dendrologia\/wp-content\/uploads\/2018\/02\/Actinostemon-concolor-ebook-100x100.jpg 100w\" sizes=\"auto, (max-width: 150px) 100vw, 150px\" \/><\/a>\n\t\t\t<\/dt>\n\t\t\t\t<dd class='wp-caption-text gallery-caption' id='gallery-1-7283'>\n\t\t\t\tDuas gl\u00e2ndulas imersas no limbo (Actinostemon concolor)\n\t\t\t\t<\/dd><\/dl><dl class='gallery-item'>\n\t\t\t<dt class='gallery-icon portrait'>\n\t\t\t\t<a href='https:\/\/plantasdobrasil.com.br\/curso-de-dendrologia\/terminologia-dendrologica\/folha\/caracteres-eventuais\/glandulas\/prunus-myrtifolia-ebook\/'><img loading=\"lazy\" decoding=\"async\" width=\"150\" height=\"150\" src=\"https:\/\/plantasdobrasil.com.br\/curso-de-dendrologia\/wp-content\/uploads\/2018\/02\/Prunus-myrtifolia-ebook-150x150.jpg\" class=\"attachment-thumbnail size-thumbnail\" alt=\"\" aria-describedby=\"gallery-1-7290\" srcset=\"https:\/\/plantasdobrasil.com.br\/curso-de-dendrologia\/wp-content\/uploads\/2018\/02\/Prunus-myrtifolia-ebook-150x150.jpg 150w, https:\/\/plantasdobrasil.com.br\/curso-de-dendrologia\/wp-content\/uploads\/2018\/02\/Prunus-myrtifolia-ebook-300x300.jpg 300w, https:\/\/plantasdobrasil.com.br\/curso-de-dendrologia\/wp-content\/uploads\/2018\/02\/Prunus-myrtifolia-ebook-100x100.jpg 100w\" sizes=\"auto, (max-width: 150px) 100vw, 150px\" \/><\/a>\n\t\t\t<\/dt>\n\t\t\t\t<dd class='wp-caption-text gallery-caption' id='gallery-1-7290'>\n\t\t\t\tDuas gl\u00e2ndulas gl\u00e2ndulas arredondadas, dispostas na extremidade inferior do limbo (Prunus myrtifolia)\n\t\t\t\t<\/dd><\/dl><dl class='gallery-item'>\n\t\t\t<dt class='gallery-icon portrait'>\n\t\t\t\t<a href='https:\/\/plantasdobrasil.com.br\/curso-de-dendrologia\/terminologia-dendrologica\/folha\/caracteres-eventuais\/glandulas\/sapium-glandulosum-ebook\/'><img loading=\"lazy\" decoding=\"async\" width=\"150\" height=\"150\" src=\"https:\/\/plantasdobrasil.com.br\/curso-de-dendrologia\/wp-content\/uploads\/2018\/02\/Sapium-glandulosum-ebook-150x150.jpg\" class=\"attachment-thumbnail size-thumbnail\" alt=\"\" aria-describedby=\"gallery-1-7292\" srcset=\"https:\/\/plantasdobrasil.com.br\/curso-de-dendrologia\/wp-content\/uploads\/2018\/02\/Sapium-glandulosum-ebook-150x150.jpg 150w, https:\/\/plantasdobrasil.com.br\/curso-de-dendrologia\/wp-content\/uploads\/2018\/02\/Sapium-glandulosum-ebook-300x300.jpg 300w, https:\/\/plantasdobrasil.com.br\/curso-de-dendrologia\/wp-content\/uploads\/2018\/02\/Sapium-glandulosum-ebook-100x100.jpg 100w\" sizes=\"auto, (max-width: 150px) 100vw, 150px\" \/><\/a>\n\t\t\t<\/dt>\n\t\t\t\t<dd class='wp-caption-text gallery-caption' id='gallery-1-7292'>\n\t\t\t\tDuas gl\u00e2ndulas estipetadas no \u00e1pice do pec\u00edolo (Sapium glandulosum)\n\t\t\t\t<\/dd><\/dl><dl class='gallery-item'>\n\t\t\t<dt class='gallery-icon portrait'>\n\t\t\t\t<a href='https:\/\/plantasdobrasil.com.br\/curso-de-dendrologia\/terminologia-dendrologica\/folha\/caracteres-eventuais\/glandulas\/tetrorchidium-rubrivenium-ebook\/'><img loading=\"lazy\" decoding=\"async\" width=\"150\" height=\"150\" src=\"https:\/\/plantasdobrasil.com.br\/curso-de-dendrologia\/wp-content\/uploads\/2018\/02\/Tetrorchidium-rubrivenium-ebook-150x150.jpg\" class=\"attachment-thumbnail size-thumbnail\" alt=\"\" aria-describedby=\"gallery-1-7282\" srcset=\"https:\/\/plantasdobrasil.com.br\/curso-de-dendrologia\/wp-content\/uploads\/2018\/02\/Tetrorchidium-rubrivenium-ebook-150x150.jpg 150w, https:\/\/plantasdobrasil.com.br\/curso-de-dendrologia\/wp-content\/uploads\/2018\/02\/Tetrorchidium-rubrivenium-ebook-300x300.jpg 300w, https:\/\/plantasdobrasil.com.br\/curso-de-dendrologia\/wp-content\/uploads\/2018\/02\/Tetrorchidium-rubrivenium-ebook-100x100.jpg 100w\" sizes=\"auto, (max-width: 150px) 100vw, 150px\" \/><\/a>\n\t\t\t<\/dt>\n\t\t\t\t<dd class='wp-caption-text gallery-caption' id='gallery-1-7282'>\n\t\t\t\tDuas gl\u00e2ndulas no pec\u00edolo (Tetrorchidium rubrivenium)\n\t\t\t\t<\/dd><\/dl><br style=\"clear: both\" \/><dl class='gallery-item'>\n\t\t\t<dt class='gallery-icon portrait'>\n\t\t\t\t<a href='https:\/\/plantasdobrasil.com.br\/curso-de-dendrologia\/terminologia-dendrologica\/folha\/caracteres-eventuais\/glandulas\/albizia-edwallii-ebook\/'><img loading=\"lazy\" decoding=\"async\" width=\"150\" height=\"150\" src=\"https:\/\/plantasdobrasil.com.br\/curso-de-dendrologia\/wp-content\/uploads\/2018\/02\/Albizia-edwallii-ebook-150x150.jpg\" class=\"attachment-thumbnail size-thumbnail\" alt=\"\" aria-describedby=\"gallery-1-7284\" srcset=\"https:\/\/plantasdobrasil.com.br\/curso-de-dendrologia\/wp-content\/uploads\/2018\/02\/Albizia-edwallii-ebook-150x150.jpg 150w, https:\/\/plantasdobrasil.com.br\/curso-de-dendrologia\/wp-content\/uploads\/2018\/02\/Albizia-edwallii-ebook-300x300.jpg 300w, https:\/\/plantasdobrasil.com.br\/curso-de-dendrologia\/wp-content\/uploads\/2018\/02\/Albizia-edwallii-ebook-100x100.jpg 100w\" sizes=\"auto, (max-width: 150px) 100vw, 150px\" \/><\/a>\n\t\t\t<\/dt>\n\t\t\t\t<dd class='wp-caption-text gallery-caption' id='gallery-1-7284'>\n\t\t\t\tGl\u00e2ndula arredondada no pec\u00edolo (Albizia edwallii)\n\t\t\t\t<\/dd><\/dl><dl class='gallery-item'>\n\t\t\t<dt class='gallery-icon portrait'>\n\t\t\t\t<a href='https:\/\/plantasdobrasil.com.br\/curso-de-dendrologia\/terminologia-dendrologica\/folha\/caracteres-eventuais\/glandulas\/parapiptadenia-rigida-ebook\/'><img loading=\"lazy\" decoding=\"async\" width=\"150\" height=\"150\" src=\"https:\/\/plantasdobrasil.com.br\/curso-de-dendrologia\/wp-content\/uploads\/2018\/02\/Parapiptadenia-rigida-ebook-150x150.jpg\" class=\"attachment-thumbnail size-thumbnail\" alt=\"\" aria-describedby=\"gallery-1-7289\" srcset=\"https:\/\/plantasdobrasil.com.br\/curso-de-dendrologia\/wp-content\/uploads\/2018\/02\/Parapiptadenia-rigida-ebook-150x150.jpg 150w, https:\/\/plantasdobrasil.com.br\/curso-de-dendrologia\/wp-content\/uploads\/2018\/02\/Parapiptadenia-rigida-ebook-300x300.jpg 300w, https:\/\/plantasdobrasil.com.br\/curso-de-dendrologia\/wp-content\/uploads\/2018\/02\/Parapiptadenia-rigida-ebook-100x100.jpg 100w\" sizes=\"auto, (max-width: 150px) 100vw, 150px\" \/><\/a>\n\t\t\t<\/dt>\n\t\t\t\t<dd class='wp-caption-text gallery-caption' id='gallery-1-7289'>\n\t\t\t\tGl\u00e2ndula alongada  pr\u00f3ximo \u00e0 base do pec\u00edolo (Parapiptadenia rigida)\n\t\t\t\t<\/dd><\/dl><dl class='gallery-item'>\n\t\t\t<dt class='gallery-icon portrait'>\n\t\t\t\t<a href='https:\/\/plantasdobrasil.com.br\/curso-de-dendrologia\/terminologia-dendrologica\/folha\/caracteres-eventuais\/glandulas\/citharexylum-solanaceum-ebook\/'><img loading=\"lazy\" decoding=\"async\" width=\"150\" height=\"150\" src=\"https:\/\/plantasdobrasil.com.br\/curso-de-dendrologia\/wp-content\/uploads\/2018\/02\/Citharexylum-solanaceum-ebook-150x150.jpg\" class=\"attachment-thumbnail size-thumbnail\" alt=\"\" aria-describedby=\"gallery-1-7285\" srcset=\"https:\/\/plantasdobrasil.com.br\/curso-de-dendrologia\/wp-content\/uploads\/2018\/02\/Citharexylum-solanaceum-ebook-150x150.jpg 150w, https:\/\/plantasdobrasil.com.br\/curso-de-dendrologia\/wp-content\/uploads\/2018\/02\/Citharexylum-solanaceum-ebook-300x300.jpg 300w, https:\/\/plantasdobrasil.com.br\/curso-de-dendrologia\/wp-content\/uploads\/2018\/02\/Citharexylum-solanaceum-ebook-100x100.jpg 100w\" sizes=\"auto, (max-width: 150px) 100vw, 150px\" \/><\/a>\n\t\t\t<\/dt>\n\t\t\t\t<dd class='wp-caption-text gallery-caption' id='gallery-1-7285'>\n\t\t\t\tGl\u00e2ndulas grandes na base do limbo e \u00e1pice do pec\u00edolo (Citharexylum solanaceum)\n\t\t\t\t<\/dd><\/dl><dl class='gallery-item'>\n\t\t\t<dt class='gallery-icon portrait'>\n\t\t\t\t<a href='https:\/\/plantasdobrasil.com.br\/curso-de-dendrologia\/terminologia-dendrologica\/folha\/caracteres-eventuais\/glandulas\/cnidoscolus-bahianus-ebook\/'><img loading=\"lazy\" decoding=\"async\" width=\"150\" height=\"150\" src=\"https:\/\/plantasdobrasil.com.br\/curso-de-dendrologia\/wp-content\/uploads\/2018\/02\/Cnidoscolus-bahianus-ebook-150x150.jpg\" class=\"attachment-thumbnail size-thumbnail\" alt=\"\" aria-describedby=\"gallery-1-7286\" srcset=\"https:\/\/plantasdobrasil.com.br\/curso-de-dendrologia\/wp-content\/uploads\/2018\/02\/Cnidoscolus-bahianus-ebook-150x150.jpg 150w, https:\/\/plantasdobrasil.com.br\/curso-de-dendrologia\/wp-content\/uploads\/2018\/02\/Cnidoscolus-bahianus-ebook-300x300.jpg 300w, https:\/\/plantasdobrasil.com.br\/curso-de-dendrologia\/wp-content\/uploads\/2018\/02\/Cnidoscolus-bahianus-ebook-100x100.jpg 100w\" sizes=\"auto, (max-width: 150px) 100vw, 150px\" \/><\/a>\n\t\t\t<\/dt>\n\t\t\t\t<dd class='wp-caption-text gallery-caption' id='gallery-1-7286'>\n\t\t\t\tDuas gl\u00e2ndulas no \u00e1pice do pec\u00edolo (Cnidoscolus bahianus)\n\t\t\t\t<\/dd><\/dl><br style=\"clear: both\" \/><dl class='gallery-item'>\n\t\t\t<dt class='gallery-icon portrait'>\n\t\t\t\t<a href='https:\/\/plantasdobrasil.com.br\/curso-de-dendrologia\/terminologia-dendrologica\/folha\/caracteres-eventuais\/glandulas\/inga-vera-subsp-affinis-ebook\/'><img loading=\"lazy\" decoding=\"async\" width=\"150\" height=\"150\" src=\"https:\/\/plantasdobrasil.com.br\/curso-de-dendrologia\/wp-content\/uploads\/2018\/02\/Inga-vera-subsp-affinis-ebook-150x150.jpg\" class=\"attachment-thumbnail size-thumbnail\" alt=\"\" aria-describedby=\"gallery-1-7287\" srcset=\"https:\/\/plantasdobrasil.com.br\/curso-de-dendrologia\/wp-content\/uploads\/2018\/02\/Inga-vera-subsp-affinis-ebook-150x150.jpg 150w, https:\/\/plantasdobrasil.com.br\/curso-de-dendrologia\/wp-content\/uploads\/2018\/02\/Inga-vera-subsp-affinis-ebook-300x300.jpg 300w, https:\/\/plantasdobrasil.com.br\/curso-de-dendrologia\/wp-content\/uploads\/2018\/02\/Inga-vera-subsp-affinis-ebook-100x100.jpg 100w\" sizes=\"auto, (max-width: 150px) 100vw, 150px\" \/><\/a>\n\t\t\t<\/dt>\n\t\t\t\t<dd class='wp-caption-text gallery-caption' id='gallery-1-7287'>\n\t\t\t\tGl\u00e2ndulas arredondadas na jun\u00e7\u00e3o dos fol\u00edolos opostos na r\u00e1quis (Inga vera subsp affinis)\n\t\t\t\t<\/dd><\/dl><dl class='gallery-item'>\n\t\t\t<dt class='gallery-icon portrait'>\n\t\t\t\t<a href='https:\/\/plantasdobrasil.com.br\/curso-de-dendrologia\/terminologia-dendrologica\/folha\/caracteres-eventuais\/glandulas\/senna-macranthera-ebook-2\/'><img loading=\"lazy\" decoding=\"async\" width=\"150\" height=\"150\" src=\"https:\/\/plantasdobrasil.com.br\/curso-de-dendrologia\/wp-content\/uploads\/2018\/02\/Senna-macranthera-ebook-150x150.jpg\" class=\"attachment-thumbnail size-thumbnail\" alt=\"\" aria-describedby=\"gallery-1-7293\" srcset=\"https:\/\/plantasdobrasil.com.br\/curso-de-dendrologia\/wp-content\/uploads\/2018\/02\/Senna-macranthera-ebook-150x150.jpg 150w, https:\/\/plantasdobrasil.com.br\/curso-de-dendrologia\/wp-content\/uploads\/2018\/02\/Senna-macranthera-ebook-300x300.jpg 300w, https:\/\/plantasdobrasil.com.br\/curso-de-dendrologia\/wp-content\/uploads\/2018\/02\/Senna-macranthera-ebook-100x100.jpg 100w\" sizes=\"auto, (max-width: 150px) 100vw, 150px\" \/><\/a>\n\t\t\t<\/dt>\n\t\t\t\t<dd class='wp-caption-text gallery-caption' id='gallery-1-7293'>\n\t\t\t\tGl\u00e2ndula na r\u00e1quis, entre os fol\u00edolos (Senna macranthera)\n\t\t\t\t<\/dd><\/dl><dl class='gallery-item'>\n\t\t\t<dt class='gallery-icon portrait'>\n\t\t\t\t<a href='https:\/\/plantasdobrasil.com.br\/curso-de-dendrologia\/terminologia-dendrologica\/folha\/caracteres-eventuais\/glandulas\/lophanthera-lactescens-ebook-2\/'><img loading=\"lazy\" decoding=\"async\" width=\"150\" height=\"150\" src=\"https:\/\/plantasdobrasil.com.br\/curso-de-dendrologia\/wp-content\/uploads\/2018\/02\/Lophanthera-lactescens-ebook-1-150x150.jpg\" class=\"attachment-thumbnail size-thumbnail\" alt=\"\" aria-describedby=\"gallery-1-7288\" srcset=\"https:\/\/plantasdobrasil.com.br\/curso-de-dendrologia\/wp-content\/uploads\/2018\/02\/Lophanthera-lactescens-ebook-1-150x150.jpg 150w, https:\/\/plantasdobrasil.com.br\/curso-de-dendrologia\/wp-content\/uploads\/2018\/02\/Lophanthera-lactescens-ebook-1-300x300.jpg 300w, https:\/\/plantasdobrasil.com.br\/curso-de-dendrologia\/wp-content\/uploads\/2018\/02\/Lophanthera-lactescens-ebook-1-100x100.jpg 100w\" sizes=\"auto, (max-width: 150px) 100vw, 150px\" \/><\/a>\n\t\t\t<\/dt>\n\t\t\t\t<dd class='wp-caption-text gallery-caption' id='gallery-1-7288'>\n\t\t\t\tGl\u00e2ndula no pec\u00edolo (Lophanthera lactescens)\n\t\t\t\t<\/dd><\/dl><dl class='gallery-item'>\n\t\t\t<dt class='gallery-icon portrait'>\n\t\t\t\t<a href='https:\/\/plantasdobrasil.com.br\/curso-de-dendrologia\/terminologia-dendrologica\/folha\/caracteres-eventuais\/glandulas\/qualea-grandiflora-ebook\/'><img loading=\"lazy\" decoding=\"async\" width=\"150\" height=\"150\" src=\"https:\/\/plantasdobrasil.com.br\/curso-de-dendrologia\/wp-content\/uploads\/2018\/02\/Qualea-grandiflora-ebook-150x150.jpg\" class=\"attachment-thumbnail size-thumbnail\" alt=\"\" aria-describedby=\"gallery-1-7291\" srcset=\"https:\/\/plantasdobrasil.com.br\/curso-de-dendrologia\/wp-content\/uploads\/2018\/02\/Qualea-grandiflora-ebook-150x150.jpg 150w, https:\/\/plantasdobrasil.com.br\/curso-de-dendrologia\/wp-content\/uploads\/2018\/02\/Qualea-grandiflora-ebook-300x300.jpg 300w, https:\/\/plantasdobrasil.com.br\/curso-de-dendrologia\/wp-content\/uploads\/2018\/02\/Qualea-grandiflora-ebook-100x100.jpg 100w\" sizes=\"auto, (max-width: 150px) 100vw, 150px\" \/><\/a>\n\t\t\t<\/dt>\n\t\t\t\t<dd class='wp-caption-text gallery-caption' id='gallery-1-7291'>\n\t\t\t\tGl\u00e2ndula no caule pr\u00f3ximo a inser\u00e7\u00e3o do pec\u00edolo (Qualea grandiflora)\n\t\t\t\t<\/dd><\/dl><br style=\"clear: both\" \/>\n\t\t<\/div>\n\n<p>&nbsp;<\/p>\n<p><strong>Pontua\u00e7\u00f5es Transl\u00facidas:<\/strong> s\u00e3o gl\u00e2ndulas vis\u00edveis a olho nu, que tornam a l\u00e2mina foliar, quando colocada conta a luz, de certa forma transparente onde ocorrem. \u00c9 uma caracter\u00edstica t\u00edpica das fam\u00edlias Myrtaceae, Rutaceae e Salicaceae.<\/p>\n<div id='gallery-2' class='gallery galleryid-5891 gallery-columns-3 gallery-size-thumbnail'><dl class='gallery-item'>\n\t\t\t<dt class='gallery-icon portrait'>\n\t\t\t\t<a href='https:\/\/plantasdobrasil.com.br\/curso-de-dendrologia\/terminologia-dendrologica\/folha\/caracteres-eventuais\/glandulas\/casearia-sylvestris-ebook\/'><img loading=\"lazy\" decoding=\"async\" width=\"150\" height=\"150\" src=\"https:\/\/plantasdobrasil.com.br\/curso-de-dendrologia\/wp-content\/uploads\/2018\/02\/Casearia-sylvestris-ebook-150x150.jpg\" class=\"attachment-thumbnail size-thumbnail\" alt=\"\" aria-describedby=\"gallery-2-7295\" srcset=\"https:\/\/plantasdobrasil.com.br\/curso-de-dendrologia\/wp-content\/uploads\/2018\/02\/Casearia-sylvestris-ebook-150x150.jpg 150w, https:\/\/plantasdobrasil.com.br\/curso-de-dendrologia\/wp-content\/uploads\/2018\/02\/Casearia-sylvestris-ebook-300x300.jpg 300w, https:\/\/plantasdobrasil.com.br\/curso-de-dendrologia\/wp-content\/uploads\/2018\/02\/Casearia-sylvestris-ebook-100x100.jpg 100w\" sizes=\"auto, (max-width: 150px) 100vw, 150px\" \/><\/a>\n\t\t\t<\/dt>\n\t\t\t\t<dd class='wp-caption-text gallery-caption' id='gallery-2-7295'>\n\t\t\t\tCasearia sylvestris\n\t\t\t\t<\/dd><\/dl><dl class='gallery-item'>\n\t\t\t<dt class='gallery-icon portrait'>\n\t\t\t\t<a href='https:\/\/plantasdobrasil.com.br\/curso-de-dendrologia\/terminologia-dendrologica\/folha\/caracteres-eventuais\/glandulas\/eugenia-uniflora-ebook\/'><img loading=\"lazy\" decoding=\"async\" width=\"150\" height=\"150\" src=\"https:\/\/plantasdobrasil.com.br\/curso-de-dendrologia\/wp-content\/uploads\/2018\/02\/Eugenia-uniflora-ebook-150x150.jpg\" class=\"attachment-thumbnail size-thumbnail\" alt=\"\" aria-describedby=\"gallery-2-7296\" srcset=\"https:\/\/plantasdobrasil.com.br\/curso-de-dendrologia\/wp-content\/uploads\/2018\/02\/Eugenia-uniflora-ebook-150x150.jpg 150w, https:\/\/plantasdobrasil.com.br\/curso-de-dendrologia\/wp-content\/uploads\/2018\/02\/Eugenia-uniflora-ebook-300x300.jpg 300w, https:\/\/plantasdobrasil.com.br\/curso-de-dendrologia\/wp-content\/uploads\/2018\/02\/Eugenia-uniflora-ebook-100x100.jpg 100w\" sizes=\"auto, (max-width: 150px) 100vw, 150px\" \/><\/a>\n\t\t\t<\/dt>\n\t\t\t\t<dd class='wp-caption-text gallery-caption' id='gallery-2-7296'>\n\t\t\t\tEugenia uniflora\n\t\t\t\t<\/dd><\/dl><dl class='gallery-item'>\n\t\t\t<dt class='gallery-icon portrait'>\n\t\t\t\t<a href='https:\/\/plantasdobrasil.com.br\/curso-de-dendrologia\/terminologia-dendrologica\/folha\/caracteres-eventuais\/glandulas\/zanthoxylum-rhoifolium-ebook\/'><img loading=\"lazy\" decoding=\"async\" width=\"150\" height=\"150\" src=\"https:\/\/plantasdobrasil.com.br\/curso-de-dendrologia\/wp-content\/uploads\/2018\/02\/Zanthoxylum-rhoifolium-ebook-150x150.jpg\" class=\"attachment-thumbnail size-thumbnail\" alt=\"\" aria-describedby=\"gallery-2-7297\" srcset=\"https:\/\/plantasdobrasil.com.br\/curso-de-dendrologia\/wp-content\/uploads\/2018\/02\/Zanthoxylum-rhoifolium-ebook-150x150.jpg 150w, https:\/\/plantasdobrasil.com.br\/curso-de-dendrologia\/wp-content\/uploads\/2018\/02\/Zanthoxylum-rhoifolium-ebook-300x300.jpg 300w, https:\/\/plantasdobrasil.com.br\/curso-de-dendrologia\/wp-content\/uploads\/2018\/02\/Zanthoxylum-rhoifolium-ebook-100x100.jpg 100w\" sizes=\"auto, (max-width: 150px) 100vw, 150px\" \/><\/a>\n\t\t\t<\/dt>\n\t\t\t\t<dd class='wp-caption-text gallery-caption' id='gallery-2-7297'>\n\t\t\t\tZanthoxylum rhoifolium\n\t\t\t\t<\/dd><\/dl><br style=\"clear: both\" \/>\n\t\t<\/div>\n\n<p>&nbsp;<\/p>\n<p><strong>Canais Resin\u00edferos:<\/strong> s\u00e3o um tipo de tecido secretor,\u00a0formado por espa\u00e7os intercelulares, limitados pelas c\u00e9lulas par\u00eanquimatosas excretoras de resina (resin\u00f3genas). Os canais resin\u00edferos s\u00e3o bastante abundantes nas con\u00edferas, mas ocasionalmente s\u00e3o encontrados em algumas folhosas. No g\u00eanero <em>Pinus s\u00e3o <\/em>localizados no xilema, na zona de transi\u00e7\u00e3o entre o lenho jovem e o lenho tardio. Em nossa flora arb\u00f3rea nativa, a presen\u00e7a de canais resin\u00edferos na l\u00e2mina foliar \u00e9 not\u00f3rio em esp\u00e9cies do g\u00eanero <a href=\"http:\/\/plantasdobrasil.com.br\/curso-de-dendrologia\/tag\/myrsine\/\"><em>Myrsine<\/em><\/a> (capororoca).<\/p>\n<div id='gallery-3' class='gallery galleryid-5891 gallery-columns-1 gallery-size-thumbnail'><dl class='gallery-item'>\n\t\t\t<dt class='gallery-icon portrait'>\n\t\t\t\t<a href='https:\/\/plantasdobrasil.com.br\/curso-de-dendrologia\/terminologia-dendrologica\/folha\/caracteres-eventuais\/glandulas\/myrsine_umbellata\/'><img loading=\"lazy\" decoding=\"async\" width=\"150\" height=\"150\" src=\"https:\/\/plantasdobrasil.com.br\/curso-de-dendrologia\/wp-content\/uploads\/2018\/02\/Myrsine_umbellata-150x150.jpg\" class=\"attachment-thumbnail size-thumbnail\" alt=\"\" aria-describedby=\"gallery-3-7298\" srcset=\"https:\/\/plantasdobrasil.com.br\/curso-de-dendrologia\/wp-content\/uploads\/2018\/02\/Myrsine_umbellata-150x150.jpg 150w, https:\/\/plantasdobrasil.com.br\/curso-de-dendrologia\/wp-content\/uploads\/2018\/02\/Myrsine_umbellata-300x300.jpg 300w, https:\/\/plantasdobrasil.com.br\/curso-de-dendrologia\/wp-content\/uploads\/2018\/02\/Myrsine_umbellata-100x100.jpg 100w\" sizes=\"auto, (max-width: 150px) 100vw, 150px\" \/><\/a>\n\t\t\t<\/dt>\n\t\t\t\t<dd class='wp-caption-text gallery-caption' id='gallery-3-7298'>\n\t\t\t\tMyrsine umbellata\n\t\t\t\t<\/dd><\/dl><br style=\"clear: both\" \/>\n\t\t<\/div>\n\n<p>&nbsp;<\/p>\n<p>H\u00e1 ainda a<span class=\"st\">s plantas do g\u00eanero <em>Avicennia<\/em>, t\u00edpicas dos manguezais sul-americanos, que apresentam &#8220;gl\u00e2ndulas de sal&#8221; na folha para secretar o excesso da salinidade absorvida no ambiente e, tamb\u00e9m, esp\u00e9cies da fam\u00edlia Urticaceae, que apresentam &#8220;tricomas urticantes&#8221;, produtores de<\/span> uma secre\u00e7\u00e3o que causa rea\u00e7\u00e3o al\u00e9rgica, constituindo elementos de defesa das plantas que os possuem (Ex: <a href=\"http:\/\/plantasdobrasil.com.br\/curso-de-dendrologia\/urera-baccifera\/\"><em>Urera baccifera<\/em><\/a>).<\/p>\n","protected":false},"excerpt":{"rendered":"<p>Gl\u00e2ndulas, de maneira geral, tem como fun\u00e7\u00e3o acumular e secretar, alguma subst\u00e2ncia com fun\u00e7\u00e3o pr\u00e9-determinada na planta. Cabe ressaltar que algumas esp\u00e9cies apresentam gl\u00e2ndulas secretoras internas, como \u00e9 o caso do Prunus myrtifolia (pesegueiro-bravo). A fun\u00e7\u00e3o de algumas gl\u00e2ndulas ainda \u00e9 discutida, por\u00e9m acredita-se que essa estrutura tem principalmente a fun\u00e7\u00e3o de defesa. A presen\u00e7a, [&hellip;]<\/p>\n","protected":false},"author":1,"featured_media":0,"parent":220,"menu_order":63,"comment_status":"open","ping_status":"open","template":"","meta":{"content-type":"","_exactmetrics_skip_tracking":false,"_exactmetrics_sitenote_active":false,"_exactmetrics_sitenote_note":"","_exactmetrics_sitenote_category":0,"_joinchat":[],"footnotes":""},"class_list":["post-5891","page","type-page","status-publish","hentry"],"_links":{"self":[{"href":"https:\/\/plantasdobrasil.com.br\/curso-de-dendrologia\/wp-json\/wp\/v2\/pages\/5891","targetHints":{"allow":["GET"]}}],"collection":[{"href":"https:\/\/plantasdobrasil.com.br\/curso-de-dendrologia\/wp-json\/wp\/v2\/pages"}],"about":[{"href":"https:\/\/plantasdobrasil.com.br\/curso-de-dendrologia\/wp-json\/wp\/v2\/types\/page"}],"author":[{"embeddable":true,"href":"https:\/\/plantasdobrasil.com.br\/curso-de-dendrologia\/wp-json\/wp\/v2\/users\/1"}],"replies":[{"embeddable":true,"href":"https:\/\/plantasdobrasil.com.br\/curso-de-dendrologia\/wp-json\/wp\/v2\/comments?post=5891"}],"version-history":[{"count":23,"href":"https:\/\/plantasdobrasil.com.br\/curso-de-dendrologia\/wp-json\/wp\/v2\/pages\/5891\/revisions"}],"predecessor-version":[{"id":7300,"href":"https:\/\/plantasdobrasil.com.br\/curso-de-dendrologia\/wp-json\/wp\/v2\/pages\/5891\/revisions\/7300"}],"up":[{"embeddable":true,"href":"https:\/\/plantasdobrasil.com.br\/curso-de-dendrologia\/wp-json\/wp\/v2\/pages\/220"}],"wp:attachment":[{"href":"https:\/\/plantasdobrasil.com.br\/curso-de-dendrologia\/wp-json\/wp\/v2\/media?parent=5891"}],"curies":[{"name":"wp","href":"https:\/\/api.w.org\/{rel}","templated":true}]}}