{"id":5893,"date":"2017-06-14T01:39:09","date_gmt":"2017-06-14T01:39:09","guid":{"rendered":"http:\/\/plantasdobrasil.com.br\/curso-de-dendrologia\/?page_id=5893"},"modified":"2018-01-27T22:11:15","modified_gmt":"2018-01-27T22:11:15","slug":"domacias","status":"publish","type":"page","link":"https:\/\/plantasdobrasil.com.br\/curso-de-dendrologia\/terminologia-dendrologica\/folha\/caracteres-eventuais\/domacias\/","title":{"rendered":"Dom\u00e1cias"},"content":{"rendered":"<p>As dom\u00e1cias, de um modo geral, s\u00e3o encontradas sob a forma de aglomerados de p\u00ealos, tufo de p\u00ealos, cavidades com ou sem p\u00ealos embutidos no par\u00eanquima foliar, entre a nervura principal e as secund\u00e1rias das folhas de numerosas plantas, pertencentes \u00e0s mais diversas fam\u00edlias. Na maioria das vezes s\u00e3o habitados por \u00e1caros.<\/p>\n<p><!--more--><\/p>\n<p>As dom\u00e1cias foram descoberta nas folhas do cafeeiro. Foram descritas por Emile Auguste Goeldi em 1886, estudando mol\u00e9sticas do cafezeiro, que observou pequenas sali\u00eancias do tamanho da cabe\u00e7a de alfinete, que ora eram abertas ora fechadas e regularmente habitadas por \u00e1caros.<\/p>\n<p>&nbsp;<\/p>\n<h3>Dom\u00e1cias em \u201ctufo de pelos\u201d<\/h3>\n<p>Caracterizadas pela exist\u00eancia de um tufo de pelos mais ou menos denso.<\/p>\n<div id='gallery-1' class='gallery galleryid-5893 gallery-columns-4 gallery-size-thumbnail'><dl class='gallery-item'>\n\t\t\t<dt class='gallery-icon portrait'>\n\t\t\t\t<a href='https:\/\/plantasdobrasil.com.br\/curso-de-dendrologia\/terminologia-dendrologica\/folha\/caracteres-eventuais\/domacias\/pilosa-2\/'><img loading=\"lazy\" decoding=\"async\" width=\"150\" height=\"150\" src=\"https:\/\/plantasdobrasil.com.br\/curso-de-dendrologia\/wp-content\/uploads\/2017\/06\/pilosa-2-150x150.jpg\" class=\"attachment-thumbnail size-thumbnail\" alt=\"\" srcset=\"https:\/\/plantasdobrasil.com.br\/curso-de-dendrologia\/wp-content\/uploads\/2017\/06\/pilosa-2-150x150.jpg 150w, https:\/\/plantasdobrasil.com.br\/curso-de-dendrologia\/wp-content\/uploads\/2017\/06\/pilosa-2-300x300.jpg 300w, https:\/\/plantasdobrasil.com.br\/curso-de-dendrologia\/wp-content\/uploads\/2017\/06\/pilosa-2-100x100.jpg 100w\" sizes=\"auto, (max-width: 150px) 100vw, 150px\" \/><\/a>\n\t\t\t<\/dt><\/dl><dl class='gallery-item'>\n\t\t\t<dt class='gallery-icon portrait'>\n\t\t\t\t<a href='https:\/\/plantasdobrasil.com.br\/curso-de-dendrologia\/terminologia-dendrologica\/folha\/caracteres-eventuais\/domacias\/pilosa-1\/'><img loading=\"lazy\" decoding=\"async\" width=\"150\" height=\"150\" src=\"https:\/\/plantasdobrasil.com.br\/curso-de-dendrologia\/wp-content\/uploads\/2017\/06\/pilosa-1-150x150.jpg\" class=\"attachment-thumbnail size-thumbnail\" alt=\"\" srcset=\"https:\/\/plantasdobrasil.com.br\/curso-de-dendrologia\/wp-content\/uploads\/2017\/06\/pilosa-1-150x150.jpg 150w, https:\/\/plantasdobrasil.com.br\/curso-de-dendrologia\/wp-content\/uploads\/2017\/06\/pilosa-1-300x300.jpg 300w, https:\/\/plantasdobrasil.com.br\/curso-de-dendrologia\/wp-content\/uploads\/2017\/06\/pilosa-1-100x100.jpg 100w\" sizes=\"auto, (max-width: 150px) 100vw, 150px\" \/><\/a>\n\t\t\t<\/dt><\/dl>\n\t\t\t<br style='clear: both' \/>\n\t\t<\/div>\n\n<p>Exs: <a href=\"http:\/\/plantasdobrasil.com.br\/curso-de-dendrologia\/allophylus-edulis\/\"><em> Allophylus edulis<\/em><\/a>, <a href=\"http:\/\/plantasdobrasil.com.br\/curso-de-dendrologia\/allophylus-guaraniticus\/\"><em>Allophylus guaraniticus<\/em><\/a><\/p>\n<p>&nbsp;<\/p>\n<h3>Dom\u00e1cias \u201cem fenda\u201c<\/h3>\n<p>Existe uma perfura\u00e7\u00e3o aproximadamente el\u00edptica ou circular estabelecendo comunica\u00e7\u00e3o com uma cripta mais ou menos desenvolvida, provida ou n\u00e3o de p\u00ealos em seu interior e sobre os bordos da abertura.<\/p>\n<div id='gallery-2' class='gallery galleryid-5893 gallery-columns-3 gallery-size-thumbnail'><dl class='gallery-item'>\n\t\t\t<dt class='gallery-icon portrait'>\n\t\t\t\t<a href='https:\/\/plantasdobrasil.com.br\/curso-de-dendrologia\/terminologia-dendrologica\/folha\/caracteres-eventuais\/domacias\/fenda-3\/'><img loading=\"lazy\" decoding=\"async\" width=\"150\" height=\"150\" src=\"https:\/\/plantasdobrasil.com.br\/curso-de-dendrologia\/wp-content\/uploads\/2017\/06\/fenda-3-150x150.jpg\" class=\"attachment-thumbnail size-thumbnail\" alt=\"\" srcset=\"https:\/\/plantasdobrasil.com.br\/curso-de-dendrologia\/wp-content\/uploads\/2017\/06\/fenda-3-150x150.jpg 150w, https:\/\/plantasdobrasil.com.br\/curso-de-dendrologia\/wp-content\/uploads\/2017\/06\/fenda-3-300x300.jpg 300w, https:\/\/plantasdobrasil.com.br\/curso-de-dendrologia\/wp-content\/uploads\/2017\/06\/fenda-3-100x100.jpg 100w\" sizes=\"auto, (max-width: 150px) 100vw, 150px\" \/><\/a>\n\t\t\t<\/dt><\/dl><dl class='gallery-item'>\n\t\t\t<dt class='gallery-icon portrait'>\n\t\t\t\t<a href='https:\/\/plantasdobrasil.com.br\/curso-de-dendrologia\/terminologia-dendrologica\/folha\/caracteres-eventuais\/domacias\/fenda-1\/'><img loading=\"lazy\" decoding=\"async\" width=\"150\" height=\"150\" src=\"https:\/\/plantasdobrasil.com.br\/curso-de-dendrologia\/wp-content\/uploads\/2017\/06\/fenda-1-150x150.jpg\" class=\"attachment-thumbnail size-thumbnail\" alt=\"\" srcset=\"https:\/\/plantasdobrasil.com.br\/curso-de-dendrologia\/wp-content\/uploads\/2017\/06\/fenda-1-150x150.jpg 150w, https:\/\/plantasdobrasil.com.br\/curso-de-dendrologia\/wp-content\/uploads\/2017\/06\/fenda-1-300x300.jpg 300w, https:\/\/plantasdobrasil.com.br\/curso-de-dendrologia\/wp-content\/uploads\/2017\/06\/fenda-1-100x100.jpg 100w\" sizes=\"auto, (max-width: 150px) 100vw, 150px\" \/><\/a>\n\t\t\t<\/dt><\/dl><dl class='gallery-item'>\n\t\t\t<dt class='gallery-icon portrait'>\n\t\t\t\t<a href='https:\/\/plantasdobrasil.com.br\/curso-de-dendrologia\/terminologia-dendrologica\/folha\/caracteres-eventuais\/domacias\/fenda-2\/'><img loading=\"lazy\" decoding=\"async\" width=\"150\" height=\"150\" src=\"https:\/\/plantasdobrasil.com.br\/curso-de-dendrologia\/wp-content\/uploads\/2017\/06\/fenda-2-150x150.jpg\" class=\"attachment-thumbnail size-thumbnail\" alt=\"\" srcset=\"https:\/\/plantasdobrasil.com.br\/curso-de-dendrologia\/wp-content\/uploads\/2017\/06\/fenda-2-150x150.jpg 150w, https:\/\/plantasdobrasil.com.br\/curso-de-dendrologia\/wp-content\/uploads\/2017\/06\/fenda-2-300x300.jpg 300w, https:\/\/plantasdobrasil.com.br\/curso-de-dendrologia\/wp-content\/uploads\/2017\/06\/fenda-2-100x100.jpg 100w\" sizes=\"auto, (max-width: 150px) 100vw, 150px\" \/><\/a>\n\t\t\t<\/dt><\/dl><br style=\"clear: both\" \/>\n\t\t<\/div>\n\n<p>Exs:\u00a0<em><a href=\"http:\/\/plantasdobrasil.com.br\/curso-de-dendrologia\/cinnamomum-amoenum\/\">Cinnamomum amoenum<\/a>,\u00a0<a href=\"http:\/\/plantasdobrasil.com.br\/curso-de-dendrologia\/ocotea-elegans\/\">Ocotea elegans<\/a>,<\/em> <a href=\"http:\/\/plantasdobrasil.com.br\/curso-de-dendrologia\/ocotea-porosa\/\"><em>Ocotea porosa<\/em><\/a><\/p>\n<p>&nbsp;<\/p>\n<h3>Dom\u00e1cias \u201cem bolsa\u201d<\/h3>\n<p>Apresentam-se sob a forma de pequenas bolsas, \u00e0s vezes cartilaginosas, que se insinuam sob a nervura mediana, na jun\u00e7\u00e3o com as nervuras secund\u00e1rias. Assim, existe uma esp\u00e9cie de reentr\u00e2ncia no tecido da folha, na axila das nervuras. Pode ser pilosa ou n\u00e3o.<\/p>\n<p>&nbsp;<\/p>\n<div id='gallery-3' class='gallery galleryid-5893 gallery-columns-3 gallery-size-thumbnail'><dl class='gallery-item'>\n\t\t\t<dt class='gallery-icon portrait'>\n\t\t\t\t<a href='https:\/\/plantasdobrasil.com.br\/curso-de-dendrologia\/terminologia-dendrologica\/folha\/caracteres-eventuais\/domacias\/bolsa-1\/'><img loading=\"lazy\" decoding=\"async\" width=\"150\" height=\"150\" src=\"https:\/\/plantasdobrasil.com.br\/curso-de-dendrologia\/wp-content\/uploads\/2017\/06\/bolsa-1-150x150.jpg\" class=\"attachment-thumbnail size-thumbnail\" alt=\"\" srcset=\"https:\/\/plantasdobrasil.com.br\/curso-de-dendrologia\/wp-content\/uploads\/2017\/06\/bolsa-1-150x150.jpg 150w, https:\/\/plantasdobrasil.com.br\/curso-de-dendrologia\/wp-content\/uploads\/2017\/06\/bolsa-1-300x300.jpg 300w, https:\/\/plantasdobrasil.com.br\/curso-de-dendrologia\/wp-content\/uploads\/2017\/06\/bolsa-1-100x100.jpg 100w\" sizes=\"auto, (max-width: 150px) 100vw, 150px\" \/><\/a>\n\t\t\t<\/dt><\/dl>\n\t\t\t<br style='clear: both' \/>\n\t\t<\/div>\n\n<p>-&gt; no miguel-pintado (<a href=\"http:\/\/plantasdobrasil.com.br\/curso-de-dendrologia\/matayba-elaeagnoides\/\"><em>Matayba elaeagnoides<\/em><\/a>) h\u00e1 dom\u00e1cias cartilaginosas nas axilas das inser\u00e7\u00f5es das nervuras secund\u00e1rias com a principal.<\/p>\n<p>-&gt; o cuvat\u00e3 (<a href=\"http:\/\/plantasdobrasil.com.br\/curso-de-dendrologia\/cupania-vernalis\/\"><em>Cupania vernalis<\/em><\/a>) apresenta dom\u00e1cias cartilaginosas, pilosas ou n\u00e3o.<\/p>\n<p>-&gt; no cedro (<a href=\"http:\/\/plantasdobrasil.com.br\/curso-de-dendrologia\/cedrela-fissilis\/\"><em>Cedrela fissilis<\/em><\/a>) as dom\u00e1cias s\u00e3o em \u201cem bolsa\u201d na axila da nervura principal com as secund\u00e1rias e recobertas de pelos amarelados.<\/p>\n","protected":false},"excerpt":{"rendered":"<p>As dom\u00e1cias, de um modo geral, s\u00e3o encontradas sob a forma de aglomerados de p\u00ealos, tufo de p\u00ealos, cavidades com ou sem p\u00ealos embutidos no par\u00eanquima foliar, entre a nervura principal e as secund\u00e1rias das folhas de numerosas plantas, pertencentes \u00e0s mais diversas fam\u00edlias. Na maioria das vezes s\u00e3o habitados por \u00e1caros.<\/p>\n","protected":false},"author":1,"featured_media":0,"parent":220,"menu_order":41,"comment_status":"open","ping_status":"open","template":"","meta":{"content-type":"","_exactmetrics_skip_tracking":false,"_exactmetrics_sitenote_active":false,"_exactmetrics_sitenote_note":"","_exactmetrics_sitenote_category":0,"_joinchat":[],"footnotes":""},"class_list":["post-5893","page","type-page","status-publish","hentry"],"_links":{"self":[{"href":"https:\/\/plantasdobrasil.com.br\/curso-de-dendrologia\/wp-json\/wp\/v2\/pages\/5893","targetHints":{"allow":["GET"]}}],"collection":[{"href":"https:\/\/plantasdobrasil.com.br\/curso-de-dendrologia\/wp-json\/wp\/v2\/pages"}],"about":[{"href":"https:\/\/plantasdobrasil.com.br\/curso-de-dendrologia\/wp-json\/wp\/v2\/types\/page"}],"author":[{"embeddable":true,"href":"https:\/\/plantasdobrasil.com.br\/curso-de-dendrologia\/wp-json\/wp\/v2\/users\/1"}],"replies":[{"embeddable":true,"href":"https:\/\/plantasdobrasil.com.br\/curso-de-dendrologia\/wp-json\/wp\/v2\/comments?post=5893"}],"version-history":[{"count":7,"href":"https:\/\/plantasdobrasil.com.br\/curso-de-dendrologia\/wp-json\/wp\/v2\/pages\/5893\/revisions"}],"predecessor-version":[{"id":6407,"href":"https:\/\/plantasdobrasil.com.br\/curso-de-dendrologia\/wp-json\/wp\/v2\/pages\/5893\/revisions\/6407"}],"up":[{"embeddable":true,"href":"https:\/\/plantasdobrasil.com.br\/curso-de-dendrologia\/wp-json\/wp\/v2\/pages\/220"}],"wp:attachment":[{"href":"https:\/\/plantasdobrasil.com.br\/curso-de-dendrologia\/wp-json\/wp\/v2\/media?parent=5893"}],"curies":[{"name":"wp","href":"https:\/\/api.w.org\/{rel}","templated":true}]}}