{"id":5895,"date":"2017-06-14T01:39:50","date_gmt":"2017-06-14T01:39:50","guid":{"rendered":"http:\/\/plantasdobrasil.com.br\/curso-de-dendrologia\/?page_id=5895"},"modified":"2018-01-27T22:11:21","modified_gmt":"2018-01-27T22:11:21","slug":"raquis-alado","status":"publish","type":"page","link":"https:\/\/plantasdobrasil.com.br\/curso-de-dendrologia\/terminologia-dendrologica\/folha\/caracteres-eventuais\/raquis-alado\/","title":{"rendered":"Pec\u00edolo e R\u00e1quis"},"content":{"rendered":"<p>Conforme apresentado no t\u00f3pico &#8220;As Partes da Folha&#8221;, o pec\u00edolo \u00e9 um segmento da folha que a prende ao ramo ou tronco, diretamente ou atrav\u00e9s de uma bainha, sendo geralmente cil\u00edndrico e frequentemente canaliculado, mas podendo apresentar forma e comprimento variado e at\u00e9 mesmo faltar (s\u00e9ssil), enquanto a r\u00e1quis corresponde \u00e0 nervura principal de uma folha composta, sendo o prolongamento do pec\u00edolo, no \u00e2mbito das pinas.<\/p>\n<p>Com rela\u00e7\u00e3o a morfologia do pec\u00edolo e da r\u00e1quis, merecem destaques tr\u00eas caracteres relevantes na identifica\u00e7\u00e3o de numerosas \u00e1rvores:<\/p>\n<p><!--more--><\/p>\n<p><strong>R\u00e1quis Alado:<\/strong> s\u00e3o expans\u00f5es laminares ditas \u201casas\u201d. A presen\u00e7a de r\u00e1quis alado, \u00e9 uma caracter\u00edstica peculiar a certas esp\u00e9cies, como no baruzeiro (<a href=\"http:\/\/plantasdobrasil.com.br\/curso-de-dendrologia\/dipteryx-alata\/\"><em>Dipteryx alata<\/em><\/a>) e bastante marcante, por exemplo, nos g\u00eanero <a href=\"http:\/\/plantasdobrasil.com.br\/curso-de-dendrologia\/tag\/inga\/\"><em>Inga<\/em><\/a>, <a href=\"http:\/\/plantasdobrasil.com.br\/curso-de-dendrologia\/tag\/weinmannia\/\"><em>Weinmannia<\/em><\/a> e <em>Bursera<\/em>, e em anacardi\u00e1ceas dos g\u00eaneros <a href=\"http:\/\/plantasdobrasil.com.br\/curso-de-dendrologia\/tag\/schinus\/\"><em>Schinus<\/em> <\/a>e <a href=\"http:\/\/plantasdobrasil.com.br\/curso-de-dendrologia\/tag\/lithrea\/\"><em>Lithrea<\/em><\/a>.<\/p>\n<div id='gallery-1' class='gallery galleryid-5895 gallery-columns-4 gallery-size-thumbnail'><dl class='gallery-item'>\n\t\t\t<dt class='gallery-icon portrait'>\n\t\t\t\t<a href='https:\/\/plantasdobrasil.com.br\/curso-de-dendrologia\/terminologia-dendrologica\/folha\/caracteres-eventuais\/raquis-alado\/bursera-ebook\/'><img loading=\"lazy\" decoding=\"async\" width=\"150\" height=\"150\" src=\"https:\/\/plantasdobrasil.com.br\/curso-de-dendrologia\/wp-content\/uploads\/2018\/01\/Bursera-ebook-150x150.jpg\" class=\"attachment-thumbnail size-thumbnail\" alt=\"\" srcset=\"https:\/\/plantasdobrasil.com.br\/curso-de-dendrologia\/wp-content\/uploads\/2018\/01\/Bursera-ebook-150x150.jpg 150w, https:\/\/plantasdobrasil.com.br\/curso-de-dendrologia\/wp-content\/uploads\/2018\/01\/Bursera-ebook-300x300.jpg 300w, https:\/\/plantasdobrasil.com.br\/curso-de-dendrologia\/wp-content\/uploads\/2018\/01\/Bursera-ebook-100x100.jpg 100w\" sizes=\"auto, (max-width: 150px) 100vw, 150px\" \/><\/a>\n\t\t\t<\/dt><\/dl><dl class='gallery-item'>\n\t\t\t<dt class='gallery-icon portrait'>\n\t\t\t\t<a href='https:\/\/plantasdobrasil.com.br\/curso-de-dendrologia\/terminologia-dendrologica\/folha\/caracteres-eventuais\/raquis-alado\/dipteryx-alata-ebook\/'><img loading=\"lazy\" decoding=\"async\" width=\"150\" height=\"150\" src=\"https:\/\/plantasdobrasil.com.br\/curso-de-dendrologia\/wp-content\/uploads\/2018\/01\/Dipteryx-alata-ebook-150x150.jpg\" class=\"attachment-thumbnail size-thumbnail\" alt=\"\" srcset=\"https:\/\/plantasdobrasil.com.br\/curso-de-dendrologia\/wp-content\/uploads\/2018\/01\/Dipteryx-alata-ebook-150x150.jpg 150w, https:\/\/plantasdobrasil.com.br\/curso-de-dendrologia\/wp-content\/uploads\/2018\/01\/Dipteryx-alata-ebook-300x300.jpg 300w, https:\/\/plantasdobrasil.com.br\/curso-de-dendrologia\/wp-content\/uploads\/2018\/01\/Dipteryx-alata-ebook-100x100.jpg 100w\" sizes=\"auto, (max-width: 150px) 100vw, 150px\" \/><\/a>\n\t\t\t<\/dt><\/dl><dl class='gallery-item'>\n\t\t\t<dt class='gallery-icon portrait'>\n\t\t\t\t<a href='https:\/\/plantasdobrasil.com.br\/curso-de-dendrologia\/terminologia-dendrologica\/folha\/caracteres-eventuais\/raquis-alado\/inga-sessilis-ebook\/'><img loading=\"lazy\" decoding=\"async\" width=\"150\" height=\"150\" src=\"https:\/\/plantasdobrasil.com.br\/curso-de-dendrologia\/wp-content\/uploads\/2018\/01\/Inga-sessilis-ebook-150x150.jpg\" class=\"attachment-thumbnail size-thumbnail\" alt=\"\" srcset=\"https:\/\/plantasdobrasil.com.br\/curso-de-dendrologia\/wp-content\/uploads\/2018\/01\/Inga-sessilis-ebook-150x150.jpg 150w, https:\/\/plantasdobrasil.com.br\/curso-de-dendrologia\/wp-content\/uploads\/2018\/01\/Inga-sessilis-ebook-300x300.jpg 300w, https:\/\/plantasdobrasil.com.br\/curso-de-dendrologia\/wp-content\/uploads\/2018\/01\/Inga-sessilis-ebook-100x100.jpg 100w\" sizes=\"auto, (max-width: 150px) 100vw, 150px\" \/><\/a>\n\t\t\t<\/dt><\/dl><dl class='gallery-item'>\n\t\t\t<dt class='gallery-icon portrait'>\n\t\t\t\t<a href='https:\/\/plantasdobrasil.com.br\/curso-de-dendrologia\/terminologia-dendrologica\/folha\/caracteres-eventuais\/raquis-alado\/inga-virescens-ebook\/'><img loading=\"lazy\" decoding=\"async\" width=\"150\" height=\"150\" src=\"https:\/\/plantasdobrasil.com.br\/curso-de-dendrologia\/wp-content\/uploads\/2018\/01\/Inga-virescens-ebook-150x150.jpg\" class=\"attachment-thumbnail size-thumbnail\" alt=\"\" srcset=\"https:\/\/plantasdobrasil.com.br\/curso-de-dendrologia\/wp-content\/uploads\/2018\/01\/Inga-virescens-ebook-150x150.jpg 150w, https:\/\/plantasdobrasil.com.br\/curso-de-dendrologia\/wp-content\/uploads\/2018\/01\/Inga-virescens-ebook-300x300.jpg 300w, https:\/\/plantasdobrasil.com.br\/curso-de-dendrologia\/wp-content\/uploads\/2018\/01\/Inga-virescens-ebook-100x100.jpg 100w\" sizes=\"auto, (max-width: 150px) 100vw, 150px\" \/><\/a>\n\t\t\t<\/dt><\/dl><br style=\"clear: both\" \/><dl class='gallery-item'>\n\t\t\t<dt class='gallery-icon portrait'>\n\t\t\t\t<a href='https:\/\/plantasdobrasil.com.br\/curso-de-dendrologia\/terminologia-dendrologica\/folha\/caracteres-eventuais\/raquis-alado\/schinus-terebinthifolius-ebook\/'><img loading=\"lazy\" decoding=\"async\" width=\"150\" height=\"150\" src=\"https:\/\/plantasdobrasil.com.br\/curso-de-dendrologia\/wp-content\/uploads\/2018\/01\/Schinus-terebinthifolius-ebook-150x150.jpg\" class=\"attachment-thumbnail size-thumbnail\" alt=\"\" srcset=\"https:\/\/plantasdobrasil.com.br\/curso-de-dendrologia\/wp-content\/uploads\/2018\/01\/Schinus-terebinthifolius-ebook-150x150.jpg 150w, https:\/\/plantasdobrasil.com.br\/curso-de-dendrologia\/wp-content\/uploads\/2018\/01\/Schinus-terebinthifolius-ebook-300x300.jpg 300w, https:\/\/plantasdobrasil.com.br\/curso-de-dendrologia\/wp-content\/uploads\/2018\/01\/Schinus-terebinthifolius-ebook-100x100.jpg 100w\" sizes=\"auto, (max-width: 150px) 100vw, 150px\" \/><\/a>\n\t\t\t<\/dt><\/dl><dl class='gallery-item'>\n\t\t\t<dt class='gallery-icon portrait'>\n\t\t\t\t<a href='https:\/\/plantasdobrasil.com.br\/curso-de-dendrologia\/terminologia-dendrologica\/folha\/caracteres-eventuais\/raquis-alado\/weinmannia-humilis-ebook\/'><img loading=\"lazy\" decoding=\"async\" width=\"150\" height=\"150\" src=\"https:\/\/plantasdobrasil.com.br\/curso-de-dendrologia\/wp-content\/uploads\/2018\/01\/Weinmannia-humilis-ebook-150x150.jpg\" class=\"attachment-thumbnail size-thumbnail\" alt=\"\" srcset=\"https:\/\/plantasdobrasil.com.br\/curso-de-dendrologia\/wp-content\/uploads\/2018\/01\/Weinmannia-humilis-ebook-150x150.jpg 150w, https:\/\/plantasdobrasil.com.br\/curso-de-dendrologia\/wp-content\/uploads\/2018\/01\/Weinmannia-humilis-ebook-300x300.jpg 300w, https:\/\/plantasdobrasil.com.br\/curso-de-dendrologia\/wp-content\/uploads\/2018\/01\/Weinmannia-humilis-ebook-100x100.jpg 100w\" sizes=\"auto, (max-width: 150px) 100vw, 150px\" \/><\/a>\n\t\t\t<\/dt><\/dl><dl class='gallery-item'>\n\t\t\t<dt class='gallery-icon portrait'>\n\t\t\t\t<a href='https:\/\/plantasdobrasil.com.br\/curso-de-dendrologia\/terminologia-dendrologica\/folha\/caracteres-eventuais\/raquis-alado\/weinmannia-paulliniifolia-ebook\/'><img loading=\"lazy\" decoding=\"async\" width=\"150\" height=\"150\" src=\"https:\/\/plantasdobrasil.com.br\/curso-de-dendrologia\/wp-content\/uploads\/2018\/01\/Weinmannia-paulliniifolia-ebook-150x150.jpg\" class=\"attachment-thumbnail size-thumbnail\" alt=\"\" srcset=\"https:\/\/plantasdobrasil.com.br\/curso-de-dendrologia\/wp-content\/uploads\/2018\/01\/Weinmannia-paulliniifolia-ebook-150x150.jpg 150w, https:\/\/plantasdobrasil.com.br\/curso-de-dendrologia\/wp-content\/uploads\/2018\/01\/Weinmannia-paulliniifolia-ebook-300x300.jpg 300w, https:\/\/plantasdobrasil.com.br\/curso-de-dendrologia\/wp-content\/uploads\/2018\/01\/Weinmannia-paulliniifolia-ebook-100x100.jpg 100w\" sizes=\"auto, (max-width: 150px) 100vw, 150px\" \/><\/a>\n\t\t\t<\/dt><\/dl>\n\t\t\t<br style='clear: both' \/>\n\t\t<\/div>\n\n<p>Exs: <em>Bursera sp.<\/em>, <a href=\"http:\/\/plantasdobrasil.com.br\/curso-de-dendrologia\/dipteryx-alata\/\"><em>Dipteryx alata<\/em><\/a>,\u00a0<a href=\"http:\/\/plantasdobrasil.com.br\/curso-de-dendrologia\/inga-sessilis\/\"><em>Inga sessilis<\/em><\/a>, <em><a href=\"http:\/\/plantasdobrasil.com.br\/curso-de-dendrologia\/inga-virescens\/\">Inga virescens<\/a><\/em>, <a href=\"http:\/\/plantasdobrasil.com.br\/curso-de-dendrologia\/schinus-terebinthifolia\/\"><em>Schinus terebinthifolius<\/em><\/a>, <em><a href=\"http:\/\/plantasdobrasil.com.br\/curso-de-dendrologia\/weinmannia-humilis\/\">Weinmannia humilis<\/a>,<\/em> <em><a href=\"http:\/\/plantasdobrasil.com.br\/curso-de-dendrologia\/weinmannia-paulliniifolia\/\">Weinmannia paulliniifolia<\/a><\/em><\/p>\n<p>&nbsp;<\/p>\n<p><strong>Pulvino:<\/strong> estrutura geralmente espessada que ocorre na base e\/ou no \u00e1pice do pec\u00edolo, r<span class=\"st\">espons\u00e1vel pelos movimentos foliares. Na base dos fol\u00edolos ou foli\u00f3lulos das folhas compostas surgem os pulv\u00ednulos.<\/span><\/p>\n<p>A presen\u00e7a de pulvino na base do pec\u00edolo \u00e9 comum dentre esp\u00e9cies da ordem Sapindales (fam\u00edlias Anacardiaceae, Meliaceae, Sapindaceae, Rutaceae, etc) e principalmente Fabaceae. Na ordem Malvales (fam\u00edlias Elaeocarpaceae e Malvaceae) \u00e9 comum tamb\u00e9m a dilata\u00e7\u00e3o no \u00e1pice do pec\u00edolo. Em algumas esp\u00e9cies, principalmente da fam\u00edlia Malvaceae e Burseraceae, o pec\u00edolo apresenta-se em forma de &#8220;haltere&#8221;, com a base e \u00e1pice entumescidos.<\/p>\n<div id='gallery-2' class='gallery galleryid-5895 gallery-columns-4 gallery-size-thumbnail'><dl class='gallery-item'>\n\t\t\t<dt class='gallery-icon portrait'>\n\t\t\t\t<a href='https:\/\/plantasdobrasil.com.br\/curso-de-dendrologia\/terminologia-dendrologica\/folha\/caracteres-eventuais\/raquis-alado\/pachira-aquatica-ebook\/'><img loading=\"lazy\" decoding=\"async\" width=\"150\" height=\"150\" src=\"https:\/\/plantasdobrasil.com.br\/curso-de-dendrologia\/wp-content\/uploads\/2018\/01\/Pachira-aquatica-ebook-150x150.jpg\" class=\"attachment-thumbnail size-thumbnail\" alt=\"\" srcset=\"https:\/\/plantasdobrasil.com.br\/curso-de-dendrologia\/wp-content\/uploads\/2018\/01\/Pachira-aquatica-ebook-150x150.jpg 150w, https:\/\/plantasdobrasil.com.br\/curso-de-dendrologia\/wp-content\/uploads\/2018\/01\/Pachira-aquatica-ebook-300x300.jpg 300w, https:\/\/plantasdobrasil.com.br\/curso-de-dendrologia\/wp-content\/uploads\/2018\/01\/Pachira-aquatica-ebook-100x100.jpg 100w\" sizes=\"auto, (max-width: 150px) 100vw, 150px\" \/><\/a>\n\t\t\t<\/dt><\/dl><dl class='gallery-item'>\n\t\t\t<dt class='gallery-icon portrait'>\n\t\t\t\t<a href='https:\/\/plantasdobrasil.com.br\/curso-de-dendrologia\/terminologia-dendrologica\/folha\/caracteres-eventuais\/raquis-alado\/samanea-tubulosa-ebook\/'><img loading=\"lazy\" decoding=\"async\" width=\"150\" height=\"150\" src=\"https:\/\/plantasdobrasil.com.br\/curso-de-dendrologia\/wp-content\/uploads\/2018\/01\/Samanea-tubulosa-ebook-150x150.jpg\" class=\"attachment-thumbnail size-thumbnail\" alt=\"\" srcset=\"https:\/\/plantasdobrasil.com.br\/curso-de-dendrologia\/wp-content\/uploads\/2018\/01\/Samanea-tubulosa-ebook-150x150.jpg 150w, https:\/\/plantasdobrasil.com.br\/curso-de-dendrologia\/wp-content\/uploads\/2018\/01\/Samanea-tubulosa-ebook-300x300.jpg 300w, https:\/\/plantasdobrasil.com.br\/curso-de-dendrologia\/wp-content\/uploads\/2018\/01\/Samanea-tubulosa-ebook-100x100.jpg 100w\" sizes=\"auto, (max-width: 150px) 100vw, 150px\" \/><\/a>\n\t\t\t<\/dt><\/dl><dl class='gallery-item'>\n\t\t\t<dt class='gallery-icon portrait'>\n\t\t\t\t<a href='https:\/\/plantasdobrasil.com.br\/curso-de-dendrologia\/terminologia-dendrologica\/folha\/caracteres-eventuais\/raquis-alado\/senna-macranthera-ebook\/'><img loading=\"lazy\" decoding=\"async\" width=\"150\" height=\"150\" src=\"https:\/\/plantasdobrasil.com.br\/curso-de-dendrologia\/wp-content\/uploads\/2018\/01\/Senna-macranthera-ebook-150x150.jpg\" class=\"attachment-thumbnail size-thumbnail\" alt=\"\" srcset=\"https:\/\/plantasdobrasil.com.br\/curso-de-dendrologia\/wp-content\/uploads\/2018\/01\/Senna-macranthera-ebook-150x150.jpg 150w, https:\/\/plantasdobrasil.com.br\/curso-de-dendrologia\/wp-content\/uploads\/2018\/01\/Senna-macranthera-ebook-300x300.jpg 300w, https:\/\/plantasdobrasil.com.br\/curso-de-dendrologia\/wp-content\/uploads\/2018\/01\/Senna-macranthera-ebook-100x100.jpg 100w\" sizes=\"auto, (max-width: 150px) 100vw, 150px\" \/><\/a>\n\t\t\t<\/dt><\/dl><dl class='gallery-item'>\n\t\t\t<dt class='gallery-icon portrait'>\n\t\t\t\t<a href='https:\/\/plantasdobrasil.com.br\/curso-de-dendrologia\/terminologia-dendrologica\/folha\/caracteres-eventuais\/raquis-alado\/theobroma-cacao-ebook\/'><img loading=\"lazy\" decoding=\"async\" width=\"150\" height=\"150\" src=\"https:\/\/plantasdobrasil.com.br\/curso-de-dendrologia\/wp-content\/uploads\/2018\/01\/Theobroma-cacao-ebook-150x150.jpg\" class=\"attachment-thumbnail size-thumbnail\" alt=\"\" srcset=\"https:\/\/plantasdobrasil.com.br\/curso-de-dendrologia\/wp-content\/uploads\/2018\/01\/Theobroma-cacao-ebook-150x150.jpg 150w, https:\/\/plantasdobrasil.com.br\/curso-de-dendrologia\/wp-content\/uploads\/2018\/01\/Theobroma-cacao-ebook-300x300.jpg 300w, https:\/\/plantasdobrasil.com.br\/curso-de-dendrologia\/wp-content\/uploads\/2018\/01\/Theobroma-cacao-ebook-100x100.jpg 100w\" sizes=\"auto, (max-width: 150px) 100vw, 150px\" \/><\/a>\n\t\t\t<\/dt><\/dl><br style=\"clear: both\" \/>\n\t\t<\/div>\n\n<p>Exs: <em><a href=\"http:\/\/plantasdobrasil.com.br\/curso-de-dendrologia\/pachira-aquatica\/\">Pachira aquatica<\/a>, <a href=\"http:\/\/plantasdobrasil.com.br\/curso-de-dendrologia\/samanea-tubulosa\/\">Samanea tubulosa<\/a>, <a href=\"http:\/\/plantasdobrasil.com.br\/curso-de-dendrologia\/senna-macranthera\/\">Senna macranthera<\/a>, <a href=\"http:\/\/plantasdobrasil.com.br\/curso-de-dendrologia\/theobroma-cacao\/\">Theobroma cacao <\/a><\/em><\/p>\n<p>&nbsp;<\/p>\n<p><strong>R\u00e1quis e Pec\u00edolo Canaliculado:<\/strong> quando apresenta pequeno sulco, de sec\u00e7\u00e3o poligonal. \u00c9 uma caracter\u00edstica bastante frequente em nossa flora e que, ocasionalmente, serve para auxiliar na segrega\u00e7\u00e3o de esp\u00e9cies semelhantes.<\/p>\n<div id='gallery-3' class='gallery galleryid-5895 gallery-columns-4 gallery-size-thumbnail'><dl class='gallery-item'>\n\t\t\t<dt class='gallery-icon portrait'>\n\t\t\t\t<a href='https:\/\/plantasdobrasil.com.br\/curso-de-dendrologia\/terminologia-dendrologica\/folha\/caracteres-eventuais\/raquis-alado\/eremanthus-glomerulatus-ebook\/'><img loading=\"lazy\" decoding=\"async\" width=\"150\" height=\"150\" src=\"https:\/\/plantasdobrasil.com.br\/curso-de-dendrologia\/wp-content\/uploads\/2018\/01\/Eremanthus-glomerulatus-ebook-150x150.jpg\" class=\"attachment-thumbnail size-thumbnail\" alt=\"\" srcset=\"https:\/\/plantasdobrasil.com.br\/curso-de-dendrologia\/wp-content\/uploads\/2018\/01\/Eremanthus-glomerulatus-ebook-150x150.jpg 150w, https:\/\/plantasdobrasil.com.br\/curso-de-dendrologia\/wp-content\/uploads\/2018\/01\/Eremanthus-glomerulatus-ebook-300x300.jpg 300w, https:\/\/plantasdobrasil.com.br\/curso-de-dendrologia\/wp-content\/uploads\/2018\/01\/Eremanthus-glomerulatus-ebook-100x100.jpg 100w\" sizes=\"auto, (max-width: 150px) 100vw, 150px\" \/><\/a>\n\t\t\t<\/dt><\/dl><dl class='gallery-item'>\n\t\t\t<dt class='gallery-icon portrait'>\n\t\t\t\t<a href='https:\/\/plantasdobrasil.com.br\/curso-de-dendrologia\/terminologia-dendrologica\/folha\/caracteres-eventuais\/raquis-alado\/senna-multijuga-ebook\/'><img loading=\"lazy\" decoding=\"async\" width=\"150\" height=\"150\" src=\"https:\/\/plantasdobrasil.com.br\/curso-de-dendrologia\/wp-content\/uploads\/2018\/01\/Senna-multijuga-ebook-150x150.jpg\" class=\"attachment-thumbnail size-thumbnail\" alt=\"\" srcset=\"https:\/\/plantasdobrasil.com.br\/curso-de-dendrologia\/wp-content\/uploads\/2018\/01\/Senna-multijuga-ebook-150x150.jpg 150w, https:\/\/plantasdobrasil.com.br\/curso-de-dendrologia\/wp-content\/uploads\/2018\/01\/Senna-multijuga-ebook-300x300.jpg 300w, https:\/\/plantasdobrasil.com.br\/curso-de-dendrologia\/wp-content\/uploads\/2018\/01\/Senna-multijuga-ebook-100x100.jpg 100w\" sizes=\"auto, (max-width: 150px) 100vw, 150px\" \/><\/a>\n\t\t\t<\/dt><\/dl><dl class='gallery-item'>\n\t\t\t<dt class='gallery-icon portrait'>\n\t\t\t\t<a href='https:\/\/plantasdobrasil.com.br\/curso-de-dendrologia\/terminologia-dendrologica\/folha\/caracteres-eventuais\/raquis-alado\/vasconcellea-quercifolia-ebook\/'><img loading=\"lazy\" decoding=\"async\" width=\"150\" height=\"150\" src=\"https:\/\/plantasdobrasil.com.br\/curso-de-dendrologia\/wp-content\/uploads\/2018\/01\/Vasconcellea-quercifolia-ebook-150x150.jpg\" class=\"attachment-thumbnail size-thumbnail\" alt=\"\" srcset=\"https:\/\/plantasdobrasil.com.br\/curso-de-dendrologia\/wp-content\/uploads\/2018\/01\/Vasconcellea-quercifolia-ebook-150x150.jpg 150w, https:\/\/plantasdobrasil.com.br\/curso-de-dendrologia\/wp-content\/uploads\/2018\/01\/Vasconcellea-quercifolia-ebook-300x300.jpg 300w, https:\/\/plantasdobrasil.com.br\/curso-de-dendrologia\/wp-content\/uploads\/2018\/01\/Vasconcellea-quercifolia-ebook-100x100.jpg 100w\" sizes=\"auto, (max-width: 150px) 100vw, 150px\" \/><\/a>\n\t\t\t<\/dt><\/dl>\n\t\t\t<br style='clear: both' \/>\n\t\t<\/div>\n\n<p>Exs: <em>Eremanthus glomerulatus<\/em>, <a href=\"http:\/\/plantasdobrasil.com.br\/curso-de-dendrologia\/senna-multijuga\/\"><em>Senna multijuga<\/em><\/a>, <a href=\"http:\/\/plantasdobrasil.com.br\/curso-de-dendrologia\/vasconcellea-quercifolia\/\"><em>Vasconcellea quercifolia<\/em><\/a><\/p>\n<p>&nbsp;<\/p>\n<p>&nbsp;<\/p>\n<p>&nbsp;<\/p>\n<p>&nbsp;<\/p>\n<p>&nbsp;<\/p>\n<p>&nbsp;<\/p>\n","protected":false},"excerpt":{"rendered":"<p>Conforme apresentado no t\u00f3pico &#8220;As Partes da Folha&#8221;, o pec\u00edolo \u00e9 um segmento da folha que a prende ao ramo ou tronco, diretamente ou atrav\u00e9s de uma bainha, sendo geralmente cil\u00edndrico e frequentemente canaliculado, mas podendo apresentar forma e comprimento variado e at\u00e9 mesmo faltar (s\u00e9ssil), enquanto a r\u00e1quis corresponde \u00e0 nervura principal de uma [&hellip;]<\/p>\n","protected":false},"author":1,"featured_media":0,"parent":220,"menu_order":84,"comment_status":"open","ping_status":"open","template":"","meta":{"content-type":"","_exactmetrics_skip_tracking":false,"_exactmetrics_sitenote_active":false,"_exactmetrics_sitenote_note":"","_exactmetrics_sitenote_category":0,"_joinchat":[],"footnotes":""},"class_list":["post-5895","page","type-page","status-publish","hentry"],"_links":{"self":[{"href":"https:\/\/plantasdobrasil.com.br\/curso-de-dendrologia\/wp-json\/wp\/v2\/pages\/5895","targetHints":{"allow":["GET"]}}],"collection":[{"href":"https:\/\/plantasdobrasil.com.br\/curso-de-dendrologia\/wp-json\/wp\/v2\/pages"}],"about":[{"href":"https:\/\/plantasdobrasil.com.br\/curso-de-dendrologia\/wp-json\/wp\/v2\/types\/page"}],"author":[{"embeddable":true,"href":"https:\/\/plantasdobrasil.com.br\/curso-de-dendrologia\/wp-json\/wp\/v2\/users\/1"}],"replies":[{"embeddable":true,"href":"https:\/\/plantasdobrasil.com.br\/curso-de-dendrologia\/wp-json\/wp\/v2\/comments?post=5895"}],"version-history":[{"count":17,"href":"https:\/\/plantasdobrasil.com.br\/curso-de-dendrologia\/wp-json\/wp\/v2\/pages\/5895\/revisions"}],"predecessor-version":[{"id":6822,"href":"https:\/\/plantasdobrasil.com.br\/curso-de-dendrologia\/wp-json\/wp\/v2\/pages\/5895\/revisions\/6822"}],"up":[{"embeddable":true,"href":"https:\/\/plantasdobrasil.com.br\/curso-de-dendrologia\/wp-json\/wp\/v2\/pages\/220"}],"wp:attachment":[{"href":"https:\/\/plantasdobrasil.com.br\/curso-de-dendrologia\/wp-json\/wp\/v2\/media?parent=5895"}],"curies":[{"name":"wp","href":"https:\/\/api.w.org\/{rel}","templated":true}]}}