{"id":5915,"date":"2017-06-14T01:51:29","date_gmt":"2017-06-14T01:51:29","guid":{"rendered":"http:\/\/plantasdobrasil.com.br\/curso-de-dendrologia\/?page_id=5915"},"modified":"2018-01-27T22:18:05","modified_gmt":"2018-01-27T22:18:05","slug":"lenticelas","status":"publish","type":"page","link":"https:\/\/plantasdobrasil.com.br\/curso-de-dendrologia\/terminologia-dendrologica\/casca\/caracteres-eventuais\/lenticelas\/","title":{"rendered":"Lenticelas"},"content":{"rendered":"<p>S\u00e3o pequenos pontos de ruptura no tecido na periderme dos eixos vegetais, com espa\u00e7os intercelulares atrav\u00e9s dos quais o ar circula entre a atmosfera e os tecidos subjacentes.<\/p>\n<p><!--more--><\/p>\n<p>Aparecem como orif\u00edcios, principalmente na superf\u00edcie do tronco e ramos, permitindo principalmente<span id=\"yui_3_17_2_4_1504630589732_1045\" class=\"ya-q-full-text\"> a entrada (difus\u00e3o) do O2 atmosf\u00e9rico para os tecidos vivos, constitu\u00eddos por c\u00e9lulas do par\u00eanquima. Funciona como um poro de respira\u00e7\u00e3o. \u00c9<\/span> uma estrutura an\u00e1loga ao est\u00f4mato dos tecidos prim\u00e1rios, geralmente de forma el\u00edptica e que varia de tamanho microsc\u00f3pico at\u00e9 1 cm de comprimento.<\/p>\n<p>Sua presen\u00e7a, forma e arranjo sem d\u00favida contribuem para o reconhecimento de diversas esp\u00e9cies e alguns grupos.<\/p>\n<p>As esp\u00e9cies da fam\u00edlia <a href=\"http:\/\/plantasdobrasil.com.br\/curso-de-dendrologia\/tag\/lauraceae\/\">Lauraceae<\/a>, por exemplo, comumente apresentam lenticelas tanto na tronco quanto nos ramos; em <a href=\"http:\/\/plantasdobrasil.com.br\/curso-de-dendrologia\/tag\/apocynaceae\/\">Apocynaceae<\/a> surgem em grande quantidade nos ramos jovens; em v\u00e1rias esp\u00e9cies, notoriamente dentre as <a href=\"http:\/\/plantasdobrasil.com.br\/curso-de-dendrologia\/tag\/fabaceae\">Fabaceae<\/a>, disp\u00f5em-se em linhas longitudinais, favorecendo o rompimento da casca e surgimento de estrias; em <a href=\"http:\/\/plantasdobrasil.com.br\/curso-de-dendrologia\/cordia-glazioviana\/\"><em>Cordia glazioviana<\/em><\/a> s\u00e3o grandes e verrucosas; Ou ainda, a observa\u00e7\u00e3o da ocorr\u00eancia de lenticelas nos ramos, associado a presen\u00e7a de <a href=\"http:\/\/plantasdobrasil.com.br\/curso-de-dendrologia\/raquis-alado\/\">r\u00e1quis alado<\/a> em folhas compostas pinadas, logo nos remete ao g\u00eanero <a href=\"http:\/\/plantasdobrasil.com.br\/curso-de-dendrologia\/tag\/inga\/\"><em>Inga<\/em><\/a>. Enfim, sua observa\u00e7\u00e3o pode ser decisiva para a identifica\u00e7\u00e3o.<\/p>\n<h3>Disposi\u00e7\u00e3o<\/h3>\n<p>&nbsp;<\/p>\n<h4><\/h4>\n<h4>Irregular<\/h4>\n<div id='gallery-1' class='gallery galleryid-5915 gallery-columns-4 gallery-size-thumbnail'><dl class='gallery-item'>\n\t\t\t<dt class='gallery-icon portrait'>\n\t\t\t\t<a href='https:\/\/plantasdobrasil.com.br\/curso-de-dendrologia\/terminologia-dendrologica\/casca\/caracteres-eventuais\/lenticelas\/cecropia-pachystachya-5\/'><img loading=\"lazy\" decoding=\"async\" width=\"150\" height=\"150\" src=\"https:\/\/plantasdobrasil.com.br\/curso-de-dendrologia\/wp-content\/uploads\/2017\/06\/Cecropia-pachystachya-150x150.jpg\" class=\"attachment-thumbnail size-thumbnail\" alt=\"\" srcset=\"https:\/\/plantasdobrasil.com.br\/curso-de-dendrologia\/wp-content\/uploads\/2017\/06\/Cecropia-pachystachya-150x150.jpg 150w, https:\/\/plantasdobrasil.com.br\/curso-de-dendrologia\/wp-content\/uploads\/2017\/06\/Cecropia-pachystachya-300x300.jpg 300w, https:\/\/plantasdobrasil.com.br\/curso-de-dendrologia\/wp-content\/uploads\/2017\/06\/Cecropia-pachystachya-100x100.jpg 100w\" sizes=\"auto, (max-width: 150px) 100vw, 150px\" \/><\/a>\n\t\t\t<\/dt><\/dl><dl class='gallery-item'>\n\t\t\t<dt class='gallery-icon portrait'>\n\t\t\t\t<a href='https:\/\/plantasdobrasil.com.br\/curso-de-dendrologia\/terminologia-dendrologica\/casca\/caracteres-eventuais\/lenticelas\/genipa-americama\/'><img loading=\"lazy\" decoding=\"async\" width=\"150\" height=\"150\" src=\"https:\/\/plantasdobrasil.com.br\/curso-de-dendrologia\/wp-content\/uploads\/2017\/06\/Genipa-americama-150x150.jpg\" class=\"attachment-thumbnail size-thumbnail\" alt=\"\" srcset=\"https:\/\/plantasdobrasil.com.br\/curso-de-dendrologia\/wp-content\/uploads\/2017\/06\/Genipa-americama-150x150.jpg 150w, https:\/\/plantasdobrasil.com.br\/curso-de-dendrologia\/wp-content\/uploads\/2017\/06\/Genipa-americama-300x300.jpg 300w, https:\/\/plantasdobrasil.com.br\/curso-de-dendrologia\/wp-content\/uploads\/2017\/06\/Genipa-americama-100x100.jpg 100w\" sizes=\"auto, (max-width: 150px) 100vw, 150px\" \/><\/a>\n\t\t\t<\/dt><\/dl><dl class='gallery-item'>\n\t\t\t<dt class='gallery-icon portrait'>\n\t\t\t\t<a href='https:\/\/plantasdobrasil.com.br\/curso-de-dendrologia\/terminologia-dendrologica\/casca\/caracteres-eventuais\/lenticelas\/machaerium-hirtum-3\/'><img loading=\"lazy\" decoding=\"async\" width=\"150\" height=\"150\" src=\"https:\/\/plantasdobrasil.com.br\/curso-de-dendrologia\/wp-content\/uploads\/2017\/06\/Machaerium-hirtum-150x150.jpg\" class=\"attachment-thumbnail size-thumbnail\" alt=\"\" srcset=\"https:\/\/plantasdobrasil.com.br\/curso-de-dendrologia\/wp-content\/uploads\/2017\/06\/Machaerium-hirtum-150x150.jpg 150w, https:\/\/plantasdobrasil.com.br\/curso-de-dendrologia\/wp-content\/uploads\/2017\/06\/Machaerium-hirtum-300x300.jpg 300w, https:\/\/plantasdobrasil.com.br\/curso-de-dendrologia\/wp-content\/uploads\/2017\/06\/Machaerium-hirtum-100x100.jpg 100w\" sizes=\"auto, (max-width: 150px) 100vw, 150px\" \/><\/a>\n\t\t\t<\/dt><\/dl><dl class='gallery-item'>\n\t\t\t<dt class='gallery-icon portrait'>\n\t\t\t\t<a href='https:\/\/plantasdobrasil.com.br\/curso-de-dendrologia\/terminologia-dendrologica\/casca\/caracteres-eventuais\/lenticelas\/myrsine-coriacea-6\/'><img loading=\"lazy\" decoding=\"async\" width=\"150\" height=\"150\" src=\"https:\/\/plantasdobrasil.com.br\/curso-de-dendrologia\/wp-content\/uploads\/2017\/06\/Myrsine-coriacea-150x150.jpg\" class=\"attachment-thumbnail size-thumbnail\" alt=\"\" srcset=\"https:\/\/plantasdobrasil.com.br\/curso-de-dendrologia\/wp-content\/uploads\/2017\/06\/Myrsine-coriacea-150x150.jpg 150w, https:\/\/plantasdobrasil.com.br\/curso-de-dendrologia\/wp-content\/uploads\/2017\/06\/Myrsine-coriacea-300x300.jpg 300w, https:\/\/plantasdobrasil.com.br\/curso-de-dendrologia\/wp-content\/uploads\/2017\/06\/Myrsine-coriacea-100x100.jpg 100w\" sizes=\"auto, (max-width: 150px) 100vw, 150px\" \/><\/a>\n\t\t\t<\/dt><\/dl><br style=\"clear: both\" \/><dl class='gallery-item'>\n\t\t\t<dt class='gallery-icon portrait'>\n\t\t\t\t<a href='https:\/\/plantasdobrasil.com.br\/curso-de-dendrologia\/terminologia-dendrologica\/casca\/caracteres-eventuais\/lenticelas\/ocotea-puberula-2\/'><img loading=\"lazy\" decoding=\"async\" width=\"150\" height=\"150\" src=\"https:\/\/plantasdobrasil.com.br\/curso-de-dendrologia\/wp-content\/uploads\/2017\/06\/Ocotea-puberula-150x150.jpg\" class=\"attachment-thumbnail size-thumbnail\" alt=\"\" srcset=\"https:\/\/plantasdobrasil.com.br\/curso-de-dendrologia\/wp-content\/uploads\/2017\/06\/Ocotea-puberula-150x150.jpg 150w, https:\/\/plantasdobrasil.com.br\/curso-de-dendrologia\/wp-content\/uploads\/2017\/06\/Ocotea-puberula-300x300.jpg 300w, https:\/\/plantasdobrasil.com.br\/curso-de-dendrologia\/wp-content\/uploads\/2017\/06\/Ocotea-puberula-100x100.jpg 100w\" sizes=\"auto, (max-width: 150px) 100vw, 150px\" \/><\/a>\n\t\t\t<\/dt><\/dl><dl class='gallery-item'>\n\t\t\t<dt class='gallery-icon landscape'>\n\t\t\t\t<a href='https:\/\/plantasdobrasil.com.br\/curso-de-dendrologia\/terminologia-dendrologica\/casca\/caracteres-eventuais\/lenticelas\/solanum-pseudoquina-2\/'><img loading=\"lazy\" decoding=\"async\" width=\"150\" height=\"150\" src=\"https:\/\/plantasdobrasil.com.br\/curso-de-dendrologia\/wp-content\/uploads\/2017\/06\/Solanum-pseudoquina-150x150.jpg\" class=\"attachment-thumbnail size-thumbnail\" alt=\"\" srcset=\"https:\/\/plantasdobrasil.com.br\/curso-de-dendrologia\/wp-content\/uploads\/2017\/06\/Solanum-pseudoquina-150x150.jpg 150w, https:\/\/plantasdobrasil.com.br\/curso-de-dendrologia\/wp-content\/uploads\/2017\/06\/Solanum-pseudoquina-300x300.jpg 300w, https:\/\/plantasdobrasil.com.br\/curso-de-dendrologia\/wp-content\/uploads\/2017\/06\/Solanum-pseudoquina-100x100.jpg 100w\" sizes=\"auto, (max-width: 150px) 100vw, 150px\" \/><\/a>\n\t\t\t<\/dt><\/dl><dl class='gallery-item'>\n\t\t\t<dt class='gallery-icon portrait'>\n\t\t\t\t<a href='https:\/\/plantasdobrasil.com.br\/curso-de-dendrologia\/terminologia-dendrologica\/casca\/caracteres-eventuais\/lenticelas\/vasconcellea-quercifolia-5\/'><img loading=\"lazy\" decoding=\"async\" width=\"150\" height=\"150\" src=\"https:\/\/plantasdobrasil.com.br\/curso-de-dendrologia\/wp-content\/uploads\/2017\/06\/Vasconcellea-quercifolia-150x150.jpg\" class=\"attachment-thumbnail size-thumbnail\" alt=\"\" srcset=\"https:\/\/plantasdobrasil.com.br\/curso-de-dendrologia\/wp-content\/uploads\/2017\/06\/Vasconcellea-quercifolia-150x150.jpg 150w, https:\/\/plantasdobrasil.com.br\/curso-de-dendrologia\/wp-content\/uploads\/2017\/06\/Vasconcellea-quercifolia-300x300.jpg 300w, https:\/\/plantasdobrasil.com.br\/curso-de-dendrologia\/wp-content\/uploads\/2017\/06\/Vasconcellea-quercifolia-100x100.jpg 100w\" sizes=\"auto, (max-width: 150px) 100vw, 150px\" \/><\/a>\n\t\t\t<\/dt><\/dl>\n\t\t\t<br style='clear: both' \/>\n\t\t<\/div>\n\n<p>Exs: <em><a href=\"http:\/\/plantasdobrasil.com.br\/curso-de-dendrologia\/cecropia-pachystachya\/\">Cecropia pachystachya<\/a><\/em>, <a href=\"http:\/\/plantasdobrasil.com.br\/curso-de-dendrologia\/genipa-americana\/\"><em>Genipa americana<\/em><\/a>, <em><a href=\"http:\/\/plantasdobrasil.com.br\/curso-de-dendrologia\/machaerium-hirtum\/\">Machaerium hirtum<\/a><\/em>, <em><a href=\"http:\/\/plantasdobrasil.com.br\/curso-de-dendrologia\/myrsine-coriacea\/\">Myrsine coriacea<\/a><\/em>, <em><a href=\"http:\/\/plantasdobrasil.com.br\/curso-de-dendrologia\/ocotea-puberula\/\">Ocotea puberula<\/a><\/em>, <em><a href=\"http:\/\/plantasdobrasil.com.br\/curso-de-dendrologia\/solanum-pseudoquina\/\">Solanum pseudoquina<\/a><\/em>, <em><a href=\"http:\/\/plantasdobrasil.com.br\/curso-de-dendrologia\/vasconcellea-quercifolia\/\">Vasconcellea quercifolia<\/a><\/em><\/p>\n<p>&nbsp;<\/p>\n<h4>Em linhas transversais<\/h4>\n<div id='gallery-2' class='gallery galleryid-5915 gallery-columns-2 gallery-size-thumbnail'><dl class='gallery-item'>\n\t\t\t<dt class='gallery-icon portrait'>\n\t\t\t\t<a href='https:\/\/plantasdobrasil.com.br\/curso-de-dendrologia\/terminologia-dendrologica\/casca\/caracteres-eventuais\/lenticelas\/enterolobium-contortisiliquum-4\/'><img loading=\"lazy\" decoding=\"async\" width=\"150\" height=\"150\" src=\"https:\/\/plantasdobrasil.com.br\/curso-de-dendrologia\/wp-content\/uploads\/2017\/06\/Enterolobium-contortisiliquum-150x150.jpg\" class=\"attachment-thumbnail size-thumbnail\" alt=\"\" srcset=\"https:\/\/plantasdobrasil.com.br\/curso-de-dendrologia\/wp-content\/uploads\/2017\/06\/Enterolobium-contortisiliquum-150x150.jpg 150w, https:\/\/plantasdobrasil.com.br\/curso-de-dendrologia\/wp-content\/uploads\/2017\/06\/Enterolobium-contortisiliquum-300x300.jpg 300w, https:\/\/plantasdobrasil.com.br\/curso-de-dendrologia\/wp-content\/uploads\/2017\/06\/Enterolobium-contortisiliquum-100x100.jpg 100w\" sizes=\"auto, (max-width: 150px) 100vw, 150px\" \/><\/a>\n\t\t\t<\/dt><\/dl><dl class='gallery-item'>\n\t\t\t<dt class='gallery-icon portrait'>\n\t\t\t\t<a href='https:\/\/plantasdobrasil.com.br\/curso-de-dendrologia\/terminologia-dendrologica\/casca\/caracteres-eventuais\/lenticelas\/vernonanthura-divaricata-5\/'><img loading=\"lazy\" decoding=\"async\" width=\"150\" height=\"150\" src=\"https:\/\/plantasdobrasil.com.br\/curso-de-dendrologia\/wp-content\/uploads\/2017\/06\/Vernonanthura-divaricata-150x150.jpg\" class=\"attachment-thumbnail size-thumbnail\" alt=\"\" srcset=\"https:\/\/plantasdobrasil.com.br\/curso-de-dendrologia\/wp-content\/uploads\/2017\/06\/Vernonanthura-divaricata-150x150.jpg 150w, https:\/\/plantasdobrasil.com.br\/curso-de-dendrologia\/wp-content\/uploads\/2017\/06\/Vernonanthura-divaricata-300x300.jpg 300w, https:\/\/plantasdobrasil.com.br\/curso-de-dendrologia\/wp-content\/uploads\/2017\/06\/Vernonanthura-divaricata-100x100.jpg 100w\" sizes=\"auto, (max-width: 150px) 100vw, 150px\" \/><\/a>\n\t\t\t<\/dt><\/dl><br style=\"clear: both\" \/>\n\t\t<\/div>\n\n<p>Exs: <em><a href=\"http:\/\/plantasdobrasil.com.br\/curso-de-dendrologia\/enterolobium-contortisiliquum\/\">Enterolobium contortisiliquum<\/a><\/em> ,<em><a href=\"http:\/\/plantasdobrasil.com.br\/curso-de-dendrologia\/vernonanthura-divaricata\/\">Vernonanthura divaricata<\/a><\/em><\/p>\n<p>&nbsp;<\/p>\n<h4>Em linhas longitudinais<\/h4>\n<div id='gallery-3' class='gallery galleryid-5915 gallery-columns-4 gallery-size-thumbnail'><dl class='gallery-item'>\n\t\t\t<dt class='gallery-icon portrait'>\n\t\t\t\t<a href='https:\/\/plantasdobrasil.com.br\/curso-de-dendrologia\/terminologia-dendrologica\/casca\/caracteres-eventuais\/lenticelas\/balfourodendron-riedelianum-5\/'><img loading=\"lazy\" decoding=\"async\" width=\"150\" height=\"150\" src=\"https:\/\/plantasdobrasil.com.br\/curso-de-dendrologia\/wp-content\/uploads\/2017\/06\/Balfourodendron-riedelianum-1-150x150.jpg\" class=\"attachment-thumbnail size-thumbnail\" alt=\"\" srcset=\"https:\/\/plantasdobrasil.com.br\/curso-de-dendrologia\/wp-content\/uploads\/2017\/06\/Balfourodendron-riedelianum-1-150x150.jpg 150w, https:\/\/plantasdobrasil.com.br\/curso-de-dendrologia\/wp-content\/uploads\/2017\/06\/Balfourodendron-riedelianum-1-300x300.jpg 300w, https:\/\/plantasdobrasil.com.br\/curso-de-dendrologia\/wp-content\/uploads\/2017\/06\/Balfourodendron-riedelianum-1-100x100.jpg 100w\" sizes=\"auto, (max-width: 150px) 100vw, 150px\" \/><\/a>\n\t\t\t<\/dt><\/dl><dl class='gallery-item'>\n\t\t\t<dt class='gallery-icon portrait'>\n\t\t\t\t<a href='https:\/\/plantasdobrasil.com.br\/curso-de-dendrologia\/terminologia-dendrologica\/casca\/caracteres-eventuais\/lenticelas\/centrolobium-tomentosum-2\/'><img loading=\"lazy\" decoding=\"async\" width=\"150\" height=\"150\" src=\"https:\/\/plantasdobrasil.com.br\/curso-de-dendrologia\/wp-content\/uploads\/2017\/06\/Centrolobium-tomentosum-150x150.jpg\" class=\"attachment-thumbnail size-thumbnail\" alt=\"\" srcset=\"https:\/\/plantasdobrasil.com.br\/curso-de-dendrologia\/wp-content\/uploads\/2017\/06\/Centrolobium-tomentosum-150x150.jpg 150w, https:\/\/plantasdobrasil.com.br\/curso-de-dendrologia\/wp-content\/uploads\/2017\/06\/Centrolobium-tomentosum-300x300.jpg 300w, https:\/\/plantasdobrasil.com.br\/curso-de-dendrologia\/wp-content\/uploads\/2017\/06\/Centrolobium-tomentosum-100x100.jpg 100w\" sizes=\"auto, (max-width: 150px) 100vw, 150px\" \/><\/a>\n\t\t\t<\/dt><\/dl><dl class='gallery-item'>\n\t\t\t<dt class='gallery-icon portrait'>\n\t\t\t\t<a href='https:\/\/plantasdobrasil.com.br\/curso-de-dendrologia\/terminologia-dendrologica\/casca\/caracteres-eventuais\/lenticelas\/senna-spectabilis-var-excelsa-3\/'><img loading=\"lazy\" decoding=\"async\" width=\"150\" height=\"150\" src=\"https:\/\/plantasdobrasil.com.br\/curso-de-dendrologia\/wp-content\/uploads\/2017\/06\/Senna-spectabilis-var.-excelsa-1-150x150.jpg\" class=\"attachment-thumbnail size-thumbnail\" alt=\"\" srcset=\"https:\/\/plantasdobrasil.com.br\/curso-de-dendrologia\/wp-content\/uploads\/2017\/06\/Senna-spectabilis-var.-excelsa-1-150x150.jpg 150w, https:\/\/plantasdobrasil.com.br\/curso-de-dendrologia\/wp-content\/uploads\/2017\/06\/Senna-spectabilis-var.-excelsa-1-300x300.jpg 300w, https:\/\/plantasdobrasil.com.br\/curso-de-dendrologia\/wp-content\/uploads\/2017\/06\/Senna-spectabilis-var.-excelsa-1-100x100.jpg 100w\" sizes=\"auto, (max-width: 150px) 100vw, 150px\" \/><\/a>\n\t\t\t<\/dt><\/dl><dl class='gallery-item'>\n\t\t\t<dt class='gallery-icon portrait'>\n\t\t\t\t<a href='https:\/\/plantasdobrasil.com.br\/curso-de-dendrologia\/terminologia-dendrologica\/casca\/caracteres-eventuais\/lenticelas\/trema-micrantha-6\/'><img loading=\"lazy\" decoding=\"async\" width=\"150\" height=\"150\" src=\"https:\/\/plantasdobrasil.com.br\/curso-de-dendrologia\/wp-content\/uploads\/2017\/06\/Trema-micrantha-150x150.jpg\" class=\"attachment-thumbnail size-thumbnail\" alt=\"\" srcset=\"https:\/\/plantasdobrasil.com.br\/curso-de-dendrologia\/wp-content\/uploads\/2017\/06\/Trema-micrantha-150x150.jpg 150w, https:\/\/plantasdobrasil.com.br\/curso-de-dendrologia\/wp-content\/uploads\/2017\/06\/Trema-micrantha-300x300.jpg 300w, https:\/\/plantasdobrasil.com.br\/curso-de-dendrologia\/wp-content\/uploads\/2017\/06\/Trema-micrantha-100x100.jpg 100w\" sizes=\"auto, (max-width: 150px) 100vw, 150px\" \/><\/a>\n\t\t\t<\/dt><\/dl><br style=\"clear: both\" \/>\n\t\t<\/div>\n\n<p>Exs: <em><a href=\"http:\/\/plantasdobrasil.com.br\/curso-de-dendrologia\/balfourodendron-riedelianum\/\">Balfourodendron riedelianum<\/a><\/em> , <em><a href=\"http:\/\/plantasdobrasil.com.br\/curso-de-dendrologia\/centrolobium-tomentosum\/\"> Centrolobium tomentosum<\/a><\/em>, <em><a href=\"http:\/\/plantasdobrasil.com.br\/curso-de-dendrologia\/senna-spectabilis-var-excelsa\/\">Senna spectabilis var. excelsa<\/a><\/em>, <em><a href=\"http:\/\/plantasdobrasil.com.br\/curso-de-dendrologia\/trema-micrantha\/\">Trema micrantha<\/a><\/em><\/p>\n","protected":false},"excerpt":{"rendered":"<p>S\u00e3o pequenos pontos de ruptura no tecido na periderme dos eixos vegetais, com espa\u00e7os intercelulares atrav\u00e9s dos quais o ar circula entre a atmosfera e os tecidos subjacentes.<\/p>\n","protected":false},"author":1,"featured_media":0,"parent":279,"menu_order":69,"comment_status":"open","ping_status":"open","template":"","meta":{"content-type":"","_exactmetrics_skip_tracking":false,"_exactmetrics_sitenote_active":false,"_exactmetrics_sitenote_note":"","_exactmetrics_sitenote_category":0,"_joinchat":[],"footnotes":""},"class_list":["post-5915","page","type-page","status-publish","hentry"],"_links":{"self":[{"href":"https:\/\/plantasdobrasil.com.br\/curso-de-dendrologia\/wp-json\/wp\/v2\/pages\/5915","targetHints":{"allow":["GET"]}}],"collection":[{"href":"https:\/\/plantasdobrasil.com.br\/curso-de-dendrologia\/wp-json\/wp\/v2\/pages"}],"about":[{"href":"https:\/\/plantasdobrasil.com.br\/curso-de-dendrologia\/wp-json\/wp\/v2\/types\/page"}],"author":[{"embeddable":true,"href":"https:\/\/plantasdobrasil.com.br\/curso-de-dendrologia\/wp-json\/wp\/v2\/users\/1"}],"replies":[{"embeddable":true,"href":"https:\/\/plantasdobrasil.com.br\/curso-de-dendrologia\/wp-json\/wp\/v2\/comments?post=5915"}],"version-history":[{"count":12,"href":"https:\/\/plantasdobrasil.com.br\/curso-de-dendrologia\/wp-json\/wp\/v2\/pages\/5915\/revisions"}],"predecessor-version":[{"id":6419,"href":"https:\/\/plantasdobrasil.com.br\/curso-de-dendrologia\/wp-json\/wp\/v2\/pages\/5915\/revisions\/6419"}],"up":[{"embeddable":true,"href":"https:\/\/plantasdobrasil.com.br\/curso-de-dendrologia\/wp-json\/wp\/v2\/pages\/279"}],"wp:attachment":[{"href":"https:\/\/plantasdobrasil.com.br\/curso-de-dendrologia\/wp-json\/wp\/v2\/media?parent=5915"}],"curies":[{"name":"wp","href":"https:\/\/api.w.org\/{rel}","templated":true}]}}