{"id":6685,"date":"2018-01-11T20:43:46","date_gmt":"2018-01-11T20:43:46","guid":{"rendered":"http:\/\/plantasdobrasil.com.br\/curso-de-dendrologia\/?page_id=6685"},"modified":"2018-03-27T02:46:05","modified_gmt":"2018-03-27T02:46:05","slug":"chave-2-a-filotaxia-alterna-distica","status":"publish","type":"page","link":"https:\/\/plantasdobrasil.com.br\/curso-de-dendrologia\/chaves-dendrologicas\/chave-2-a-filotaxia-alterna-distica\/","title":{"rendered":"Chave 2.A &#8211; Filotaxia Alterna-d\u00edstica"},"content":{"rendered":"<p><!--more--><\/p>\n<table width=\"0\">\n<tbody>\n<tr>\n<td rowspan=\"2\" width=\"37\">1<\/td>\n<td width=\"302\">Planta com espinhos ou ac\u00faleos<\/td>\n<td width=\"296\"><strong>2<\/strong><\/td>\n<\/tr>\n<tr>\n<td width=\"302\">Planta inerme<\/td>\n<td width=\"296\">5<\/td>\n<\/tr>\n<tr>\n<td rowspan=\"2\" width=\"37\">2<\/td>\n<td width=\"302\">Planta lactescente<\/td>\n<td width=\"296\"><strong>Moraceae<\/strong> (<em>Maclura<\/em>)<\/td>\n<\/tr>\n<tr>\n<td width=\"302\">Planta sem lactesc\u00eancia<\/td>\n<td width=\"296\">3<\/td>\n<\/tr>\n<tr>\n<td rowspan=\"2\" width=\"37\">3<\/td>\n<td width=\"302\">Planta com espinhos ou ac\u00faleos ramificados<\/td>\n<td width=\"296\"><strong>Salicaceae<\/strong> (<em>Xylosma<\/em>)<\/td>\n<\/tr>\n<tr>\n<td width=\"302\">Planta com espinhos ou ac\u00faleos simples<\/td>\n<td width=\"296\">4<\/td>\n<\/tr>\n<tr>\n<td rowspan=\"2\" width=\"37\">4<\/td>\n<td width=\"302\">Nerva\u00e7\u00e3o triplin\u00e9rvia ou subtriplin\u00e9rvia<\/td>\n<td width=\"296\"><strong>Cannabaceae<\/strong> (<em>Celtis<\/em>)<\/p>\n<p><strong>Rhamnaceae<\/strong> (<em>Ziziphus<\/em>)<\/td>\n<\/tr>\n<tr>\n<td width=\"302\">Nerva\u00e7\u00e3o peniv\u00e9rvia<\/td>\n<td width=\"296\"><strong>Phytolaccaceae<\/strong> (<em>Seguieria<\/em>)<\/td>\n<\/tr>\n<tr>\n<td rowspan=\"2\" width=\"37\">5<\/td>\n<td width=\"302\">Planta lactescente<\/td>\n<td width=\"296\">17<\/td>\n<\/tr>\n<tr>\n<td width=\"302\">Planta sem lactesc\u00eancia<\/td>\n<td width=\"296\">6<\/td>\n<\/tr>\n<tr>\n<td rowspan=\"2\" width=\"37\">6<\/td>\n<td width=\"302\">Com gl\u00e2ndulas transl\u00facidas no limbo<\/td>\n<td width=\"296\">7<\/td>\n<\/tr>\n<tr>\n<td width=\"302\">Limbo sem esta caracter\u00edstica<\/td>\n<td width=\"296\">8<\/td>\n<\/tr>\n<tr>\n<td rowspan=\"2\" width=\"37\">7<\/td>\n<td width=\"302\">Ramos com embira<\/td>\n<td width=\"296\"><strong>Annonaceae<\/strong> (<em>Xylopia<\/em>)<\/td>\n<\/tr>\n<tr>\n<td width=\"302\">Ramos sem esta caracter\u00edstica<\/td>\n<td width=\"296\"><strong>Salicaceae<\/strong> (<em>Banara, Casearia, Prockia)<\/em><\/p>\n<p><strong>Rosaceae<\/strong> (<em>Prunus<\/em>)<\/td>\n<\/tr>\n<tr>\n<td rowspan=\"2\" width=\"37\">8<\/td>\n<td width=\"302\">Ramos com embira<\/td>\n<td width=\"296\"><strong>Annonaceae<\/strong> (<em>Anaxagorea, Annona, Duguetia<\/em>)<\/td>\n<\/tr>\n<tr>\n<td width=\"302\">Ramos sem esta caracter\u00edstica<\/td>\n<td width=\"296\">9<\/td>\n<\/tr>\n<tr>\n<td rowspan=\"2\" width=\"37\">9<\/td>\n<td width=\"302\">Nerva\u00e7\u00e3o triplin\u00e9rvia ou subtriplin\u00e9rvia<\/td>\n<td width=\"296\">10<\/td>\n<\/tr>\n<tr>\n<td width=\"302\">Outro tipo de nerva\u00e7\u00e3o<\/td>\n<td width=\"296\">12<\/td>\n<\/tr>\n<tr>\n<td rowspan=\"2\" width=\"37\">10<\/td>\n<td width=\"302\">Margem inteira<\/td>\n<td width=\"296\"><strong>Celastraceae<\/strong> (<em>Goupia<\/em>)<\/td>\n<\/tr>\n<tr>\n<td width=\"302\">Margem serreada<\/td>\n<td width=\"296\">11<\/td>\n<\/tr>\n<tr>\n<td rowspan=\"2\" width=\"37\">11<\/td>\n<td width=\"302\">Folha \u00e1spera<\/td>\n<td width=\"296\"><strong>Cannabaceae<\/strong> (<em>Trema<\/em>)<\/td>\n<\/tr>\n<tr>\n<td width=\"302\">Folha no m\u00e1ximo rugosa<\/td>\n<td width=\"296\"><strong>Malvaceae<\/strong> (<em>Apeiba, Guazuma, Luehea<\/em>)<\/p>\n<p><strong>Salicaceae<\/strong> (Banara)<\/td>\n<\/tr>\n<tr>\n<td rowspan=\"2\" width=\"37\">12<\/td>\n<td width=\"302\">Pec\u00edolo em forma de \u201chaltere\u201d<\/td>\n<td width=\"296\"><strong>Malvaceae<\/strong> (<em>Theobroma<\/em>)<\/td>\n<\/tr>\n<tr>\n<td width=\"302\">Pec\u00edolo sem esta caracter\u00edstica<\/td>\n<td width=\"296\">13<\/td>\n<\/tr>\n<tr>\n<td rowspan=\"2\" width=\"37\">13<\/td>\n<td width=\"302\">Presen\u00e7a de uma folha na base de cada bifurca\u00e7\u00e3o<\/td>\n<td width=\"296\"><strong>Boraginaceae<\/strong> (<em>Cordia<\/em>)<\/td>\n<\/tr>\n<tr>\n<td width=\"302\">Sem esta caracter\u00edstica<\/td>\n<td width=\"296\">14<\/td>\n<\/tr>\n<tr>\n<td rowspan=\"2\" width=\"37\">14<\/td>\n<td width=\"302\">N\u00f3 caulinar visivelmente engrossado<\/td>\n<td width=\"296\"><strong>Piperaceae<\/strong> (<em>Piper<\/em>)<\/td>\n<\/tr>\n<tr>\n<td width=\"302\">Sem esta caracter\u00edstica<\/td>\n<td width=\"296\">15<\/td>\n<\/tr>\n<tr>\n<td rowspan=\"2\" width=\"37\">15<\/td>\n<td width=\"302\">Margem inteira; duas gl\u00e2ndulas imersas na base do limbo<\/td>\n<td width=\"296\"><strong>Rosaceae<\/strong> (<em>Prunus<\/em>)<\/td>\n<\/tr>\n<tr>\n<td width=\"302\">Margem espinhosa; sem tais gl\u00e2ndulas<\/td>\n<td width=\"296\">16<\/td>\n<\/tr>\n<tr>\n<td rowspan=\"2\" width=\"37\">16<\/td>\n<td width=\"302\">Ramos achatados; sem est\u00edpulas<\/td>\n<td width=\"296\"><strong>Celatraceae<\/strong> (<em>Maytenus<\/em>)<\/td>\n<\/tr>\n<tr>\n<td width=\"302\">Ramos cil\u00edndricos; com est\u00edpulas<\/td>\n<td width=\"296\"><strong>Fabaceae<\/strong> (<em>Zollernia ilicifolia<\/em>)<\/td>\n<\/tr>\n<tr>\n<td rowspan=\"2\" width=\"37\">17<\/td>\n<td width=\"302\">L\u00e1tex avermelhado<\/td>\n<td width=\"296\"><strong>Myristicaceae<\/strong> (<em>Virola<\/em>)<\/td>\n<\/tr>\n<tr>\n<td width=\"302\">L\u00e1tex branco ou amarelado<\/td>\n<td width=\"296\">18<\/td>\n<\/tr>\n<tr>\n<td rowspan=\"2\" width=\"37\">18<\/td>\n<td width=\"302\">Margem inteira<\/td>\n<td width=\"296\">19<\/td>\n<\/tr>\n<tr>\n<td width=\"302\">Margem crenulada a serreada ou espinhosa<\/td>\n<td width=\"296\">20<\/td>\n<\/tr>\n<tr>\n<td rowspan=\"2\" width=\"37\">19<\/td>\n<td width=\"302\">Com est\u00edpula ou cicatriz<\/td>\n<td width=\"296\"><strong>Moraceae<\/strong> (<em>Brosimum, Pseudolmedia<\/em>)<\/td>\n<\/tr>\n<tr>\n<td width=\"302\">Sem est\u00edpula<\/td>\n<td width=\"296\"><strong>Sapotaceae<\/strong> (<em>Chrysophyllum, Micropholis<\/em>)<\/p>\n<p><strong>Olacaceae<\/strong><\/td>\n<\/tr>\n<tr>\n<td rowspan=\"2\" width=\"37\">20<\/td>\n<td width=\"302\">Margem crenulada a serreada<\/td>\n<td width=\"296\"><strong>Euphorbiaceae<\/strong> (<em>Actinostemon, Mabea, Maprounea, Sebastiania<\/em>)<\/td>\n<\/tr>\n<tr>\n<td width=\"302\">Margem espinhosa<\/td>\n<td width=\"296\"><strong>Moraceae<\/strong> (<em>Sorocea<\/em>)<\/td>\n<\/tr>\n<\/tbody>\n<\/table>\n","protected":false},"excerpt":{"rendered":"","protected":false},"author":2,"featured_media":0,"parent":348,"menu_order":21,"comment_status":"open","ping_status":"open","template":"","meta":{"content-type":"","_exactmetrics_skip_tracking":false,"_exactmetrics_sitenote_active":false,"_exactmetrics_sitenote_note":"","_exactmetrics_sitenote_category":0,"_joinchat":[],"footnotes":""},"class_list":["post-6685","page","type-page","status-publish","hentry"],"_links":{"self":[{"href":"https:\/\/plantasdobrasil.com.br\/curso-de-dendrologia\/wp-json\/wp\/v2\/pages\/6685","targetHints":{"allow":["GET"]}}],"collection":[{"href":"https:\/\/plantasdobrasil.com.br\/curso-de-dendrologia\/wp-json\/wp\/v2\/pages"}],"about":[{"href":"https:\/\/plantasdobrasil.com.br\/curso-de-dendrologia\/wp-json\/wp\/v2\/types\/page"}],"author":[{"embeddable":true,"href":"https:\/\/plantasdobrasil.com.br\/curso-de-dendrologia\/wp-json\/wp\/v2\/users\/2"}],"replies":[{"embeddable":true,"href":"https:\/\/plantasdobrasil.com.br\/curso-de-dendrologia\/wp-json\/wp\/v2\/comments?post=6685"}],"version-history":[{"count":7,"href":"https:\/\/plantasdobrasil.com.br\/curso-de-dendrologia\/wp-json\/wp\/v2\/pages\/6685\/revisions"}],"predecessor-version":[{"id":7576,"href":"https:\/\/plantasdobrasil.com.br\/curso-de-dendrologia\/wp-json\/wp\/v2\/pages\/6685\/revisions\/7576"}],"up":[{"embeddable":true,"href":"https:\/\/plantasdobrasil.com.br\/curso-de-dendrologia\/wp-json\/wp\/v2\/pages\/348"}],"wp:attachment":[{"href":"https:\/\/plantasdobrasil.com.br\/curso-de-dendrologia\/wp-json\/wp\/v2\/media?parent=6685"}],"curies":[{"name":"wp","href":"https:\/\/api.w.org\/{rel}","templated":true}]}}